{"id":62,"date":"2020-03-22T16:03:52","date_gmt":"2020-03-22T15:03:52","guid":{"rendered":"http:\/\/fujultimate.cz\/?page_id=62"},"modified":"2025-10-07T10:04:26","modified_gmt":"2025-10-07T08:04:26","slug":"nabor","status":"publish","type":"page","link":"https:\/\/fujultimate.cz\/en\/nabor\/","title":{"rendered":"Join us!"},"content":{"rendered":"<p>Ultimate frisbee is a game really for anyone, especially for everyone who wants to play sports with the team. Come see us. #hrajfrisbee <\/p>\n\n\n\n<p>do konce \u0159\u00edjna ka\u017ed\u00e9 <strong>pond\u011bl\u00ed 16:30 &#8211; 18:00 fotbalov\u00e9 h\u0159i\u0161t\u011b Pod Marj\u00e1nkou<\/strong><\/p>\n\n\n\n<iframe src=\"https:\/\/www.google.com\/maps\/embed?pb=!1m18!1m12!1m3!1d2560.036603918319!2d14.369211592913466!3d50.08560154015287!2m3!1f0!2f0!3f0!3m2!1i1024!2i768!4f13.1!3m3!1m2!1s0x470b950d74ce6f6f%3A0xb6873b45745c594c!2sSkupova%201440%2F7%2C%20169%2000%20Praha%206-B%C5%99evnov!5e0!3m2!1sen!2scz!4v1759824139894!5m2!1sen!2scz\" width=\"600\" height=\"450\" style=\"border:0;\" allowfullscreen=\"\" loading=\"lazy\" referrerpolicy=\"no-referrer-when-downgrade\"><\/iframe>\n\n\n\n<p>Vchod na h\u0159i\u0161t\u011b: <a href=\"https:\/\/maps.app.goo.gl\/UQuuUDDTfQXL5PrN6\">https:\/\/maps.app.goo.gl\/UQuuUDDTfQXL5PrN6<\/a><\/p>\n\n\n\n<figure class=\"wp-block-image size-full\"><img decoding=\"async\" src=\"http:\/\/fujultimate.cz\/wp-content\/uploads\/2025\/10\/Plakat-FUJ-hotovo.png\" alt=\"\" class=\"wp-image-2431\"\/><\/figure>\n\n\n\n<p> Tr\u00e9ninky jsou otev\u0159eny v\u0161em a jsou rozd\u011bleny pro juniory (od 12 do 18 let) a pro star\u0161\u00ed hr\u00e1\u010de. Kdy a kde aktu\u00e1ln\u011b tr\u00e9nujeme najde\u0161 <a href=\"https:\/\/fujultimate.cz\/en\/treninky\/\" data-type=\"page\" data-id=\"16\">here <\/a>. <\/p>\n\n\n\n<p>Jesli v\u00e1h\u00e1\u0161 zda je to sport pro tebe p\u0159ij\u010f si frisbee nez\u00e1vazn\u011b vyzkou\u0161et, prvn\u00ed 3 tr\u00e9ninky jsou v\u017edy <strong>zdarma<\/strong>.<\/p>\n\n\n\n<p>Pokud by ses cht\u011bl nejprve nahl\u00e1sit nebo se na cokoliv zeptat, napi\u0161 n\u00e1m na email, instagram nebo Facebook. <\/p>\n\n\n\n<p>What could you experience in the first year? In addition to training and team training camps, we go with beginners to beginner tournaments, fun tournaments and we will be happy to support you in participating in the national Training Camp (weekend training camp for beginners from all over the Czech Republic). Those more skilful also have the opportunity to play qualifiers for the Czech league or sign up for the junior national team of the Czech Republic.<\/p>\n\n\n\n\n\n<h2 class=\"wp-block-heading\">Video o pravidlech hry Ultimate frisbee, kde n\u00e1s m\u016f\u017eete vid\u011bt tr\u00e9novat<\/h2>\n\n\n\n<figure class=\"wp-block-embed is-type-video is-provider-youtube wp-block-embed-youtube wp-embed-aspect-16-9 wp-has-aspect-ratio\"><div class=\"wp-block-embed__wrapper\">\n<iframe loading=\"lazy\" title=\"Sport Ultimate FRISBEE - pravidla hry. Bez rozhod\u010d\u00edho \u2049\ufe0f | FYFT.cz\" width=\"525\" height=\"295\" src=\"https:\/\/www.youtube.com\/embed\/SRV4fe1Fagg?feature=oembed\" frameborder=\"0\" allow=\"accelerometer; autoplay; clipboard-write; encrypted-media; gyroscope; picture-in-picture; web-share\" referrerpolicy=\"strict-origin-when-cross-origin\" allowfullscreen><\/iframe>\n<\/div><\/figure>","protected":false},"excerpt":{"rendered":"<p>Ultimate frisbee je hra opravdu pro kohokoliv. Uplatn\u00ed se p\u0159i n\u011bm ka\u017ed\u00fd, kdo m\u00e1 chu\u0165 sportovat s t\u00fdmem. Proto si nelam hlavu, jestli to zkou\u0161et a #hrajfrisbee. P\u0159ij\u010f se za n\u00e1mi pod\u00edvat. do konce \u0159\u00edjna ka\u017ed\u00e9 pond\u011bl\u00ed 16:30 &#8211; 18:00 fotbalov\u00e9 h\u0159i\u0161t\u011b Pod Marj\u00e1nkou Vchod na h\u0159i\u0161t\u011b: https:\/\/maps.app.goo.gl\/UQuuUDDTfQXL5PrN6 Tr\u00e9ninky jsou otev\u0159eny v\u0161em a jsou rozd\u011bleny &hellip; <\/p>\n<p class=\"link-more\"><a href=\"https:\/\/fujultimate.cz\/en\/nabor\/\" class=\"more-link\">Continue reading<span class=\"screen-reader-text\"> &#8222;P\u0159idej se k n\u00e1m!&#8220;<\/span><\/a><\/p>","protected":false},"author":1,"featured_media":0,"parent":0,"menu_order":0,"comment_status":"closed","ping_status":"closed","template":"","meta":{"ngg_post_thumbnail":0,"footnotes":""},"class_list":["post-62","page","type-page","status-publish","hentry"],"_links":{"self":[{"href":"https:\/\/fujultimate.cz\/en\/wp-json\/wp\/v2\/pages\/62","targetHints":{"allow":["GET"]}}],"collection":[{"href":"https:\/\/fujultimate.cz\/en\/wp-json\/wp\/v2\/pages"}],"about":[{"href":"https:\/\/fujultimate.cz\/en\/wp-json\/wp\/v2\/types\/page"}],"author":[{"embeddable":true,"href":"https:\/\/fujultimate.cz\/en\/wp-json\/wp\/v2\/users\/1"}],"replies":[{"embeddable":true,"href":"https:\/\/fujultimate.cz\/en\/wp-json\/wp\/v2\/comments?post=62"}],"version-history":[{"count":40,"href":"https:\/\/fujultimate.cz\/en\/wp-json\/wp\/v2\/pages\/62\/revisions"}],"predecessor-version":[{"id":2439,"href":"https:\/\/fujultimate.cz\/en\/wp-json\/wp\/v2\/pages\/62\/revisions\/2439"}],"wp:attachment":[{"href":"https:\/\/fujultimate.cz\/en\/wp-json\/wp\/v2\/media?parent=62"}],"curies":[{"name":"wp","href":"https:\/\/api.w.org\/{rel}","templated":true}]}}