{"id":54,"date":"2020-03-22T16:02:11","date_gmt":"2020-03-22T15:02:11","guid":{"rendered":"http:\/\/fujultimate.cz\/?page_id=54"},"modified":"2023-09-24T00:14:28","modified_gmt":"2023-09-23T22:14:28","slug":"uspechy","status":"publish","type":"page","link":"https:\/\/fujultimate.cz\/en\/uspechy\/","title":{"rendered":"Achievements &amp; Results"},"content":{"rendered":"<h2 class=\"wp-block-heading\">2023<\/h2>\n\n\n\n<p><a rel=\"noreferrer noopener\" href=\"https:\/\/euf.ultimatecentral.com\" data-type=\"URL\" data-id=\"https:\/\/euf.ultimatecentral.com\" target=\"_blank\"><strong>1nd place Spring Invite \u2013 Padova (IT) \/ Open division<\/strong> (with players from 3SB team)<\/a><br><a rel=\"noreferrer noopener\" href=\"https:\/\/euf.ultimatecentral.com\" data-type=\"URL\" data-id=\"https:\/\/euf.ultimatecentral.com\" target=\"_blank\"><strong>1nd place  Spring Invite \u2013 Padova (IT) \/ Women division<\/strong> (with players from East Block)<\/a><br><a rel=\"noreferrer noopener\" href=\"https:\/\/euf.ultimatecentral.com\" data-type=\"URL\" data-id=\"https:\/\/euf.ultimatecentral.com\" target=\"_blank\"><strong>1. a 3. m\u00edsto Vienna Spring Break (AUT) \/ Open division<\/strong> (with players from 3SB team)<\/a><br><a href=\"https:\/\/euf.ultimatecentral.com\" data-type=\"URL\" data-id=\"https:\/\/euf.ultimatecentral.com\"><strong>1. m\u00edsto <strong>Vienna Spring Break (AUT)<\/strong> \/ Women division<\/strong> (with players from East Block)<\/a><br><a rel=\"noreferrer noopener\" href=\"http:\/\/www.frisbee.cz\/online-vysledky.html?tournament=287\" target=\"_blank\">2nd place Czech outdoor championship MIX<\/a><br><a rel=\"noreferrer noopener\" href=\"http:\/\/www.frisbee.cz\/online-vysledky.html?tournament=284\" target=\"_blank\">2nd place Czech indoor championship Open<\/a><br><a rel=\"noreferrer noopener\" href=\"http:\/\/www.frisbee.cz\/online-vysledky.html?tournament=284\" target=\"_blank\">3rd place Czech indoor championship Women<\/a><br><a href=\"http:\/\/www.frisbee.cz\/online-vysledky.html?tournament=293\" target=\"_blank\" rel=\"noreferrer noopener\">3st place Czech outdoor championship Women<\/a><\/p>\n\n\n\n<h2 class=\"wp-block-heading\">2022<\/h2>\n\n\n\n<p><a rel=\"noreferrer noopener\" href=\"https:\/\/euf.ultimatecentral.com\/e\/eucf-2022\/standings\" target=\"_blank\">9-10th place EUCF (Caorle, Italy) \/ Open division (with players from 3SB)<\/a><br><strong>2nd place Windmill 2023 (Open, with 3SB players)<\/strong><br><a rel=\"noreferrer noopener\" href=\"https:\/\/docs.google.com\/spreadsheets\/d\/15Xy8ki_w5IazqN7cd6qV8_bJHI_K5AUxBQ_zxakO_mc\/edit?usp=sharing\" target=\"_blank\">5th place Vienna Spring Break \u2013 Vienna (Open, with players from 3SB)<\/a><br><a rel=\"noreferrer noopener\" href=\"https:\/\/euf.ultimatecentral.com\/e\/elite-invite-2022\/standings\" target=\"_blank\"><strong>7th place Elite Invite \u2013 Bologna (Open)<\/strong><\/a> (Open)<br><a rel=\"noreferrer noopener\" href=\"https:\/\/live.ebucc.eu\/standings\" target=\"_blank\"><strong>15th place EBUCC \u2013 Portim\u00e3o (MIX)<\/strong><\/a><br><strong><a href=\"http:\/\/www.frisbee.cz\/online-vysledky.html?tournament=261\">1st place beach Czech outdoor championship MIX<\/a><\/strong><br><strong><a rel=\"noreferrer noopener\" href=\"http:\/\/www.frisbee.cz\/online-vysledky.html?tournament=265\" target=\"_blank\">3st place Czech outdoor championship Women<\/a><\/strong><br>4th place Czech outdoor championship MIX<br><a rel=\"noreferrer noopener\" href=\"http:\/\/www.frisbee.cz\/online-vysledky.html?tournament=253\" target=\"_blank\">3th place Czech indoor championship Open<\/a><br><a rel=\"noreferrer noopener\" href=\"http:\/\/www.frisbee.cz\/online-vysledky.html?tournament=254\" target=\"_blank\">2th place Czech indoor championship Women<\/a><br><a rel=\"noreferrer noopener\" href=\"http:\/\/www.frisbee.cz\/online-vysledky.html?tournament=245\" target=\"_blank\">3th place Czech indoor championship MIX<\/a><br><a rel=\"noreferrer noopener\" href=\"http:\/\/www.frisbee.cz\/online-vysledky.html?tournament=266\" target=\"_blank\">4th place Junior Czech outdoor championship Open<\/a><br><a rel=\"noreferrer noopener\" href=\"http:\/\/www.frisbee.cz\/online-vysledky.html?tournament=267\" target=\"_blank\">5th place Junior Czech outdoor championship Women<\/a><\/p>\n\n\n\n<h2 class=\"wp-block-heading\">2021<\/h2>\n\n\n\n<p><a rel=\"noreferrer noopener\" href=\"https:\/\/euf.ultimatecentral.com\/e\/xeucf-2021\/standings\" target=\"_blank\"><strong>5-6th place xEUCF (Brugge, Belgium) \/ Open division<\/strong> (with players from 3SB team)<\/a><br><strong><a rel=\"noreferrer noopener\" href=\"http:\/\/www.frisbee.cz\/online-vysledky.html?tournament=231\" target=\"_blank\">2nd place Czech outdoor championship Open<\/a><\/strong><br><strong><a rel=\"noreferrer noopener\" href=\"http:\/\/www.frisbee.cz\/online-vysledky.html?tournament=228\" data-type=\"URL\" data-id=\"http:\/\/www.frisbee.cz\/online-vysledky.html?tournament=228\" target=\"_blank\">2nd place Czech outdoor championship MIX<\/a><\/strong><br><a rel=\"noreferrer noopener\" href=\"http:\/\/www.frisbee.cz\/online-vysledky.html?tournament=231\" data-type=\"URL\" data-id=\"http:\/\/www.frisbee.cz\/online-vysledky.html?tournament=231\" target=\"_blank\">4th place Czech outdoor championship Women<\/a><br><strong><a rel=\"noreferrer noopener\" href=\"http:\/\/www.frisbee.cz\/online-vysledky.html?tournament=226\" data-type=\"URL\" data-id=\"http:\/\/www.frisbee.cz\/online-vysledky.html?tournament=226\" target=\"_blank\">3th Czech beach championship MIX<\/a><\/strong><br>2nd place Atrucup, Losin\u00e1<br><a rel=\"noreferrer noopener\" href=\"http:\/\/app2.topcat.zwr.waw.pl\/#\" target=\"_blank\">7th place TOP CAT, Pu\u0142tusk (PL) \u2013 MIX<\/a><\/p>\n\n\n\n<h2 class=\"wp-block-heading\">2020<\/h2>\n\n\n\n<ul class=\"wp-block-list\">\n<li><strong><a rel=\"noreferrer noopener\" href=\"http:\/\/www.frisbee.cz\/online-vysledky.html?tournament=219\" target=\"_blank\">1st place Czech outdoor championship Open<\/a><\/strong><\/li>\n\n\n\n<li><a href=\"http:\/\/app2.topcat.zwr.waw.pl\/#\" target=\"_blank\" rel=\"noreferrer noopener\"><strong>1st place TOP CAT, Pu\u0142tusk (PL) \u2013 MIX<\/strong><\/a><\/li>\n\n\n\n<li><a rel=\"noreferrer noopener\" href=\"http:\/\/www.frisbee.cz\/online-vysledky.html?tournament=216\" target=\"_blank\"><strong>1st place beach Czech outdoor championship MIX<\/strong><\/a><\/li>\n\n\n\n<li><strong><a rel=\"noreferrer noopener\" href=\"http:\/\/www.frisbee.cz\/online-vysledky.html?tournament=219\" target=\"_blank\">3st place Czech outdoor championship Women<\/a><\/strong><\/li>\n\n\n\n<li><a rel=\"noreferrer noopener\" aria-label=\" (otev\u0159e se na nov\u00e9 z\u00e1lo\u017ece)\" href=\"http:\/\/www.frisbee.cz\/online-vysledky.html?tournament=211\" target=\"_blank\">5th place Czech indoors open championship<\/a><\/li>\n\n\n\n<li><a rel=\"noreferrer noopener\" aria-label=\" (otev\u0159e se na nov\u00e9 z\u00e1lo\u017ece)\" href=\"http:\/\/www.frisbee.cz\/online-vysledky.html?tournament=211\" target=\"_blank\">7th place Czech indoors women championship<\/a><\/li>\n\n\n\n<li><a rel=\"noreferrer noopener\" aria-label=\" (otev\u0159e se na nov\u00e9 z\u00e1lo\u017ece)\" href=\"http:\/\/www.frisbee.cz\/online-vysledky.html?tournament=205\" target=\"_blank\">5th and 6th Czech indoors mixed championship<\/a><\/li>\n<\/ul>\n\n\n\n<h2 class=\"wp-block-heading\">2019 <\/h2>\n\n\n\n<ul class=\"wp-block-list\">\n<li><mark style=\"background-color:rgba(0, 0, 0, 0)\" class=\"has-inline-color has-very-dark-gray-color\"><strong><a rel=\"noreferrer noopener\" href=\"https:\/\/euf.ultimatecentral.com\/e\/eucf-2019\/standings\/stage\/132215\/division\/Men\" target=\"_blank\">6th place Czech indoors open championship<\/a><\/strong><\/mark><\/li>\n\n\n\n<li><mark style=\"background-color:rgba(0, 0, 0, 0)\" class=\"has-inline-color has-very-dark-gray-color\"><strong><a rel=\"noreferrer noopener\" href=\"https:\/\/euf.ultimatecentral.com\/e\/eucf-2019\/schedule\/division\/Women\/stage\/132219\" target=\"_blank\">11th place EUF Women<\/a><\/strong> <\/mark><\/li>\n\n\n\n<li><mark style=\"background-color:rgba(0, 0, 0, 0)\" class=\"has-inline-color has-very-dark-gray-color\"><a rel=\"noreferrer noopener\" aria-label=\" (opens in a new tab)\" href=\"http:\/\/www.frisbee.cz\/online-vysledky.html?tournament=197\" target=\"_blank\"><strong>2nd place Czech outdoor championship Women<\/strong><\/a><\/mark><\/li>\n\n\n\n<li><mark style=\"background-color:rgba(0, 0, 0, 0)\" class=\"has-inline-color has-very-dark-gray-color\"><strong><a rel=\"noreferrer noopener\" aria-label=\" (opens in a new tab)\" href=\"http:\/\/www.frisbee.cz\/online-vysledky.html?tournament=197\" target=\"_blank\">1st and 4th place Czech outdoor championship Open<\/a><\/strong><\/mark><\/li>\n\n\n\n<li><a rel=\"noreferrer noopener\" aria-label=\"8. m\u00edsto  Mistrovstv\u00ed \u010cesk\u00e9 republiky Mixed (opens in a new tab)\" href=\"http:\/\/www.frisbee.cz\/online-vysledky.html?tournament=191\" target=\"_blank\">8th place Czech outdoor championship MIX<\/a><\/li>\n\n\n\n<li><a rel=\"noreferrer noopener\" href=\"http:\/\/www.frisbee.cz\/online-vysledky.html?tournament=192\" target=\"_blank\">9th Junior Czech outdoor championship Open<\/a><\/li>\n\n\n\n<li><a rel=\"noreferrer noopener\" href=\"http:\/\/www.frisbee.cz\/online-vysledky.html?tournament=198\" target=\"_blank\">11th place Junior Czech indoor championship MIX<\/a><\/li>\n<\/ul>\n\n\n\n<h2 class=\"wp-block-heading\">2018<\/h2>\n\n\n\n<ul class=\"wp-block-list\">\n<li><mark style=\"background-color:rgba(0, 0, 0, 0)\" class=\"has-inline-color has-very-dark-gray-color\"><a rel=\"noreferrer noopener\" aria-label=\"9. m\u00edsto Fin\u00e1le evropsk\u00e9 ligy Open\u2028 (opens in a new tab)\" href=\"https:\/\/eucf2018.ultimatecentral.com\/e\/eucf-2018\" target=\"_blank\"><strong>9th place Final Europian league (EUCF) Open<\/strong><\/a><\/mark><\/li>\n\n\n\n<li><mark style=\"background-color:rgba(0, 0, 0, 0)\" class=\"has-inline-color has-very-dark-gray-color\"><a rel=\"noreferrer noopener\" aria-label=\"2 m\u00edsto  Mistrovstv\u00ed \u010cesk\u00e9 republiky Women (opens in a new tab)\" href=\"http:\/\/www.frisbee.cz\/online-vysledky.html?tournament=174\" target=\"_blank\">4th place Czech outdoor championship Women<\/a><\/mark><\/li>\n\n\n\n<li><mark style=\"background-color:rgba(0, 0, 0, 0)\" class=\"has-inline-color has-very-dark-gray-color\"><a rel=\"noreferrer noopener\" aria-label=\"6. m\u00edsto  Mistrovstv\u00ed \u010cesk\u00e9 republiky Open (opens in a new tab)\" href=\"http:\/\/www.frisbee.cz\/online-vysledky.html?tournament=174\" target=\"_blank\">6th place Czech outdoor championship Open<\/a><\/mark><\/li>\n\n\n\n<li><mark style=\"background-color:rgba(0, 0, 0, 0)\" class=\"has-inline-color has-very-dark-gray-color\"><strong>8th place Windmill windcup Open<\/strong><\/mark><\/li>\n\n\n\n<li><mark style=\"background-color:rgba(0, 0, 0, 0)\" class=\"has-inline-color has-very-dark-gray-color\"><a rel=\"noreferrer noopener\" aria-label=\"1. m\u00edsto  Hamburg Rumble Open (otev\u0159e se na nov\u00e9 z\u00e1lo\u017ece)\" href=\"https:\/\/ultimatecentral.com\/e\/hamburg-rumble-2018\" target=\"_blank\"><strong>1st place Hamburg Rumble Open<\/strong><\/a><\/mark><\/li>\n\n\n\n<li><strong><a rel=\"noreferrer noopener\" href=\"http:\/\/www.frisbee.cz\/online-vysledky.html?tournament=171\" target=\"_blank\">2nd place Junior Czech outdoor championship Open<\/a><\/strong><\/li>\n\n\n\n<li><a rel=\"noreferrer noopener\" href=\"http:\/\/www.frisbee.cz\/online-vysledky.html?tournament=171\" target=\"_blank\">7th place Junior Czech outdoor championship Women<\/a><\/li>\n\n\n\n<li><strong><a rel=\"noreferrer noopener\" href=\"http:\/\/www.frisbee.cz\/online-vysledky.html?tournament=177\" target=\"_blank\">3th place Junior Czech indoor championship MIX<\/a><\/strong><\/li>\n<\/ul>\n\n\n\n<h2 class=\"wp-block-heading\">2017<\/h2>\n\n\n\n<ul class=\"wp-block-list\">\n<li><a rel=\"noreferrer noopener\" aria-label=\"19. m\u00edsto Fin\u00e1le evropsk\u00e9 ligy Open (otev\u0159e se na nov\u00e9 z\u00e1lo\u017ece)\" href=\"https:\/\/eucf2017.ultimatecentral.com\/e\/eucf-2017\" target=\"_blank\">19th place Final Europian league (EUCF) Open<\/a><\/li>\n\n\n\n<li><strong><a rel=\"noreferrer noopener\" aria-label=\"2 m\u00edsto  Mistrovstv\u00ed \u010cesk\u00e9 republiky Women (otev\u0159e se na nov\u00e9 z\u00e1lo\u017ece)\" href=\"http:\/\/www.frisbee.cz\/online-vysledky.html?tournament=151\" target=\"_blank\">2nd place Czech outdoor championship Women<\/a><\/strong><\/li>\n\n\n\n<li><strong><a rel=\"noreferrer noopener\" aria-label=\"1. m\u00edsto  Mistrovstv\u00ed \u010cesk\u00e9 republiky Open (otev\u0159e se na nov\u00e9 z\u00e1lo\u017ece)\" href=\"http:\/\/www.frisbee.cz\/online-vysledky.html?tournament=151\" target=\"_blank\">1st place Czech outdoor championship Open<\/a><\/strong><\/li>\n\n\n\n<li><strong><a rel=\"noreferrer noopener\" aria-label=\"9. m\u00edsto  Windmill windcup Open (otev\u0159e se na nov\u00e9 z\u00e1lo\u017ece)\" href=\"http:\/\/www.frisbee.cz\/online-vysledky.html?tournament=174\" target=\"_blank\">9th place Windmill windcup Open<\/a><\/strong><\/li>\n\n\n\n<li><strong><a rel=\"noreferrer noopener\" aria-label=\"1. m\u00edsto  Hamburg Rumble Open  (otev\u0159e se na nov\u00e9 z\u00e1lo\u017ece)\" href=\"https:\/\/ultimatecentral.com\/e\/hamburg-rumble-2017\" target=\"_blank\">1st place Hamburg Rumble Open<\/a><\/strong><\/li>\n\n\n\n<li><strong><a rel=\"noreferrer noopener\" href=\"http:\/\/www.frisbee.cz\/online-vysledky.html?tournament=149\" target=\"_blank\">2nd place Junior Czech outdoor championship Open<\/a><\/strong><\/li>\n\n\n\n<li><strong><a rel=\"noreferrer noopener\" href=\"http:\/\/www.frisbee.cz\/online-vysledky.html?tournament=156\" target=\"_blank\">3th place Junior Czech indoor championship MIX<\/a><\/strong><\/li>\n<\/ul>\n\n\n\n<h2 class=\"wp-block-heading\">2016<\/h2>\n\n\n\n<ul class=\"wp-block-list\">\n<li>21th place Final Europian league (EUCF) Open<\/li>\n\n\n\n<li><a rel=\"noreferrer noopener\" aria-label=\"3. m\u00edsto  Mistrovstv\u00ed \u010cesk\u00e9 republiky Open  (otev\u0159e se na nov\u00e9 z\u00e1lo\u017ece)\" href=\"http:\/\/www.frisbee.cz\/online-vysledky.html?tournament=129\" target=\"_blank\"><strong>3th place Czech outdoor championship Open <\/strong><\/a><\/li>\n\n\n\n<li><a rel=\"noreferrer noopener\" aria-label=\"6. m\u00edsto  Mistrovstv\u00ed \u010cesk\u00e9 republiky Women (otev\u0159e se na nov\u00e9 z\u00e1lo\u017ece)\" href=\"http:\/\/www.frisbee.cz\/online-vysledky.html?tournament=129\" target=\"_blank\">6th place Czech outdoor championship Women<\/a> <\/li>\n\n\n\n<li><a rel=\"noreferrer noopener\" aria-label=\"6. m\u00edsto  Mistrovstv\u00ed \u010cesk\u00e9 republiky Mixed (otev\u0159e se na nov\u00e9 z\u00e1lo\u017ece)\" href=\"http:\/\/www.frisbee.cz\/online-vysledky.html?tournament=131\" target=\"_blank\">6th place Czech outdoor championship MIX<\/a><\/li>\n\n\n\n<li><strong><a rel=\"noreferrer noopener\" href=\"http:\/\/www.frisbee.cz\/online-vysledky.html?tournament=174\" target=\"_blank\">12th place Windmill windcup Open<\/a><\/strong><\/li>\n\n\n\n<li><a rel=\"noreferrer noopener\" href=\"http:\/\/www.frisbee.cz\/online-vysledky.html?tournament=134\" target=\"_blank\">4th place Junior Czech indoor championship MIX<\/a><\/li>\n<\/ul>\n\n\n\n<h2 class=\"wp-block-heading\">2015<\/h2>\n\n\n\n<ul class=\"wp-block-list\">\n<li><strong>9th place Final Europian league (EUCF) Open<\/strong><\/li>\n\n\n\n<li><a rel=\"noreferrer noopener\" aria-label=\"1. m\u00edsto  Mistrovstv\u00ed \u010cesk\u00e9 republiky Open  (otev\u0159e se na nov\u00e9 z\u00e1lo\u017ece)\" href=\"http:\/\/www.frisbee.cz\/online-vysledky.html?tournament=108\" target=\"_blank\"><strong>1st place Czech outdoor championship Open<\/strong><\/a><\/li>\n\n\n\n<li><a rel=\"noreferrer noopener\" aria-label=\"6. m\u00edsto  Mistrovstv\u00ed \u010cesk\u00e9 republiky Women  (otev\u0159e se na nov\u00e9 z\u00e1lo\u017ece)\" href=\"http:\/\/www.frisbee.cz\/online-vysledky.html?tournament=108\" target=\"_blank\">5th place Czech outdoor championship Women<\/a><\/li>\n\n\n\n<li><a rel=\"noreferrer noopener\" aria-label=\"2. m\u00edsto  Mistrovstv\u00ed \u010cesk\u00e9 republiky Mixed (otev\u0159e se na nov\u00e9 z\u00e1lo\u017ece)\" href=\"http:\/\/www.frisbee.cz\/online-vysledky.html?tournament=111\" target=\"_blank\"><strong>2nd place Czech outdoor championship MIX<\/strong><\/a><\/li>\n\n\n\n<li><strong>6th place Hamburg Rumble Open<\/strong><\/li>\n\n\n\n<li><strong><a rel=\"noreferrer noopener\" href=\"http:\/\/www.frisbee.cz\/online-vysledky.html?tournament=114\" target=\"_blank\">2nd place Czech Junior indoor championship MIX<\/a><\/strong><\/li>\n<\/ul>\n\n\n\n<h2 class=\"wp-block-heading\">2014<\/h2>\n\n\n\n<ul class=\"wp-block-list\">\n<li><a rel=\"noreferrer noopener\" aria-label=\"9. m\u00edsto Fin\u00e1le evropsk\u00e9 ligy Open (otev\u0159e se na nov\u00e9 z\u00e1lo\u017ece)\" href=\"http:\/\/results.ultimatefederation.eu\/?view=eventstatus&amp;Season=31360\" target=\"_blank\"><strong>9th place Final Europian league (EUCF) Open<\/strong><\/a><\/li>\n\n\n\n<li><a rel=\"noreferrer noopener\" aria-label=\"2. m\u00edsto  Mistrovstv\u00ed \u010cesk\u00e9 republiky Open (otev\u0159e se na nov\u00e9 z\u00e1lo\u017ece)\" href=\"http:\/\/www.frisbee.cz\/online-vysledky.html?tournament=78\" target=\"_blank\"><strong>2nd place Czech outdoor championship Open<\/strong><\/a><\/li>\n\n\n\n<li><a rel=\"noreferrer noopener\" aria-label=\" (otev\u0159e se na nov\u00e9 z\u00e1lo\u017ece)\" href=\"http:\/\/www.frisbee.cz\/online-vysledky.html?tournament=78\" target=\"_blank\">4th place Czech outdoor championship Women<\/a><\/li>\n\n\n\n<li><a rel=\"noreferrer noopener\" aria-label=\"2. m\u00edsto  Mistrovstv\u00ed \u010cesk\u00e9 republiky Mixed (otev\u0159e se na nov\u00e9 z\u00e1lo\u017ece)\" href=\"http:\/\/www.frisbee.cz\/online-vysledky.html?tournament=88\" target=\"_blank\"><strong>2nd place Czech outdoor championship MIX<\/strong><\/a><\/li>\n\n\n\n<li><strong>33th place Mixed Clubs World Cup<\/strong><\/li>\n\n\n\n<li><a href=\"http:\/\/www.frisbee.cz\/online-vysledky.html?tournament=57\" target=\"_blank\" rel=\"noreferrer noopener\"><strong>2nd place Junior Czech indoor championship MIX 2013\/2014<\/strong><\/a><\/li>\n\n\n\n<li><a href=\"http:\/\/www.frisbee.cz\/online-vysledky.html?tournament=93\" target=\"_blank\" rel=\"noreferrer noopener\">5th place Junior Czech indoor championship MIX 2014\/2015<\/a><\/li>\n<\/ul>\n\n\n\n<h2 class=\"wp-block-heading\"><\/h2>","protected":false},"excerpt":{"rendered":"<p>2023 1. m\u00edsto Spring Invite &#8211; Padova (IT) \/ Open division (spolu s 3SB)2. m\u00edsto Spring Invite &#8211; Padova (IT) \/ Women division (spolu s East Block)1. a 3. m\u00edsto Vienna Spring Break (AUT) \/ Open division (spolu s 3SB)1. m\u00edsto Vienna Spring Break (AUT) \/ Women division (spolu s East Block)2. m\u00edsto Mistrovstv\u00ed \u010cesk\u00e9 &hellip; <\/p>\n<p class=\"link-more\"><a href=\"https:\/\/fujultimate.cz\/en\/uspechy\/\" class=\"more-link\">Continue reading<span class=\"screen-reader-text\"> &#8222;\u00dasp\u011bchy a v\u00fdsledky&#8220;<\/span><\/a><\/p>","protected":false},"author":1,"featured_media":0,"parent":0,"menu_order":0,"comment_status":"closed","ping_status":"closed","template":"","meta":{"ngg_post_thumbnail":0,"footnotes":""},"class_list":["post-54","page","type-page","status-publish","hentry"],"_links":{"self":[{"href":"https:\/\/fujultimate.cz\/en\/wp-json\/wp\/v2\/pages\/54","targetHints":{"allow":["GET"]}}],"collection":[{"href":"https:\/\/fujultimate.cz\/en\/wp-json\/wp\/v2\/pages"}],"about":[{"href":"https:\/\/fujultimate.cz\/en\/wp-json\/wp\/v2\/types\/page"}],"author":[{"embeddable":true,"href":"https:\/\/fujultimate.cz\/en\/wp-json\/wp\/v2\/users\/1"}],"replies":[{"embeddable":true,"href":"https:\/\/fujultimate.cz\/en\/wp-json\/wp\/v2\/comments?post=54"}],"version-history":[{"count":85,"href":"https:\/\/fujultimate.cz\/en\/wp-json\/wp\/v2\/pages\/54\/revisions"}],"predecessor-version":[{"id":2417,"href":"https:\/\/fujultimate.cz\/en\/wp-json\/wp\/v2\/pages\/54\/revisions\/2417"}],"wp:attachment":[{"href":"https:\/\/fujultimate.cz\/en\/wp-json\/wp\/v2\/media?parent=54"}],"curies":[{"name":"wp","href":"https:\/\/api.w.org\/{rel}","templated":true}]}}