{"id":5,"date":"2020-03-21T21:07:53","date_gmt":"2020-03-21T20:07:53","guid":{"rendered":"http:\/\/fujultimate.cz\/?page_id=5"},"modified":"2023-05-19T22:49:40","modified_gmt":"2023-05-19T20:49:40","slug":"flying-ultimate-junta","status":"publish","type":"page","link":"https:\/\/fujultimate.cz\/en\/","title":{"rendered":"Welcome to web of ultimate frisbee team F.U.J !"},"content":{"rendered":"<p>We are mixed ultimate frisbee team from Prague.<\/p>\n\n\n\n<p><strong>Do you want to join us ?<\/strong><\/p>\n\n\n\n<p>Great, we are happy to see you in training.\nSee section <a href=\"https:\/\/fujultimate.cz\/en\/nabor\/\">Recruitment<\/a>, <a href=\"https:\/\/fujultimate.cz\/en\/treninky\/\">When &amp; Where<\/a>, contact us through <a href=\"mailto: nabor@fujultimate.cz\" data-type=\"mailto\" data-id=\"mailto: nabor@fujultimate.cz\">e-mail<\/a> or <a rel=\"noreferrer noopener\" aria-label=\"facebooku (otev\u0159e se na nov\u00e9 z\u00e1lo\u017ece)\" href=\"https:\/\/www.facebook.com\/FUJprague\" target=\"_blank\">Facebook<\/a> and come to the next training!<\/p>\n\n\n\n<p>Do not hesitate and <a rel=\"noreferrer noopener\" href=\"https:\/\/hrajfrisbee.cz\/\" target=\"_blank\">#hrajfrisbee<\/a> !<\/p>\n\n\n<div class=\"wp-block-image\">\n<figure class=\"aligncenter size-large\"><img loading=\"lazy\" decoding=\"async\" width=\"724\" height=\"1024\" src=\"http:\/\/fujultimate.cz\/wp-content\/uploads\/2023\/04\/final-OUTDOOR-1-724x1024.png\" alt=\"\" class=\"wp-image-2281\" srcset=\"https:\/\/fujultimate.cz\/wp-content\/uploads\/2023\/04\/final-OUTDOOR-1-724x1024.png 724w, https:\/\/fujultimate.cz\/wp-content\/uploads\/2023\/04\/final-OUTDOOR-1-212x300.png 212w, https:\/\/fujultimate.cz\/wp-content\/uploads\/2023\/04\/final-OUTDOOR-1-768x1086.png 768w, https:\/\/fujultimate.cz\/wp-content\/uploads\/2023\/04\/final-OUTDOOR-1-1086x1536.png 1086w, https:\/\/fujultimate.cz\/wp-content\/uploads\/2023\/04\/final-OUTDOOR-1-1448x2048.png 1448w, https:\/\/fujultimate.cz\/wp-content\/uploads\/2023\/04\/final-OUTDOOR-1-8x12.png 8w, https:\/\/fujultimate.cz\/wp-content\/uploads\/2023\/04\/final-OUTDOOR-1-91x128.png 91w, https:\/\/fujultimate.cz\/wp-content\/uploads\/2023\/04\/final-OUTDOOR-1-23x32.png 23w\" sizes=\"auto, (max-width: 724px) 100vw, 724px\" \/><figcaption class=\"wp-element-caption\">N\u00e1bor 2023<\/figcaption><\/figure>\n<\/div>\n\n\n<p><\/p>","protected":false},"excerpt":{"rendered":"<p>Jsme pra\u017esk\u00fd sm\u00ed\u0161en\u00fd t\u00fdm hraj\u00edc\u00ed Ultimate frisbee. Chce\u0161 se k n\u00e1m p\u0159idat? Super n\u00e1pad, r\u00e1di t\u011b p\u0159iv\u00edt\u00e1me na tr\u00e9ninku. Koukni do sekce N\u00e1bor, Kdy &amp; Kde, napi\u0161 n\u00e1m na konktaktn\u00ed e-mail nebo na Facebook a stav se na nejbli\u017e\u0161\u00ed tr\u00e9nink! Nev\u00e1hej a #hrajfrisbee !<\/p>","protected":false},"author":1,"featured_media":0,"parent":0,"menu_order":0,"comment_status":"closed","ping_status":"closed","template":"","meta":{"ngg_post_thumbnail":0,"footnotes":""},"class_list":["post-5","page","type-page","status-publish","hentry"],"_links":{"self":[{"href":"https:\/\/fujultimate.cz\/en\/wp-json\/wp\/v2\/pages\/5","targetHints":{"allow":["GET"]}}],"collection":[{"href":"https:\/\/fujultimate.cz\/en\/wp-json\/wp\/v2\/pages"}],"about":[{"href":"https:\/\/fujultimate.cz\/en\/wp-json\/wp\/v2\/types\/page"}],"author":[{"embeddable":true,"href":"https:\/\/fujultimate.cz\/en\/wp-json\/wp\/v2\/users\/1"}],"replies":[{"embeddable":true,"href":"https:\/\/fujultimate.cz\/en\/wp-json\/wp\/v2\/comments?post=5"}],"version-history":[{"count":35,"href":"https:\/\/fujultimate.cz\/en\/wp-json\/wp\/v2\/pages\/5\/revisions"}],"predecessor-version":[{"id":2342,"href":"https:\/\/fujultimate.cz\/en\/wp-json\/wp\/v2\/pages\/5\/revisions\/2342"}],"wp:attachment":[{"href":"https:\/\/fujultimate.cz\/en\/wp-json\/wp\/v2\/media?parent=5"}],"curies":[{"name":"wp","href":"https:\/\/api.w.org\/{rel}","templated":true}]}}