{"id":296,"date":"2020-04-01T20:31:15","date_gmt":"2020-04-01T18:31:15","guid":{"rendered":"http:\/\/fujultimate.cz\/?page_id=296"},"modified":"2022-01-04T18:52:16","modified_gmt":"2022-01-04T17:52:16","slug":"fujband","status":"publish","type":"page","link":"https:\/\/fujultimate.cz\/en\/fujband\/","title":{"rendered":"Fujband"},"content":{"rendered":"<p>Fujband je zaj\u00edmav\u00fd pojem a nen\u00ed snadn\u00e9 \u0159\u00edci, co se pod n\u00edm re\u00e1ln\u011b skr\u00fdv\u00e1. <\/p>\n\n\n\n<p> Ve FUJ\u00edch bylo v\u017edy, n\u00e1hoda tomu cht\u011bla, mnoho lid\u00ed, kte\u0159\u00ed m\u011bli kladn\u00fd a aktivn\u00ed vztah k&nbsp;muzice. A najednou tu byla velk\u00e1 banda, kter\u00e1 obsadila t\u0159eba hospodu a rozjela tam pom\u011brn\u011b t\u0159eskut\u00fd hudebn\u00ed ve\u010d\u00edrek. 25 lid\u00ed, sportovc\u016f, n\u011bjak\u00e9ho podivn\u00e9ho sportu (frisbee), kde v\u011bt\u0161ina lid\u00ed hr\u00e1la na hudebn\u00ed n\u00e1stroj, a v\u0161ichni zp\u00edvali. Stalo se to tak:<\/p>\n\n\n\n<p>Jed-no-ho let-n\u00ed-ho ve-\u010der-a na-n\u00e1v-si pod-sta-rou l\u00ed-pou, se\u0161li se v&nbsp;\u0160ardic\u00edch Nathan Heilmann s Pru\u0161\u00e1kem&nbsp;Vojtou. Bylo to roku 2013. Kluci se takhle bav\u00ed o hudb\u011b, \u017ee j\u00ed maj\u00ed oba r\u00e1di, Vojta \u017ee hraje na klav\u00edr, Nathan \u017ee v&nbsp;America hr\u00e1val na trubku a \u017ee v&nbsp;\u010cech\u00e1ch ve \u0161kole m\u00e1 hj\u016fd\u017e tuba. A Vojta, \u017ee pr\u00fd klav\u00edr je ne\u0161ikovn\u00fd v&nbsp;tom, \u017ee si ho nem\u016f\u017ee nikam vz\u00edt a hr\u00e1t tam. A Nathan \u017ee jeho father-in-law m\u00e1 accordion, \u017ee si ho m\u016f\u017ee p\u016fj\u010dit. Vojtovi zasv\u00edt\u00ed o\u010di p\u0159i p\u0159edstav\u011b, \u017ee bude n\u011bkde hr\u00e1t. A \u017ee teda jo, \u017ee by si ho r\u00e1d vyzkou\u0161el. Kluci spolu za\u010dali cvi\u010dit. Nau\u010dili se b\u011bhem p\u00e1r m\u011bs\u00edc\u016f t\u0159eba 30 p\u0159ev\u00e1\u017en\u011b \u010desk\u00fdch p\u00edsni\u010dek a \u010d\u00edm d\u00e1l v\u00edc hr\u00e1vali s&nbsp;p\u0159\u00e1teli a brali n\u00e1stroje i na turnaje a t\u00fdmov\u00e9 akce. No a velk\u00e1 akce se t\u0159eba ud\u00e1la rok pot\u00e9, v&nbsp;Klubu \u00dajezd. Je to na <a rel=\"noreferrer noopener\" aria-label=\"Youtube (otev\u0159e se na nov\u00e9 z\u00e1lo\u017ece)\" href=\"https:\/\/www.youtube.com\/watch?v=TBlTQ6Qp2Ws\" target=\"_blank\">Youtube<\/a>. <\/p>\n\n\n\n<p> Podobn\u00fdch akc\u00ed byla spousta. Jedna z&nbsp;prvn\u00edch musela b\u00fdt &#8222;\u010cesk\u00e9 Kimle&#8220;, kde hr\u00e1li v\u0161ichni FUJ\u00e1ci (St\u0159\u00edzla, HaniPevni, Hroch, Elf, Ivop a dal\u0161\u00ed). Nad\u0161en\u00ed muzikanti jsou t\u00e9\u017e Vojta Palou\u0161, Krej\u010da, M\u00e1ra, Maky, Hru\u0161ka, Gymli \u2026 no prost\u011b fakt v\u0161ichni.<\/p>\n\n\n\n<p> \u010casto hr\u00e1v\u00e1me na ulic\u00edch. A velice n\u00e1s stmeluje to, \u017ee M\u00e1ja s Lelkem, te\u010f u\u017e neaktivn\u00ed FUJ\u00e1ci, vytvo\u0159ili online<strong> <a href=\"https:\/\/zpevnik.fujultimate.cz\" target=\"_blank\" rel=\"noreferrer noopener\">zp\u011bvn\u00edk<\/a><\/strong>.<\/p>\n\n\n\n<figure class=\"wp-block-gallery columns-1 is-cropped wp-block-gallery-1 is-layout-flex wp-block-gallery-is-layout-flex\"><ul class=\"blocks-gallery-grid\"><li class=\"blocks-gallery-item\"><figure><img loading=\"lazy\" decoding=\"async\" width=\"1024\" height=\"683\" src=\"http:\/\/fujultimate.cz\/wp-content\/uploads\/2020\/04\/FUJband.jpg\" alt=\"\" data-id=\"318\" data-full-url=\"http:\/\/fujultimate.cz\/wp-content\/uploads\/2020\/04\/FUJband.jpg\" data-link=\"http:\/\/fujultimate.cz\/fujband\/fujband-2\/\" class=\"wp-image-318\" srcset=\"https:\/\/fujultimate.cz\/wp-content\/uploads\/2020\/04\/FUJband.jpg 1024w, https:\/\/fujultimate.cz\/wp-content\/uploads\/2020\/04\/FUJband-300x200.jpg 300w, https:\/\/fujultimate.cz\/wp-content\/uploads\/2020\/04\/FUJband-768x512.jpg 768w, https:\/\/fujultimate.cz\/wp-content\/uploads\/2020\/04\/FUJband-128x85.jpg 128w, https:\/\/fujultimate.cz\/wp-content\/uploads\/2020\/04\/FUJband-32x21.jpg 32w\" sizes=\"auto, (max-width: 706px) 89vw, (max-width: 767px) 82vw, 740px\" \/><\/figure><\/li><\/ul><\/figure>\n\n\n\n<figure class=\"wp-block-embed is-type-rich is-provider-spotify wp-block-embed-spotify wp-embed-aspect-21-9 wp-has-aspect-ratio\"><div class=\"wp-block-embed__wrapper\">\n<iframe title=\"Spotify Embed: FUJBAND\" style=\"border-radius: 12px\" width=\"100%\" height=\"352\" frameborder=\"0\" allowfullscreen allow=\"autoplay; clipboard-write; encrypted-media; fullscreen; picture-in-picture\" loading=\"lazy\" src=\"https:\/\/open.spotify.com\/embed\/playlist\/1fDhUlylT3Y4AkKNruzTgg?si=3f0a04d92545428c&#038;utm_source=oembed\"><\/iframe>\n<\/div><figcaption>Spotify playlist FUJBAND<\/figcaption><\/figure>\n\n\n\n<figure class=\"wp-block-embed is-type-rich is-provider-spotify wp-block-embed-spotify wp-embed-aspect-21-9 wp-has-aspect-ratio\"><div class=\"wp-block-embed__wrapper\">\n<iframe title=\"Spotify Embed: Posledn\u00ed &amp; P\u00e1d\u00edme\" style=\"border-radius: 12px\" width=\"100%\" height=\"352\" frameborder=\"0\" allowfullscreen allow=\"autoplay; clipboard-write; encrypted-media; fullscreen; picture-in-picture\" loading=\"lazy\" src=\"https:\/\/open.spotify.com\/embed\/artist\/4Ogjc62nqp7UHwvYMU3Ia8?si=W6d8o4ImRp6PdyRYCL-iag&#038;utm_source=oembed\"><\/iframe>\n<\/div><figcaption>Spotify playlist Posledn\u00ed&amp;P\u00e1d\u00edme<\/figcaption><\/figure>","protected":false},"excerpt":{"rendered":"<p>Fujband je zaj\u00edmav\u00fd pojem a nen\u00ed snadn\u00e9 \u0159\u00edci, co se pod n\u00edm re\u00e1ln\u011b skr\u00fdv\u00e1. Ve FUJ\u00edch bylo v\u017edy, n\u00e1hoda tomu cht\u011bla, mnoho lid\u00ed, kte\u0159\u00ed m\u011bli kladn\u00fd a aktivn\u00ed vztah k&nbsp;muzice. A najednou tu byla velk\u00e1 banda, kter\u00e1 obsadila t\u0159eba hospodu a rozjela tam pom\u011brn\u011b t\u0159eskut\u00fd hudebn\u00ed ve\u010d\u00edrek. 25 lid\u00ed, sportovc\u016f, n\u011bjak\u00e9ho podivn\u00e9ho sportu (frisbee), kde &hellip; <\/p>\n<p class=\"link-more\"><a href=\"https:\/\/fujultimate.cz\/en\/fujband\/\" class=\"more-link\">Continue reading<span class=\"screen-reader-text\"> &#8222;Fujband&#8220;<\/span><\/a><\/p>","protected":false},"author":1,"featured_media":0,"parent":0,"menu_order":0,"comment_status":"closed","ping_status":"closed","template":"","meta":{"ngg_post_thumbnail":0,"footnotes":""},"class_list":["post-296","page","type-page","status-publish","hentry"],"_links":{"self":[{"href":"https:\/\/fujultimate.cz\/en\/wp-json\/wp\/v2\/pages\/296","targetHints":{"allow":["GET"]}}],"collection":[{"href":"https:\/\/fujultimate.cz\/en\/wp-json\/wp\/v2\/pages"}],"about":[{"href":"https:\/\/fujultimate.cz\/en\/wp-json\/wp\/v2\/types\/page"}],"author":[{"embeddable":true,"href":"https:\/\/fujultimate.cz\/en\/wp-json\/wp\/v2\/users\/1"}],"replies":[{"embeddable":true,"href":"https:\/\/fujultimate.cz\/en\/wp-json\/wp\/v2\/comments?post=296"}],"version-history":[{"count":10,"href":"https:\/\/fujultimate.cz\/en\/wp-json\/wp\/v2\/pages\/296\/revisions"}],"predecessor-version":[{"id":1920,"href":"https:\/\/fujultimate.cz\/en\/wp-json\/wp\/v2\/pages\/296\/revisions\/1920"}],"wp:attachment":[{"href":"https:\/\/fujultimate.cz\/en\/wp-json\/wp\/v2\/media?parent=296"}],"curies":[{"name":"wp","href":"https:\/\/api.w.org\/{rel}","templated":true}]}}