{"id":24,"date":"2020-03-22T15:32:27","date_gmt":"2020-03-22T14:32:27","guid":{"rendered":"http:\/\/fujultimate.cz\/?page_id=24"},"modified":"2020-04-24T22:56:51","modified_gmt":"2020-04-24T20:56:51","slug":"historie","status":"publish","type":"page","link":"https:\/\/fujultimate.cz\/en\/flying-ultimate-junta\/historie\/","title":{"rendered":"History"},"content":{"rendered":"<p>The FUJ team is one of the oldest teams in the Czech Republic. In the 1990s the team was not formed yet, but its future members were meeting at various places at various practices.\u00a0<strong>1999<\/strong>\u00a0That resulted in 1999 in the foundation of the FUJ. It is remarkable that at that time the team consisted mostly of Americans (David Brauchli, Jeff Leamer, Joe Veeser, Steve Hildebrand) who lived in Prague. <\/p>\n\n\n\n<p>Kolem roku\u00a0<strong>2000<\/strong>\u00a0In 2000, this bunch of Americans were joined by a bunch of scouts from Dejvice. Their practices were taking place at Letn\u00e1, nowadays, there is the entrance of Blanka tunnel. The scouts have been learning from the Americans and stayed with the team for many years, some of whom until now. The Americans were very supportive and sparked love for frisbee in the young scouts. At that time, the FUJ often had A and B team, which hardly any team in the CZ had. It was normal that women would play the open division those days. As the time went on, older players were quitting the team and new players were joining.\u00a0<strong>2003-2006<\/strong>\u00a0Around 2003-2006 excellent players such as Bob and Chriss were on the team so the FUJ won the Czech championship and played top European level as well.\u00a0 <\/p>\n\n\n\n<p>At the same time, young players kept growing. They were couched by Nathan Heilman, later by Vojt\u011bch Pru\u0161\u00e1k and Vojt\u011bch Palou\u0161 and Pavel Bl\u00e1ha. These guys couched the team for next 10 years. As most of the older players had quit, several recruiting events were undertaken. Most newcomers were from scouts and high schools.\u00a0<strong>2006-2014<\/strong>\u00a0In the years 2006-2014 Czech frisbee scene was dominated by Prague Devils, a rival of the FUJ. It was a great success when the FUJ beat the Devils in the semis in 2014. However, did not win the finals. In 2015, though, after 10 years, the FUJ won the Czech championship. It was under the name Figurky Slon\u016f, which was a team from \u0158\u00ed\u010dany that the FUJ have merged with.<\/p>\n\n\n\n<p>\u00a0Around 2015 there were lots of experienced players and so the team started to play European level. The best players from other Czech clubs were playing with the FUJ, teams such as Peaceegg or Chupacabras. In 2017 the FUJ won again the Czech Championship. Some of the experienced players quit the team though which lead to poor results on Czech tournaments. In 2018, for the European league, the FUJ were joined by 3SB, a team from Czech Budweis. As it turned out, a strong team was formed by this merge. They took 6th place on the European finals in 2019 which was, by that time, the best result in the men category for any Czech club.\u00a0<strong>2019<\/strong>\u00a0After 2019 the FUJ was joined by Yellow fewer, another Czech team with rich history.<\/p>","protected":false},"excerpt":{"rendered":"<p>T\u00fdm F.U.J. (Flying Ultimate Junta) je jeden z\u00a0nejstar\u0161\u00edch t\u00fdm\u016f v\u00a0\u010cR. Od po\u010d\u00e1tku devades\u00e1t\u00fdch let, kdy frisbee v\u016fbec do \u010cR p\u0159i\u0161lo, se sch\u00e1zeli lid\u00e9 na r\u016fzn\u00fdch tr\u00e9nink\u00e1ch a v\u00a0roce\u00a01999\u00a0to vy\u00fastilo v\u00a0zalo\u017een\u00ed t\u00fdmu FUJ. Pozoruhodn\u00e9 je, \u017ee z\u00e1kladnu t\u00fdmu tvo\u0159ili Ameri\u010dan\u00e9, kte\u0159\u00ed se do Prahy p\u0159ist\u011bhovali a pracovali tu. Mezi nimi David Brauchli, Jeff Leamer, Joe Veeser. &hellip; <\/p>\n<p class=\"link-more\"><a href=\"https:\/\/fujultimate.cz\/en\/flying-ultimate-junta\/historie\/\" class=\"more-link\">Continue reading<span class=\"screen-reader-text\"> &#8222;Historie&#8220;<\/span><\/a><\/p>","protected":false},"author":1,"featured_media":0,"parent":5,"menu_order":0,"comment_status":"closed","ping_status":"closed","template":"","meta":{"ngg_post_thumbnail":0,"footnotes":""},"class_list":["post-24","page","type-page","status-publish","hentry"],"_links":{"self":[{"href":"https:\/\/fujultimate.cz\/en\/wp-json\/wp\/v2\/pages\/24","targetHints":{"allow":["GET"]}}],"collection":[{"href":"https:\/\/fujultimate.cz\/en\/wp-json\/wp\/v2\/pages"}],"about":[{"href":"https:\/\/fujultimate.cz\/en\/wp-json\/wp\/v2\/types\/page"}],"author":[{"embeddable":true,"href":"https:\/\/fujultimate.cz\/en\/wp-json\/wp\/v2\/users\/1"}],"replies":[{"embeddable":true,"href":"https:\/\/fujultimate.cz\/en\/wp-json\/wp\/v2\/comments?post=24"}],"version-history":[{"count":3,"href":"https:\/\/fujultimate.cz\/en\/wp-json\/wp\/v2\/pages\/24\/revisions"}],"predecessor-version":[{"id":1018,"href":"https:\/\/fujultimate.cz\/en\/wp-json\/wp\/v2\/pages\/24\/revisions\/1018"}],"up":[{"embeddable":true,"href":"https:\/\/fujultimate.cz\/en\/wp-json\/wp\/v2\/pages\/5"}],"wp:attachment":[{"href":"https:\/\/fujultimate.cz\/en\/wp-json\/wp\/v2\/media?parent=24"}],"curies":[{"name":"wp","href":"https:\/\/api.w.org\/{rel}","templated":true}]}}