{"id":2180,"date":"2022-11-26T22:29:46","date_gmt":"2022-11-26T21:29:46","guid":{"rendered":"http:\/\/fujultimate.cz\/?page_id=2180"},"modified":"2023-03-30T22:23:15","modified_gmt":"2023-03-30T20:23:15","slug":"fujarny","status":"publish","type":"page","link":"https:\/\/fujultimate.cz\/en\/fujarny\/","title":{"rendered":"FUJ\u00e1rny"},"content":{"rendered":"<p>Fuj\u00e1rna je tradi\u010dn\u00ed jednodenn\u00ed turnaj ur\u010den\u00fd p\u0159edev\u0161\u00edm pro za\u010d\u00ednaj\u00edc\u00ed a m\u00edrn\u011b pokro\u010dil\u00e9 hr\u00e1\u010de. Fuj\u00e1rny jsou na \u010desk\u00e9 turnajov\u00e9 sc\u00e9n\u011b ji\u017e od roku 2010 a tuto halovou sez\u00f3nu je mo\u017enost z\u00fa\u010dastnit se a\u017e t\u0159\u00ed r\u016fzn\u00fdch term\u00edn\u016f!<\/p>\n\n\n\n<p>Kde:  <a rel=\"noreferrer noopener\" href=\"https:\/\/www.utvs.cvut.cz\/sportoviste\/tenis-praha-6.html\" data-type=\"URL\" data-id=\"https:\/\/www.utvs.cvut.cz\/sportoviste\/tenis-praha-6.html\" target=\"_blank\">Kotl\u00e1\u0159ka<\/a><\/p>\n\n\n\n<p><strong>Fuj\u00e1rna 3  &#8211; 4.3.2023 &#8211; <strong>v\u00fdsledky<\/strong><\/strong><\/p>\n\n\n\n<ol class=\"wp-block-list\">\n<li>Chlupat\u00e9 \u017eabi\u010dky<\/li>\n\n\n\n<li>FUJ<\/li>\n\n\n\n<li>FUS<\/li>\n\n\n\n<li>Hoko \u010coko Disk\u00fdto<\/li>\n\n\n\n<li>Kachi\u010dky<\/li>\n\n\n\n<li>Gybot<\/li>\n\n\n\n<li>GJK<\/li>\n\n\n\n<li>Rakety \u017di\u017ekoff<\/li>\n\n\n\n<li>Polet\u00edme<\/li>\n\n\n\n<li>Atruc<\/li>\n<\/ol>\n\n\n\n<p>Spirit: Chlupat\u00e9 \u017eabi\u010dky<\/p>\n\n\n\n<p><strong>Fuj\u00e1rna 2 &#8211; 7.1.2023  &#8211; v\u00fdsledky<\/strong><\/p>\n\n\n\n<ol class=\"wp-block-list\">\n<li>Chlupat\u00e9 \u017eabi\u010dky<\/li>\n\n\n\n<li>Terrible Monkeys<\/li>\n\n\n\n<li>FUJ<\/li>\n\n\n\n<li>Kulat\u00e1 \u0160achovnice<\/li>\n\n\n\n<li>SunSet<\/li>\n\n\n\n<li>yOLOTrubky<\/li>\n\n\n\n<li>GJK<\/li>\n\n\n\n<li>Atruc<\/li>\n\n\n\n<li>Skupina A<\/li>\n\n\n\n<li>BUFU<\/li>\n<\/ol>\n\n\n\n<p>Spirit: Terrible Monkeys\/Chlupat\u00e9 \u017eabi\u010dky<\/p>\n\n\n\n<p><strong>Fuj\u00e1rna 1 &#8211; 12.11.2022 &#8211; v\u00fdsledky<\/strong><\/p>\n\n\n\n<ol class=\"wp-block-list\">\n<li>Sokol K\u0159em\u017ee<\/li>\n\n\n\n<li>Hoko \u010coko Disk\u00fdto<\/li>\n\n\n\n<li>\u017dabi\u010dky<\/li>\n\n\n\n<li>FUJ<\/li>\n\n\n\n<li>Kachny<\/li>\n\n\n\n<li>Happy Hippo Crew<\/li>\n\n\n\n<li>3SB<\/li>\n\n\n\n<li>Polet\u00edme<\/li>\n\n\n\n<li>Pras\u00e1tka<\/li>\n\n\n\n<li>Gybot<\/li>\n<\/ol>\n\n\n\n<p>Spirit: Kachny<\/p>","protected":false},"excerpt":{"rendered":"<p>Fuj\u00e1rna je tradi\u010dn\u00ed jednodenn\u00ed turnaj ur\u010den\u00fd p\u0159edev\u0161\u00edm pro za\u010d\u00ednaj\u00edc\u00ed a m\u00edrn\u011b pokro\u010dil\u00e9 hr\u00e1\u010de. Fuj\u00e1rny jsou na \u010desk\u00e9 turnajov\u00e9 sc\u00e9n\u011b ji\u017e od roku 2010 a tuto halovou sez\u00f3nu je mo\u017enost z\u00fa\u010dastnit se a\u017e t\u0159\u00ed r\u016fzn\u00fdch term\u00edn\u016f! Kde: Kotl\u00e1\u0159ka Fuj\u00e1rna 3 &#8211; 4.3.2023 &#8211; v\u00fdsledky Spirit: Chlupat\u00e9 \u017eabi\u010dky Fuj\u00e1rna 2 &#8211; 7.1.2023 &#8211; v\u00fdsledky Spirit: Terrible Monkeys\/Chlupat\u00e9 &hellip; <\/p>\n<p class=\"link-more\"><a href=\"https:\/\/fujultimate.cz\/en\/fujarny\/\" class=\"more-link\">Continue reading<span class=\"screen-reader-text\"> &#8222;FUJ\u00e1rny&#8220;<\/span><\/a><\/p>","protected":false},"author":1,"featured_media":0,"parent":0,"menu_order":0,"comment_status":"closed","ping_status":"closed","template":"","meta":{"ngg_post_thumbnail":0,"footnotes":""},"class_list":["post-2180","page","type-page","status-publish","hentry"],"_links":{"self":[{"href":"https:\/\/fujultimate.cz\/en\/wp-json\/wp\/v2\/pages\/2180","targetHints":{"allow":["GET"]}}],"collection":[{"href":"https:\/\/fujultimate.cz\/en\/wp-json\/wp\/v2\/pages"}],"about":[{"href":"https:\/\/fujultimate.cz\/en\/wp-json\/wp\/v2\/types\/page"}],"author":[{"embeddable":true,"href":"https:\/\/fujultimate.cz\/en\/wp-json\/wp\/v2\/users\/1"}],"replies":[{"embeddable":true,"href":"https:\/\/fujultimate.cz\/en\/wp-json\/wp\/v2\/comments?post=2180"}],"version-history":[{"count":22,"href":"https:\/\/fujultimate.cz\/en\/wp-json\/wp\/v2\/pages\/2180\/revisions"}],"predecessor-version":[{"id":2276,"href":"https:\/\/fujultimate.cz\/en\/wp-json\/wp\/v2\/pages\/2180\/revisions\/2276"}],"wp:attachment":[{"href":"https:\/\/fujultimate.cz\/en\/wp-json\/wp\/v2\/media?parent=2180"}],"curies":[{"name":"wp","href":"https:\/\/api.w.org\/{rel}","templated":true}]}}