{"id":2169,"date":"2022-11-13T22:08:04","date_gmt":"2022-11-13T21:08:04","guid":{"rendered":"http:\/\/fujultimate.cz\/?page_id=2169"},"modified":"2023-09-24T00:19:41","modified_gmt":"2023-09-23T22:19:41","slug":"sezona-2022-23","status":"publish","type":"page","link":"https:\/\/fujultimate.cz\/en\/sezona-2022-23\/","title":{"rendered":"Season 2022\/23"},"content":{"rendered":"<p>Thanks to <a rel=\"noreferrer noopener\" href=\"https:\/\/eu.zonerama.com\/ktvrdik\/Album\/10380835\" target=\"_blank\">Karlovi Tvrd\u00edkovi<\/a> za poskytnut\u00ed jeho fotografi\u00ed z M\u010cR 2023 O&amp;W.<\/p>\n\n\n\n<div class=\"ngg-albumoverview default-view\">\n            <div class=\"ngg-album-compact\">\n            <div class=\"ngg-album-compactbox\">\n                <div class=\"ngg-album-link\">\n                                                                <a title='FUJ\u00e1rna #1 2022'\n                       href='https:\/\/fujultimate.cz\/en\/sezona-2022-23\/nggallery\/2022-23\/fujarna-1-2022'>\n                            <img class=\"Thumb\"\n                                 alt=\"FUJ\u00e1rna #1 2022\"\n                                 src=\"https:\/\/fujultimate.cz\/wp-content\/gallery\/2022-fujarna-1\/cache\/1_20221112_FUJarna_4misto.jpg-nggid03856-ngg0dyn-240x160x100-00f0w010c011r110f110r010t010.jpg\"\/>\n                        <\/a>\n                                                        <\/div>\n            <\/div>\n                        <h4>\n                <a class='ngg-album-desc' title='FUJ\u00e1rna #1 2022'\n                       href='https:\/\/fujultimate.cz\/en\/sezona-2022-23\/nggallery\/2022-23\/fujarna-1-2022'style=\"max-width: 260px\">FUJ\u00e1rna #1 2022<\/a>\n            <\/h4>\n            <p class=\"ngg-album-gallery-image-counter\">\n                                    <strong>1<\/strong>&nbsp;Photos                            <\/p>\n        <\/div>\n            <div class=\"ngg-album-compact\">\n            <div class=\"ngg-album-compactbox\">\n                <div class=\"ngg-album-link\">\n                                                                <a title='PD Hala 2022'\n                       href='https:\/\/fujultimate.cz\/en\/sezona-2022-23\/nggallery\/2022-23\/pd-hala-2022'>\n                            <img class=\"Thumb\"\n                                 alt=\"PD Hala 2022\"\n                                 src=\"https:\/\/fujultimate.cz\/wp-content\/gallery\/2022-pd-hala\/cache\/20221120-4misto.jpg-nggid03857-ngg0dyn-240x160x100-00f0w010c011r110f110r010t010.jpg\"\/>\n                        <\/a>\n                                                        <\/div>\n            <\/div>\n                        <h4>\n                <a class='ngg-album-desc' title='PD Hala 2022'\n                       href='https:\/\/fujultimate.cz\/en\/sezona-2022-23\/nggallery\/2022-23\/pd-hala-2022'style=\"max-width: 260px\">PD Hala 2022<\/a>\n            <\/h4>\n            <p class=\"ngg-album-gallery-image-counter\">\n                                    <strong>2<\/strong>&nbsp;Photos                            <\/p>\n        <\/div>\n            <div class=\"ngg-album-compact\">\n            <div class=\"ngg-album-compactbox\">\n                <div class=\"ngg-album-link\">\n                                                                <a title='Igloo 2022'\n                       href='https:\/\/fujultimate.cz\/en\/sezona-2022-23\/nggallery\/2022-23\/igloo-2022'>\n                            <img class=\"Thumb\"\n                                 alt=\"Igloo 2022\"\n                                 src=\"https:\/\/fujultimate.cz\/wp-content\/gallery\/igloo-2022\/cache\/01.jpg-nggid03859-ngg0dyn-240x160x100-00f0w010c011r110f110r010t010.jpg\"\/>\n                        <\/a>\n                                                        <\/div>\n            <\/div>\n                        <h4>\n                <a class='ngg-album-desc' title='Igloo 2022'\n                       href='https:\/\/fujultimate.cz\/en\/sezona-2022-23\/nggallery\/2022-23\/igloo-2022'style=\"max-width: 260px\">Igloo 2022<\/a>\n            <\/h4>\n            <p class=\"ngg-album-gallery-image-counter\">\n                                    <strong>4<\/strong>&nbsp;Photos                            <\/p>\n        <\/div>\n            <div class=\"ngg-album-compact\">\n            <div class=\"ngg-album-compactbox\">\n                <div class=\"ngg-album-link\">\n                                                                <a title='Kvalifikace HM\u010cR MIX 2022'\n                       href='https:\/\/fujultimate.cz\/en\/sezona-2022-23\/nggallery\/2022-23\/kvalifikace-hmcr-mix-2022'>\n                            <img class=\"Thumb\"\n                                 alt=\"Kvalifikace HM\u010cR MIX 2022\"\n                                 src=\"https:\/\/fujultimate.cz\/wp-content\/gallery\/kvalifikace-hmcr-mix-2022\/cache\/B.jpg-nggid03862-ngg0dyn-240x160x100-00f0w010c011r110f110r010t010.jpg\"\/>\n                        <\/a>\n                                                        <\/div>\n            <\/div>\n                        <h4>\n                <a class='ngg-album-desc' title='Kvalifikace HM\u010cR MIX 2022'\n                       href='https:\/\/fujultimate.cz\/en\/sezona-2022-23\/nggallery\/2022-23\/kvalifikace-hmcr-mix-2022'style=\"max-width: 260px\">Kvalifikace HM\u010cR MIX 2022<\/a>\n            <\/h4>\n            <p class=\"ngg-album-gallery-image-counter\">\n                                    <strong>3<\/strong>&nbsp;Photos                            <\/p>\n        <\/div>\n            <div class=\"ngg-album-compact\">\n            <div class=\"ngg-album-compactbox\">\n                <div class=\"ngg-album-link\">\n                                                                <a title='HM\u010cR Open Women 2023'\n                       href='https:\/\/fujultimate.cz\/en\/sezona-2022-23\/nggallery\/2022-23\/hmcr-open-women-2023'>\n                            <img class=\"Thumb\"\n                                 alt=\"HM\u010cR Open Women 2023\"\n                                 src=\"https:\/\/fujultimate.cz\/wp-content\/gallery\/hmcr-open-women-2023\/cache\/IMG20230226144520.jpg-nggid03873-ngg0dyn-240x160x100-00f0w010c011r110f110r010t010.jpg\"\/>\n                        <\/a>\n                                                        <\/div>\n            <\/div>\n                        <h4>\n                <a class='ngg-album-desc' title='HM\u010cR Open Women 2023'\n                       href='https:\/\/fujultimate.cz\/en\/sezona-2022-23\/nggallery\/2022-23\/hmcr-open-women-2023'style=\"max-width: 260px\">HM\u010cR Open Women 2023<\/a>\n            <\/h4>\n            <p class=\"ngg-album-gallery-image-counter\">\n                                    <strong>11<\/strong>&nbsp;Photos                            <\/p>\n        <\/div>\n            <div class=\"ngg-album-compact\">\n            <div class=\"ngg-album-compactbox\">\n                <div class=\"ngg-album-link\">\n                                                                <a title='Tmelen\u00ed Sele\u0161ka 2023'\n                       href='https:\/\/fujultimate.cz\/en\/sezona-2022-23\/nggallery\/2022-23\/tmeleni-seleska-2023'>\n                            <img class=\"Thumb\"\n                                 alt=\"Tmelen\u00ed Sele\u0161ka 2023\"\n                                 src=\"https:\/\/fujultimate.cz\/wp-content\/gallery\/tmeleni-seleska-2023\/cache\/02.jpg-nggid03880-ngg0dyn-240x160x100-00f0w010c011r110f110r010t010.jpg\"\/>\n                        <\/a>\n                                                        <\/div>\n            <\/div>\n                        <h4>\n                <a class='ngg-album-desc' title='Tmelen\u00ed Sele\u0161ka 2023'\n                       href='https:\/\/fujultimate.cz\/en\/sezona-2022-23\/nggallery\/2022-23\/tmeleni-seleska-2023'style=\"max-width: 260px\">Tmelen\u00ed Sele\u0161ka 2023<\/a>\n            <\/h4>\n            <p class=\"ngg-album-gallery-image-counter\">\n                                    <strong>25<\/strong>&nbsp;Photos                            <\/p>\n        <\/div>\n            <div class=\"ngg-album-compact\">\n            <div class=\"ngg-album-compactbox\">\n                <div class=\"ngg-album-link\">\n                                                                <a title='Spring Invite Padova 2023'\n                       href='https:\/\/fujultimate.cz\/en\/sezona-2022-23\/nggallery\/2022-23\/spring-invite-padova-2023'>\n                            <img class=\"Thumb\"\n                                 alt=\"Spring Invite Padova 2023\"\n                                 src=\"https:\/\/fujultimate.cz\/wp-content\/gallery\/spring-invite-padova\/cache\/20230422-23-Spring-Invite-Padova-VB-02.jpeg-nggid03877-ngg0dyn-240x160x100-00f0w010c011r110f110r010t010.jpeg\"\/>\n                        <\/a>\n                                                        <\/div>\n            <\/div>\n                        <h4>\n                <a class='ngg-album-desc' title='Spring Invite Padova 2023'\n                       href='https:\/\/fujultimate.cz\/en\/sezona-2022-23\/nggallery\/2022-23\/spring-invite-padova-2023'style=\"max-width: 260px\">Spring Invite Padova 2023<\/a>\n            <\/h4>\n            <p class=\"ngg-album-gallery-image-counter\">\n                                    <strong>3<\/strong>&nbsp;Photos                            <\/p>\n        <\/div>\n            <div class=\"ngg-album-compact\">\n            <div class=\"ngg-album-compactbox\">\n                <div class=\"ngg-album-link\">\n                                                                <a title='Vienna Spring Break 2023'\n                       href='https:\/\/fujultimate.cz\/en\/sezona-2022-23\/nggallery\/2022-23\/vienna-spring-break-2023'>\n                            <img class=\"Thumb\"\n                                 alt=\"Vienna Spring Break 2023\"\n                                 src=\"https:\/\/fujultimate.cz\/wp-content\/gallery\/vienna-spring-break-2023\/cache\/01.jpg-nggid03905-ngg0dyn-240x160x100-00f0w010c011r110f110r010t010.jpg\"\/>\n                        <\/a>\n                                                        <\/div>\n            <\/div>\n                        <h4>\n                <a class='ngg-album-desc' title='Vienna Spring Break 2023'\n                       href='https:\/\/fujultimate.cz\/en\/sezona-2022-23\/nggallery\/2022-23\/vienna-spring-break-2023'style=\"max-width: 260px\">Vienna Spring Break 2023<\/a>\n            <\/h4>\n            <p class=\"ngg-album-gallery-image-counter\">\n                                    <strong>1<\/strong>&nbsp;Photos                            <\/p>\n        <\/div>\n            <div class=\"ngg-album-compact\">\n            <div class=\"ngg-album-compactbox\">\n                <div class=\"ngg-album-link\">\n                                                                <a title='Kvalifikace M\u010cR MIX 2023'\n                       href='https:\/\/fujultimate.cz\/en\/sezona-2022-23\/nggallery\/2022-23\/kvalifikace-mcr-mix-2023'>\n                            <img class=\"Thumb\"\n                                 alt=\"Kvalifikace M\u010cR MIX 2023\"\n                                 src=\"https:\/\/fujultimate.cz\/wp-content\/gallery\/kvalifikace-mcr-mix-2023\/cache\/01.jpg-nggid03906-ngg0dyn-240x160x100-00f0w010c011r110f110r010t010.jpg\"\/>\n                        <\/a>\n                                                        <\/div>\n            <\/div>\n                        <h4>\n                <a class='ngg-album-desc' title='Kvalifikace M\u010cR MIX 2023'\n                       href='https:\/\/fujultimate.cz\/en\/sezona-2022-23\/nggallery\/2022-23\/kvalifikace-mcr-mix-2023'style=\"max-width: 260px\">Kvalifikace M\u010cR MIX 2023<\/a>\n            <\/h4>\n            <p class=\"ngg-album-gallery-image-counter\">\n                                    <strong>1<\/strong>&nbsp;Photos                            <\/p>\n        <\/div>\n            <div class=\"ngg-album-compact\">\n            <div class=\"ngg-album-compactbox\">\n                <div class=\"ngg-album-link\">\n                                                                <a title='M\u010cR MIX 2023'\n                       href='https:\/\/fujultimate.cz\/en\/sezona-2022-23\/nggallery\/2022-23\/mcr-mix-2023'>\n                            <img class=\"Thumb\"\n                                 alt=\"M\u010cR MIX 2023\"\n                                 src=\"https:\/\/fujultimate.cz\/wp-content\/gallery\/mcr-mix-2023\/cache\/01.jpg-nggid03908-ngg0dyn-240x160x100-00f0w010c011r110f110r010t010.jpg\"\/>\n                        <\/a>\n                                                        <\/div>\n            <\/div>\n                        <h4>\n                <a class='ngg-album-desc' title='M\u010cR MIX 2023'\n                       href='https:\/\/fujultimate.cz\/en\/sezona-2022-23\/nggallery\/2022-23\/mcr-mix-2023'style=\"max-width: 260px\">M\u010cR MIX 2023<\/a>\n            <\/h4>\n            <p class=\"ngg-album-gallery-image-counter\">\n                                    <strong>2<\/strong>&nbsp;Photos                            <\/p>\n        <\/div>\n            <div class=\"ngg-album-compact\">\n            <div class=\"ngg-album-compactbox\">\n                <div class=\"ngg-album-link\">\n                                                                <a title='EBUCC Royan 2023'\n                       href='https:\/\/fujultimate.cz\/en\/sezona-2022-23\/nggallery\/2022-23\/ebucc-royan-2023'>\n                            <img class=\"Thumb\"\n                                 alt=\"EBUCC Royan 2023\"\n                                 src=\"https:\/\/fujultimate.cz\/wp-content\/gallery\/ebucc-royan-2023\/cache\/01.jpg-nggid03910-ngg0dyn-240x160x100-00f0w010c011r110f110r010t010.jpg\"\/>\n                        <\/a>\n                                                        <\/div>\n            <\/div>\n                        <h4>\n                <a class='ngg-album-desc' title='EBUCC Royan 2023'\n                       href='https:\/\/fujultimate.cz\/en\/sezona-2022-23\/nggallery\/2022-23\/ebucc-royan-2023'style=\"max-width: 260px\">EBUCC Royan 2023<\/a>\n            <\/h4>\n            <p class=\"ngg-album-gallery-image-counter\">\n                                    <strong>4<\/strong>&nbsp;Photos                            <\/p>\n        <\/div>\n            <div class=\"ngg-album-compact\">\n            <div class=\"ngg-album-compactbox\">\n                <div class=\"ngg-album-link\">\n                                                                <a title='M\u010cR Open Women 2023'\n                       href='https:\/\/fujultimate.cz\/en\/sezona-2022-23\/nggallery\/2022-23\/mcr-open-women-2023'>\n                            <img class=\"Thumb\"\n                                 alt=\"M\u010cR Open Women 2023\"\n                                 src=\"https:\/\/fujultimate.cz\/wp-content\/gallery\/mcr-open-women-2023\/cache\/IMG_6455.jpg-nggid03929-ngg0dyn-240x160x100-00f0w010c011r110f110r010t010.jpg\"\/>\n                        <\/a>\n                                                        <\/div>\n            <\/div>\n                        <h4>\n                <a class='ngg-album-desc' title='M\u010cR Open Women 2023'\n                       href='https:\/\/fujultimate.cz\/en\/sezona-2022-23\/nggallery\/2022-23\/mcr-open-women-2023'style=\"max-width: 260px\">M\u010cR Open Women 2023<\/a>\n            <\/h4>\n            <p class=\"ngg-album-gallery-image-counter\">\n                                    <strong>27<\/strong>&nbsp;Photos                            <\/p>\n        <\/div>\n        <br class=\"ngg-clear\"\/>\n    <div class='ngg-clear'><\/div><\/div>\n\n\n\n\n<figure class=\"wp-block-embed is-type-video is-provider-youtube wp-block-embed-youtube wp-embed-aspect-16-9 wp-has-aspect-ratio\"><div class=\"wp-block-embed__wrapper\">\n<iframe loading=\"lazy\" title=\"Panthers (SUI) vs 3SB (CZE) OPEN Semi Final - Padova Spring Invite 2023\" width=\"525\" height=\"295\" src=\"https:\/\/www.youtube.com\/embed\/xw5pc1lHhIU?start=4045&#038;feature=oembed\" frameborder=\"0\" allow=\"accelerometer; autoplay; clipboard-write; encrypted-media; gyroscope; picture-in-picture; web-share\" referrerpolicy=\"strict-origin-when-cross-origin\" allowfullscreen><\/iframe>\n<\/div><figcaption class=\"wp-element-caption\">Panthers (SUI) vs 3SB (CZE) OPEN Semi Final &#8211; Padova Spring Invite 2023<\/figcaption><\/figure>\n\n\n\n<figure class=\"wp-block-embed is-type-video is-provider-youtube wp-block-embed-youtube wp-embed-aspect-16-9 wp-has-aspect-ratio\"><div class=\"wp-block-embed__wrapper\">\n<iframe loading=\"lazy\" title=\"Open Final RESTREAM CUS Padova vs 3SB\/FUJ 2023 Spring Invite Padova\" width=\"525\" height=\"295\" src=\"https:\/\/www.youtube.com\/embed\/g0puxifjcs4?feature=oembed\" frameborder=\"0\" allow=\"accelerometer; autoplay; clipboard-write; encrypted-media; gyroscope; picture-in-picture; web-share\" referrerpolicy=\"strict-origin-when-cross-origin\" allowfullscreen><\/iframe>\n<\/div><figcaption class=\"wp-element-caption\">3SB\/FUJ (CZE) vs CUS Padova OPEN Final &#8211; Padova Spring Invite 2023<\/figcaption><\/figure>\n\n\n\n<figure class=\"wp-block-embed is-type-video is-provider-youtube wp-block-embed-youtube wp-embed-aspect-16-9 wp-has-aspect-ratio\"><div class=\"wp-block-embed__wrapper\">\n<iframe loading=\"lazy\" title=\"Eastblock (CZE) vs Discobolo (ITA) WOMEN&#039;s - Padova Spring Invite 2023\" width=\"525\" height=\"295\" src=\"https:\/\/www.youtube.com\/embed\/tC1bEjcm6HA?feature=oembed\" frameborder=\"0\" allow=\"accelerometer; autoplay; clipboard-write; encrypted-media; gyroscope; picture-in-picture; web-share\" referrerpolicy=\"strict-origin-when-cross-origin\" allowfullscreen><\/iframe>\n<\/div><figcaption class=\"wp-element-caption\">Eastblock (CZE) vs Discobolo (ITA) WOMEN&#8217;s &#8211; Padova Spring Invite 2023<\/figcaption><\/figure>\n\n\n\n<figure class=\"wp-block-embed is-type-video is-provider-youtube wp-block-embed-youtube wp-embed-aspect-16-9 wp-has-aspect-ratio\"><div class=\"wp-block-embed__wrapper\">\n<iframe loading=\"lazy\" title=\"Women&#039;s Final RESTREAM Eastblock vs BFD Shout 2023 Spring Invite Padova\" width=\"525\" height=\"295\" src=\"https:\/\/www.youtube.com\/embed\/UjEOLlTOIO8?feature=oembed\" frameborder=\"0\" allow=\"accelerometer; autoplay; clipboard-write; encrypted-media; gyroscope; picture-in-picture; web-share\" referrerpolicy=\"strict-origin-when-cross-origin\" allowfullscreen><\/iframe>\n<\/div><figcaption class=\"wp-element-caption\">Eastblock (CZE) vs BFD Shout WOMEN&#8217;s Final &#8211; Padova Spring Invite 2023<\/figcaption><\/figure>\n\n\n\n<figure class=\"wp-block-embed is-type-video is-provider-youtube wp-block-embed-youtube wp-embed-aspect-16-9 wp-has-aspect-ratio\"><div class=\"wp-block-embed__wrapper\">\n<iframe loading=\"lazy\" title=\"FUJ (CZE) vs FAB (SUI) - OPEN Final - Vienna Spring Break 2023, Austria\" width=\"525\" height=\"295\" src=\"https:\/\/www.youtube.com\/embed\/1DJgpa1b7mg?feature=oembed\" frameborder=\"0\" allow=\"accelerometer; autoplay; clipboard-write; encrypted-media; gyroscope; picture-in-picture; web-share\" referrerpolicy=\"strict-origin-when-cross-origin\" allowfullscreen><\/iframe>\n<\/div><figcaption class=\"wp-element-caption\">FUJ (CZE) vs FAB (SUI) &#8211; OPEN Final &#8211; Vienna Spring Break 2023, Austria<\/figcaption><\/figure>\n\n\n\n<figure class=\"wp-block-embed is-type-video is-provider-youtube wp-block-embed-youtube wp-embed-aspect-16-9 wp-has-aspect-ratio\"><div class=\"wp-block-embed__wrapper\">\n<iframe loading=\"lazy\" title=\"East Block vs 3sb - WOMEN\u2019S Quarters - Vienna Spring Break 2023, Austria\" width=\"525\" height=\"295\" src=\"https:\/\/www.youtube.com\/embed\/iEkqmLJjxuQ?feature=oembed\" frameborder=\"0\" allow=\"accelerometer; autoplay; clipboard-write; encrypted-media; gyroscope; picture-in-picture; web-share\" referrerpolicy=\"strict-origin-when-cross-origin\" allowfullscreen><\/iframe>\n<\/div><figcaption class=\"wp-element-caption\">East Block vs 3sb &#8211; WOMEN\u2019S Quarters &#8211; Vienna Spring Break 2023, Austria<\/figcaption><\/figure>\n\n\n\n<figure class=\"wp-block-embed is-type-video is-provider-youtube wp-block-embed-youtube wp-embed-aspect-16-9 wp-has-aspect-ratio\"><div class=\"wp-block-embed__wrapper\">\n<iframe loading=\"lazy\" title=\"box (AUT) vs East Block (CZE) - WOMEN\u2019S Final - Vienna Spring Break 2023, Austria\" width=\"525\" height=\"295\" src=\"https:\/\/www.youtube.com\/embed\/f_AVnQNRyH0?feature=oembed\" frameborder=\"0\" allow=\"accelerometer; autoplay; clipboard-write; encrypted-media; gyroscope; picture-in-picture; web-share\" referrerpolicy=\"strict-origin-when-cross-origin\" allowfullscreen><\/iframe>\n<\/div><figcaption class=\"wp-element-caption\">box (AUT) vs East Block (CZE) &#8211; WOMEN\u2019S Final &#8211; Vienna Spring Break 2023, Austria<\/figcaption><\/figure>","protected":false},"excerpt":{"rendered":"<p>D\u011bkujeme Karlovi Tvrd\u00edkovi za poskytnut\u00ed jeho fotografi\u00ed z M\u010cR 2023 O&amp;W.<\/p>","protected":false},"author":1,"featured_media":0,"parent":0,"menu_order":0,"comment_status":"closed","ping_status":"closed","template":"","meta":{"ngg_post_thumbnail":0,"footnotes":""},"class_list":["post-2169","page","type-page","status-publish","hentry"],"_links":{"self":[{"href":"https:\/\/fujultimate.cz\/en\/wp-json\/wp\/v2\/pages\/2169","targetHints":{"allow":["GET"]}}],"collection":[{"href":"https:\/\/fujultimate.cz\/en\/wp-json\/wp\/v2\/pages"}],"about":[{"href":"https:\/\/fujultimate.cz\/en\/wp-json\/wp\/v2\/types\/page"}],"author":[{"embeddable":true,"href":"https:\/\/fujultimate.cz\/en\/wp-json\/wp\/v2\/users\/1"}],"replies":[{"embeddable":true,"href":"https:\/\/fujultimate.cz\/en\/wp-json\/wp\/v2\/comments?post=2169"}],"version-history":[{"count":9,"href":"https:\/\/fujultimate.cz\/en\/wp-json\/wp\/v2\/pages\/2169\/revisions"}],"predecessor-version":[{"id":2420,"href":"https:\/\/fujultimate.cz\/en\/wp-json\/wp\/v2\/pages\/2169\/revisions\/2420"}],"wp:attachment":[{"href":"https:\/\/fujultimate.cz\/en\/wp-json\/wp\/v2\/media?parent=2169"}],"curies":[{"name":"wp","href":"https:\/\/api.w.org\/{rel}","templated":true}]}}