{"id":1935,"date":"2022-01-11T16:50:20","date_gmt":"2022-01-11T15:50:20","guid":{"rendered":"http:\/\/fujultimate.cz\/?page_id=1935"},"modified":"2022-10-28T06:04:43","modified_gmt":"2022-10-28T04:04:43","slug":"sezona-2021-22","status":"publish","type":"page","link":"https:\/\/fujultimate.cz\/en\/sezona-2021-22\/","title":{"rendered":"Season 2021\/22"},"content":{"rendered":"<p>Thanks to <a rel=\"noreferrer noopener\" href=\"https:\/\/www.instagram.com\/kasepictures\" target=\"_blank\">Karol\u00edn\u011b \u0160ejnov\u00e9<\/a> for providing her photos from EBUCC 2022 (Portim\u00e3o).<br>Thanks to <a rel=\"noreferrer noopener\" href=\"https:\/\/www.facebook.com\/groups\/2563091220494788\/user\/558160162\/\" target=\"_blank\">Quentin Dupr\u00e9 la Tour<\/a> and <a rel=\"noreferrer noopener\" href=\"https:\/\/www.facebook.com\/Focuseurope\/\" target=\"_blank\">FOCUS Ultimate Europe<\/a> for providing photos from EBUCC 2022 (Portim\u00e3o).<\/p>\n\n\n\n<div class=\"ngg-albumoverview default-view\">\n            <div class=\"ngg-album-compact\">\n            <div class=\"ngg-album-compactbox\">\n                <div class=\"ngg-album-link\">\n                                                                <a title='2021 FUJ\u00e1rna #1'\n                       href='https:\/\/fujultimate.cz\/en\/sezona-2021-22\/nggallery\/2021-22\/2021-fujarna-1'>\n                            <img class=\"Thumb\"\n                                 alt=\"2021 FUJ\u00e1rna #1\"\n                                 src=\"https:\/\/fujultimate.cz\/wp-content\/gallery\/2021-fujarna-1\/cache\/01.jpg-nggid03784-ngg0dyn-240x160x100-00f0w010c011r110f110r010t010.jpg\"\/>\n                        <\/a>\n                                                        <\/div>\n            <\/div>\n                        <h4>\n                <a class='ngg-album-desc' title='2021 FUJ\u00e1rna #1'\n                       href='https:\/\/fujultimate.cz\/en\/sezona-2021-22\/nggallery\/2021-22\/2021-fujarna-1'style=\"max-width: 260px\">2021 FUJ\u00e1rna #1<\/a>\n            <\/h4>\n            <p class=\"ngg-album-gallery-image-counter\">\n                                    <strong>2<\/strong>&nbsp;Photos                            <\/p>\n        <\/div>\n            <div class=\"ngg-album-compact\">\n            <div class=\"ngg-album-compactbox\">\n                <div class=\"ngg-album-link\">\n                                                                <a title='2021 Qualifications HM\u010cR MIX'\n                       href='https:\/\/fujultimate.cz\/en\/sezona-2021-22\/nggallery\/2021-22\/2021-kvalifikace-hmcr-mix'>\n                            <img class=\"Thumb\"\n                                 alt=\"2021 Kvalifikace HM\u010cR MIX\"\n                                 src=\"https:\/\/fujultimate.cz\/wp-content\/gallery\/2021-kvalifikace-hmcr-mix\/cache\/01.jpg-nggid03782-ngg0dyn-240x160x100-00f0w010c011r110f110r010t010.jpg\"\/>\n                        <\/a>\n                                                        <\/div>\n            <\/div>\n                        <h4>\n                <a class='ngg-album-desc' title='2021 Qualifications HM\u010cR MIX'\n                       href='https:\/\/fujultimate.cz\/en\/sezona-2021-22\/nggallery\/2021-22\/2021-kvalifikace-hmcr-mix'style=\"max-width: 260px\">2021 Qualifications HM\u010cR MIX<\/a>\n            <\/h4>\n            <p class=\"ngg-album-gallery-image-counter\">\n                                    <strong>1<\/strong>&nbsp;Photos                            <\/p>\n        <\/div>\n            <div class=\"ngg-album-compact\">\n            <div class=\"ngg-album-compactbox\">\n                <div class=\"ngg-album-link\">\n                                                                <a title='HM\u010cR MIX 2022'\n                       href='https:\/\/fujultimate.cz\/en\/sezona-2021-22\/nggallery\/2021-22\/hmcr-mix-2022'>\n                            <img class=\"Thumb\"\n                                 alt=\"HM\u010cR MIX 2022\"\n                                 src=\"https:\/\/fujultimate.cz\/wp-content\/gallery\/hmcr-mix-2022\/cache\/270107577_461677992065590_4844501265891051036_n.jpg-nggid03753-ngg0dyn-240x160x100-00f0w010c011r110f110r010t010.jpg\"\/>\n                        <\/a>\n                                                        <\/div>\n            <\/div>\n                        <h4>\n                <a class='ngg-album-desc' title='HM\u010cR MIX 2022'\n                       href='https:\/\/fujultimate.cz\/en\/sezona-2021-22\/nggallery\/2021-22\/hmcr-mix-2022'style=\"max-width: 260px\">HM\u010cR MIX 2022<\/a>\n            <\/h4>\n            <p class=\"ngg-album-gallery-image-counter\">\n                                    <strong>5<\/strong>&nbsp;Photos                            <\/p>\n        <\/div>\n            <div class=\"ngg-album-compact\">\n            <div class=\"ngg-album-compactbox\">\n                <div class=\"ngg-album-link\">\n                                                                <a title='Kvalifikace HM\u010cR O&amp;W 2022'\n                       href='https:\/\/fujultimate.cz\/en\/sezona-2021-22\/nggallery\/2021-22\/kvalifikace-hmcr-ow-2022'>\n                            <img class=\"Thumb\"\n                                 alt=\"Kvalifikace HM\u010cR O&amp;W 2022\"\n                                 src=\"https:\/\/fujultimate.cz\/wp-content\/gallery\/kvalifikace-hmcr-ow-2022\/cache\/01.jpg-nggid03754-ngg0dyn-240x160x100-00f0w010c011r110f110r010t010.jpg\"\/>\n                        <\/a>\n                                                        <\/div>\n            <\/div>\n                        <h4>\n                <a class='ngg-album-desc' title='Kvalifikace HM\u010cR O&amp;W 2022'\n                       href='https:\/\/fujultimate.cz\/en\/sezona-2021-22\/nggallery\/2021-22\/kvalifikace-hmcr-ow-2022'style=\"max-width: 260px\">Qualifications HM\u010cR O&amp;W 2022<\/a>\n            <\/h4>\n            <p class=\"ngg-album-gallery-image-counter\">\n                                    <strong>3<\/strong>&nbsp;Photos                            <\/p>\n        <\/div>\n            <div class=\"ngg-album-compact\">\n            <div class=\"ngg-album-compactbox\">\n                <div class=\"ngg-album-link\">\n                                                                <a title='Teambulding Sele\u0161ka 2022'\n                       href='https:\/\/fujultimate.cz\/en\/sezona-2021-22\/nggallery\/2021-22\/tmeleni-seleska-2022'>\n                            <img class=\"Thumb\"\n                                 alt=\"Tmelen\u00ed Sele\u0161ka 2022\"\n                                 src=\"https:\/\/fujultimate.cz\/wp-content\/gallery\/tmeleni-seleska-2022\/cache\/274052143_7726268754053522_4536240417627433015_n.jpg-nggid03759-ngg0dyn-240x160x100-00f0w010c011r110f110r010t010.jpg\"\/>\n                        <\/a>\n                                                        <\/div>\n            <\/div>\n                        <h4>\n                <a class='ngg-album-desc' title='Teambulding Sele\u0161ka 2022'\n                       href='https:\/\/fujultimate.cz\/en\/sezona-2021-22\/nggallery\/2021-22\/tmeleni-seleska-2022'style=\"max-width: 260px\">Teambulding Sele\u0161ka 2022<\/a>\n            <\/h4>\n            <p class=\"ngg-album-gallery-image-counter\">\n                                    <strong>15<\/strong>&nbsp;Photos                            <\/p>\n        <\/div>\n            <div class=\"ngg-album-compact\">\n            <div class=\"ngg-album-compactbox\">\n                <div class=\"ngg-album-link\">\n                                                                <a title='HM\u010cR Open &amp; Women 2022'\n                       href='https:\/\/fujultimate.cz\/en\/sezona-2021-22\/nggallery\/2021-22\/hmcr-open-women-2022'>\n                            <img class=\"Thumb\"\n                                 alt=\"HM\u010cR Open &amp; Women 2022\"\n                                 src=\"https:\/\/fujultimate.cz\/wp-content\/gallery\/hmcr-open-women-2022\/cache\/IMG-20220227-WA0000.jpg-nggid03773-ngg0dyn-240x160x100-00f0w010c011r110f110r010t010.jpg\"\/>\n                        <\/a>\n                                                        <\/div>\n            <\/div>\n                        <h4>\n                <a class='ngg-album-desc' title='HM\u010cR Open &amp; Women 2022'\n                       href='https:\/\/fujultimate.cz\/en\/sezona-2021-22\/nggallery\/2021-22\/hmcr-open-women-2022'style=\"max-width: 260px\">HM\u010cR Open &amp; Women 2022<\/a>\n            <\/h4>\n            <p class=\"ngg-album-gallery-image-counter\">\n                                    <strong>5<\/strong>&nbsp;Photos                            <\/p>\n        <\/div>\n            <div class=\"ngg-album-compact\">\n            <div class=\"ngg-album-compactbox\">\n                <div class=\"ngg-album-link\">\n                                                                <a title='2022 FUJ\u00e1rna #3'\n                       href='https:\/\/fujultimate.cz\/en\/sezona-2021-22\/nggallery\/2021-22\/2022-fujarna-3'>\n                            <img class=\"Thumb\"\n                                 alt=\"2022 FUJ\u00e1rna #3\"\n                                 src=\"https:\/\/fujultimate.cz\/wp-content\/gallery\/2022-fujarna\/cache\/01.jpg-nggid03781-ngg0dyn-240x160x100-00f0w010c011r110f110r010t010.jpg\"\/>\n                        <\/a>\n                                                        <\/div>\n            <\/div>\n                        <h4>\n                <a class='ngg-album-desc' title='2022 FUJ\u00e1rna #3'\n                       href='https:\/\/fujultimate.cz\/en\/sezona-2021-22\/nggallery\/2021-22\/2022-fujarna-3'style=\"max-width: 260px\">2022 FUJ\u00e1rna #3<\/a>\n            <\/h4>\n            <p class=\"ngg-album-gallery-image-counter\">\n                                    <strong>1<\/strong>&nbsp;Photos                            <\/p>\n        <\/div>\n            <div class=\"ngg-album-compact\">\n            <div class=\"ngg-album-compactbox\">\n                <div class=\"ngg-album-link\">\n                                                                <a title='2022 Elite Invite'\n                       href='https:\/\/fujultimate.cz\/en\/sezona-2021-22\/nggallery\/2021-22\/2022-elite-invite'>\n                            <img class=\"Thumb\"\n                                 alt=\"2022 Elite Invite\"\n                                 src=\"https:\/\/fujultimate.cz\/wp-content\/gallery\/2022-elite-invite\/cache\/Elite_Invite_Bologna_2022.jpg-nggid03778-ngg0dyn-240x160x100-00f0w010c011r110f110r010t010.jpg\"\/>\n                        <\/a>\n                                                        <\/div>\n            <\/div>\n                        <h4>\n                <a class='ngg-album-desc' title='2022 Elite Invite'\n                       href='https:\/\/fujultimate.cz\/en\/sezona-2021-22\/nggallery\/2021-22\/2022-elite-invite'style=\"max-width: 260px\">2022 Elite Invite<\/a>\n            <\/h4>\n            <p class=\"ngg-album-gallery-image-counter\">\n                                    <strong>1<\/strong>&nbsp;Photos                            <\/p>\n        <\/div>\n            <div class=\"ngg-album-compact\">\n            <div class=\"ngg-album-compactbox\">\n                <div class=\"ngg-album-link\">\n                                                                <a title='2022 Qualification M\u010cR MIX'\n                       href='https:\/\/fujultimate.cz\/en\/sezona-2021-22\/nggallery\/2021-22\/2022-kvalifikace-mcr-mix'>\n                            <img class=\"Thumb\"\n                                 alt=\"2022 Kvalifikace M\u010cR MIX\"\n                                 src=\"https:\/\/fujultimate.cz\/wp-content\/gallery\/2022-kvalifikace-mcr-mix\/cache\/02.jpg-nggid03779-ngg0dyn-240x160x100-00f0w010c011r110f110r010t010.jpg\"\/>\n                        <\/a>\n                                                        <\/div>\n            <\/div>\n                        <h4>\n                <a class='ngg-album-desc' title='2022 Qualification M\u010cR MIX'\n                       href='https:\/\/fujultimate.cz\/en\/sezona-2021-22\/nggallery\/2021-22\/2022-kvalifikace-mcr-mix'style=\"max-width: 260px\">2022 Qualification M\u010cR MIX<\/a>\n            <\/h4>\n            <p class=\"ngg-album-gallery-image-counter\">\n                                    <strong>2<\/strong>&nbsp;Photos                            <\/p>\n        <\/div>\n            <div class=\"ngg-album-compact\">\n            <div class=\"ngg-album-compactbox\">\n                <div class=\"ngg-album-link\">\n                                                                <a title='2022 M\u010cR MIX'\n                       href='https:\/\/fujultimate.cz\/en\/sezona-2021-22\/nggallery\/2021-22\/2022-mcr-mix'>\n                            <img class=\"Thumb\"\n                                 alt=\"2022 M\u010cR MIX\"\n                                 src=\"https:\/\/fujultimate.cz\/wp-content\/gallery\/2022-mcr-mix\/cache\/01_MIX.jpg-nggid03788-ngg0dyn-240x160x100-00f0w010c011r110f110r010t010.jpg\"\/>\n                        <\/a>\n                                                        <\/div>\n            <\/div>\n                        <h4>\n                <a class='ngg-album-desc' title='2022 M\u010cR MIX'\n                       href='https:\/\/fujultimate.cz\/en\/sezona-2021-22\/nggallery\/2021-22\/2022-mcr-mix'style=\"max-width: 260px\">2022 M\u010cR MIX<\/a>\n            <\/h4>\n            <p class=\"ngg-album-gallery-image-counter\">\n                                    <strong>1<\/strong>&nbsp;Photos                            <\/p>\n        <\/div>\n            <div class=\"ngg-album-compact\">\n            <div class=\"ngg-album-compactbox\">\n                <div class=\"ngg-album-link\">\n                                                                <a title='2022 AtruCup'\n                       href='https:\/\/fujultimate.cz\/en\/sezona-2021-22\/nggallery\/2021-22\/2022-atrucup'>\n                            <img class=\"Thumb\"\n                                 alt=\"2022 AtruCup\"\n                                 src=\"https:\/\/fujultimate.cz\/wp-content\/gallery\/2022-atrucup\/cache\/01.jpg-nggid03785-ngg0dyn-240x160x100-00f0w010c011r110f110r010t010.jpg\"\/>\n                        <\/a>\n                                                        <\/div>\n            <\/div>\n                        <h4>\n                <a class='ngg-album-desc' title='2022 AtruCup'\n                       href='https:\/\/fujultimate.cz\/en\/sezona-2021-22\/nggallery\/2021-22\/2022-atrucup'style=\"max-width: 260px\">2022 AtruCup<\/a>\n            <\/h4>\n            <p class=\"ngg-album-gallery-image-counter\">\n                                    <strong>3<\/strong>&nbsp;Photos                            <\/p>\n        <\/div>\n            <div class=\"ngg-album-compact\">\n            <div class=\"ngg-album-compactbox\">\n                <div class=\"ngg-album-link\">\n                                                                <a title='2022 M\u010cR Beach MIX'\n                       href='https:\/\/fujultimate.cz\/en\/sezona-2021-22\/nggallery\/2021-22\/2022-mcr-beach-mix'>\n                            <img class=\"Thumb\"\n                                 alt=\"2022 M\u010cR Beach MIX\"\n                                 src=\"https:\/\/fujultimate.cz\/wp-content\/gallery\/2022-mcr-beach-mix\/cache\/01.jpg-nggid03791-ngg0dyn-240x160x100-00f0w010c011r110f110r010t010.jpg\"\/>\n                        <\/a>\n                                                        <\/div>\n            <\/div>\n                        <h4>\n                <a class='ngg-album-desc' title='2022 M\u010cR Beach MIX'\n                       href='https:\/\/fujultimate.cz\/en\/sezona-2021-22\/nggallery\/2021-22\/2022-mcr-beach-mix'style=\"max-width: 260px\">2022 M\u010cR Beach MIX<\/a>\n            <\/h4>\n            <p class=\"ngg-album-gallery-image-counter\">\n                                    <strong>3<\/strong>&nbsp;Photos                            <\/p>\n        <\/div>\n            <div class=\"ngg-album-compact\">\n            <div class=\"ngg-album-compactbox\">\n                <div class=\"ngg-album-link\">\n                                                                <a title='2022 M\u010cR Open &amp; Women'\n                       href='https:\/\/fujultimate.cz\/en\/sezona-2021-22\/nggallery\/2021-22\/2022-mcr-open-women'>\n                            <img class=\"Thumb\"\n                                 alt=\"2022 M\u010cR Open &amp; Women\"\n                                 src=\"https:\/\/fujultimate.cz\/wp-content\/gallery\/2022-mcr-open-women\/cache\/IMG_9384_JPG.jpg-nggid03792-ngg0dyn-240x160x100-00f0w010c011r110f110r010t010.jpg\"\/>\n                        <\/a>\n                                                        <\/div>\n            <\/div>\n                        <h4>\n                <a class='ngg-album-desc' title='2022 M\u010cR Open &amp; Women'\n                       href='https:\/\/fujultimate.cz\/en\/sezona-2021-22\/nggallery\/2021-22\/2022-mcr-open-women'style=\"max-width: 260px\">2022 M\u010cR Open &amp; Women<\/a>\n            <\/h4>\n            <p class=\"ngg-album-gallery-image-counter\">\n                                    <strong>1<\/strong>&nbsp;Photos                            <\/p>\n        <\/div>\n            <div class=\"ngg-album-compact\">\n            <div class=\"ngg-album-compactbox\">\n                <div class=\"ngg-album-link\">\n                                                                <a title='2022 EUCF Caorle'\n                       href='https:\/\/fujultimate.cz\/en\/sezona-2021-22\/nggallery\/2021-22\/2022-eucf-caorle'>\n                            <img class=\"Thumb\"\n                                 alt=\"2022 EUCF Caorle\"\n                                 src=\"https:\/\/fujultimate.cz\/wp-content\/gallery\/2022-eucf-caorle\/cache\/20221018_FUJ-3SB_EUCF.jpg-nggid03794-ngg0dyn-240x160x100-00f0w010c011r110f110r010t010.jpg\"\/>\n                        <\/a>\n                                                        <\/div>\n            <\/div>\n                        <h4>\n                <a class='ngg-album-desc' title='2022 EUCF Caorle'\n                       href='https:\/\/fujultimate.cz\/en\/sezona-2021-22\/nggallery\/2021-22\/2022-eucf-caorle'style=\"max-width: 260px\">2022 EUCF Caorle<\/a>\n            <\/h4>\n            <p class=\"ngg-album-gallery-image-counter\">\n                                    <strong>25<\/strong>&nbsp;Photos                            <\/p>\n        <\/div>\n            <div class=\"ngg-album-compact\">\n            <div class=\"ngg-album-compactbox\">\n                <div class=\"ngg-album-link\">\n                                                                <a title='2022 Amaterak HK'\n                       href='https:\/\/fujultimate.cz\/en\/sezona-2021-22\/nggallery\/2021-22\/2022-amaterak-hk'>\n                            <img class=\"Thumb\"\n                                 alt=\"2022 Amaterak HK\"\n                                 src=\"https:\/\/fujultimate.cz\/wp-content\/gallery\/2022-amaterak-hk\/cache\/20221008-Amaterak-HK.jpg-nggid03793-ngg0dyn-240x160x100-00f0w010c011r110f110r010t010.jpg\"\/>\n                        <\/a>\n                                                        <\/div>\n            <\/div>\n                        <h4>\n                <a class='ngg-album-desc' title='2022 Amaterak HK'\n                       href='https:\/\/fujultimate.cz\/en\/sezona-2021-22\/nggallery\/2021-22\/2022-amaterak-hk'style=\"max-width: 260px\">2022 Amaterak HK<\/a>\n            <\/h4>\n            <p class=\"ngg-album-gallery-image-counter\">\n                                    <strong>1<\/strong>&nbsp;Photos                            <\/p>\n        <\/div>\n            <div class=\"ngg-album-compact\">\n            <div class=\"ngg-album-compactbox\">\n                <div class=\"ngg-album-link\">\n                                                                <a title='2022 JM\u010cR O&amp;W'\n                       href='https:\/\/fujultimate.cz\/en\/sezona-2021-22\/nggallery\/2021-22\/2022-jmcr-ow'>\n                            <img class=\"Thumb\"\n                                 alt=\"2022 JM\u010cR O&amp;W\"\n                                 src=\"https:\/\/fujultimate.cz\/wp-content\/gallery\/2022-jmcr-ow\/cache\/DSC_2088.jpg-nggid03806-ngg0dyn-240x160x100-00f0w010c011r110f110r010t010.jpg\"\/>\n                        <\/a>\n                                                        <\/div>\n            <\/div>\n                        <h4>\n                <a class='ngg-album-desc' title='2022 JM\u010cR O&amp;W'\n                       href='https:\/\/fujultimate.cz\/en\/sezona-2021-22\/nggallery\/2021-22\/2022-jmcr-ow'style=\"max-width: 260px\">2022 JM\u010cR O&amp;W<\/a>\n            <\/h4>\n            <p class=\"ngg-album-gallery-image-counter\">\n                                    <strong>21<\/strong>&nbsp;Photos                            <\/p>\n        <\/div>\n            <div class=\"ngg-album-compact\">\n            <div class=\"ngg-album-compactbox\">\n                <div class=\"ngg-album-link\">\n                                                                <a title='2022 EBUCC'\n                       href='https:\/\/fujultimate.cz\/en\/sezona-2021-22\/nggallery\/2021-22\/2022-ebucc'>\n                            <img class=\"Thumb\"\n                                 alt=\"2022 EBUCC\"\n                                 src=\"https:\/\/fujultimate.cz\/wp-content\/gallery\/2022-ebuc\/cache\/04.jpg-nggid03845-ngg0dyn-240x160x100-00f0w010c011r110f110r010t010.jpg\"\/>\n                        <\/a>\n                                                        <\/div>\n            <\/div>\n                        <h4>\n                <a class='ngg-album-desc' title='2022 EBUCC'\n                       href='https:\/\/fujultimate.cz\/en\/sezona-2021-22\/nggallery\/2021-22\/2022-ebucc'style=\"max-width: 260px\">2022 EBUCC<\/a>\n            <\/h4>\n            <p class=\"ngg-album-gallery-image-counter\">\n                                    <strong>15<\/strong>&nbsp;Photos                            <\/p>\n        <\/div>\n        <br class=\"ngg-clear\"\/>\n    <div class='ngg-clear'><\/div><\/div>\n\n\n\n\n<figure class=\"wp-block-embed is-type-video is-provider-youtube wp-block-embed-youtube wp-embed-aspect-16-9 wp-has-aspect-ratio\"><div class=\"wp-block-embed__wrapper\">\n<iframe loading=\"lazy\" title=\"FUJ (CZE) vs Iznogood (FRA) - 2022 Windmill - Open Division - BRONZE GAME\" width=\"525\" height=\"295\" src=\"https:\/\/www.youtube.com\/embed\/CD6--gdGI_U?feature=oembed\" frameborder=\"0\" allow=\"accelerometer; autoplay; clipboard-write; encrypted-media; gyroscope; picture-in-picture; web-share\" referrerpolicy=\"strict-origin-when-cross-origin\" allowfullscreen><\/iframe>\n<\/div><figcaption>2022 Windmill \u2013 third place game<\/figcaption><\/figure>\n\n\n\n<figure class=\"wp-block-embed is-type-video is-provider-youtube wp-block-embed-youtube wp-embed-aspect-16-9 wp-has-aspect-ratio\"><div class=\"wp-block-embed__wrapper\">\n<iframe loading=\"lazy\" title=\"2022 VSB - FUJ vs Fire of London  | Open\" width=\"525\" height=\"295\" src=\"https:\/\/www.youtube.com\/embed\/7csTEHyeiLQ?start=207&#038;feature=oembed\" frameborder=\"0\" allow=\"accelerometer; autoplay; clipboard-write; encrypted-media; gyroscope; picture-in-picture; web-share\" referrerpolicy=\"strict-origin-when-cross-origin\" allowfullscreen><\/iframe>\n<\/div><figcaption>2022 Vienna Spring Break &#8211; FUJ vs Fire of London | Open<\/figcaption><\/figure>","protected":false},"excerpt":{"rendered":"<p>D\u011bkujeme Karol\u00edn\u011b \u0160ejnov\u00e9 za poskytnut\u00ed jej\u00edch fotografi\u00ed z JM\u010cR 2022 O&amp;W.D\u011bkujeme Quentin Dupr\u00e9 la Tour a FOCUS Ultimate Europe za poskytnut\u00ed fotografi\u00ed z EBUCC 2022 (Portim\u00e3o).<\/p>","protected":false},"author":1,"featured_media":0,"parent":0,"menu_order":0,"comment_status":"closed","ping_status":"closed","template":"","meta":{"ngg_post_thumbnail":0,"footnotes":""},"class_list":["post-1935","page","type-page","status-publish","hentry"],"_links":{"self":[{"href":"https:\/\/fujultimate.cz\/en\/wp-json\/wp\/v2\/pages\/1935","targetHints":{"allow":["GET"]}}],"collection":[{"href":"https:\/\/fujultimate.cz\/en\/wp-json\/wp\/v2\/pages"}],"about":[{"href":"https:\/\/fujultimate.cz\/en\/wp-json\/wp\/v2\/types\/page"}],"author":[{"embeddable":true,"href":"https:\/\/fujultimate.cz\/en\/wp-json\/wp\/v2\/users\/1"}],"replies":[{"embeddable":true,"href":"https:\/\/fujultimate.cz\/en\/wp-json\/wp\/v2\/comments?post=1935"}],"version-history":[{"count":8,"href":"https:\/\/fujultimate.cz\/en\/wp-json\/wp\/v2\/pages\/1935\/revisions"}],"predecessor-version":[{"id":2139,"href":"https:\/\/fujultimate.cz\/en\/wp-json\/wp\/v2\/pages\/1935\/revisions\/2139"}],"wp:attachment":[{"href":"https:\/\/fujultimate.cz\/en\/wp-json\/wp\/v2\/media?parent=1935"}],"curies":[{"name":"wp","href":"https:\/\/api.w.org\/{rel}","templated":true}]}}