{"id":16,"date":"2020-03-22T14:03:08","date_gmt":"2020-03-22T13:03:08","guid":{"rendered":"http:\/\/fujultimate.cz\/?page_id=16"},"modified":"2025-07-02T10:00:04","modified_gmt":"2025-07-02T08:00:04","slug":"treninky","status":"publish","type":"page","link":"https:\/\/fujultimate.cz\/en\/treninky\/","title":{"rendered":"Trainings"},"content":{"rendered":"<p class=\"has-text-align-center\"><strong>Outdoor season<\/strong> <strong>2025<\/strong><\/p>\n\n\n\n<p>Venkovn\u00ed sez\u00f3na prob\u00edh\u00e1 od konce b\u0159ezna do \u0159\u00edjna. Tr\u00e9ninky jsou otev\u0159en\u00e9 v\u0161em a jsou rozd\u011blen\u00e9 na tr\u00e9ninky pro juniory spole\u010dn\u011b se za\u010d\u00e1te\u010dn\u00edky a pro zku\u0161en\u00e9 hr\u00e1\u010de. Cena tr\u00e9nink\u016f je pops\u00e1na n\u00ed\u017ee v odstavci Cena za tr\u00e9nink a QR platba.<\/p>\n\n\n\n<p>Zku\u0161en\u011bj\u0161\u00ed hr\u00e1\u010di tr\u00e9nuj\u00ed ka\u017ed\u00fd t\u00fdden na a to v \u010dasech:<br><strong>Pond\u011bl\u00ed <\/strong><br>V\u0161ichni: 18:00 &#8211; 20:00 ve<a href=\"https:\/\/maps.app.goo.gl\/Wak86aFMWa6Gjgfq7\" data-type=\"link\" data-id=\"https:\/\/maps.app.goo.gl\/Wak86aFMWa6Gjgfq7\" target=\"_blank\" rel=\"noreferrer noopener\"> FTVS are\u00e1lu<\/a> (v \u010dervenci a srpnu se tento tr\u00e9nink nekon\u00e1)<br><strong>St\u0159eda <\/strong><br>Kluci: 19:00 &#8211; 21:00 v are\u00e1lu na <a href=\"https:\/\/maps.app.goo.gl\/HMRVyCQ1QLR6w6Wz7\" data-type=\"link\" data-id=\"https:\/\/maps.app.goo.gl\/HMRVyCQ1QLR6w6Wz7\" target=\"_blank\" rel=\"noreferrer noopener\">Podvinn\u00e9m Ml\u00fdn\u011b<\/a> v r\u00e1mci celopra\u017esk\u00e9ho tr\u00e9ninku<br>Holky: 18:30 &#8211; 20:30 ve<a href=\"https:\/\/maps.app.goo.gl\/Wak86aFMWa6Gjgfq7\" data-type=\"link\" data-id=\"https:\/\/maps.app.goo.gl\/Wak86aFMWa6Gjgfq7\" target=\"_blank\" rel=\"noreferrer noopener\"> FTVS are\u00e1lu<\/a> v r\u00e1mci celopra\u017esk\u00e9ho tr\u00e9ninku<\/p>\n\n\n\n<p><strong>Juniorsk\u00e9 a nov\u00e1\u010dkovsk\u00e9 tr\u00e9ninky<\/strong> prob\u00edhaj\u00ed tak\u00e9 na <a href=\"https:\/\/maps.app.goo.gl\/bXGrvvXuSMz1wRSP6\" target=\"_blank\" rel=\"noreferrer noopener\">Marjance<\/a> at this time:<br>Pond\u011bl\u00ed: 16:30 &#8211; 18:00 (v \u010dervenci a srpnu se tento tr\u00e9nink nekon\u00e1)<\/p>\n\n\n\n<p>Tr\u00e9nink m\u016f\u017ee b\u00fdt zru\u0161en z d\u016fvodu velmi \u0161patn\u00e9ho po\u010das\u00ed, p\u0159\u00edpadn\u011b jin\u00fdch v\u00e1\u017en\u00fdch d\u016fvod\u016f.<\/p>\n\n\n\n<p class=\"has-text-align-center\"><strong>Halov\u00e1 sez\u00f3na 2025\/2026<\/strong><\/p>\n\n\n\n<p>The indoor season normally runs from November to February. The training sessions are open to everyone and are divided into training sessions for juniors (from 12 to 18 years old) and for older players. The price of the trainings is described below in the paragraph Price for training and QR payment.<\/p>\n\n\n\n<p><strong>Zku\u0161en\u00ed hr\u00e1\u010di<\/strong> train every week in <a href=\"https:\/\/mapy.cz\/s\/cegalakuko\" target=\"_blank\" rel=\"noreferrer noopener\">Sportovn\u00ed hale FC Zli\u010d\u00edn, Neda\u0161ovsk\u00e1 403\/37<\/a>) in time:<br>Pond\u011bl\u00ed: 20:00- 21:30<\/p>\n\n\n\n<p><strong>Junior training <\/strong>prob\u00edhaj\u00ed od listopadu a\u017e do konce b\u0159ezna v nafukovac\u00ed hale <a href=\"https:\/\/mapy.cz\/s\/lajujorohu\" target=\"_blank\" rel=\"noreferrer noopener\">Na Hanspaulce 166\/2<\/a> at this time:<br>Pond\u011bl\u00ed: 17:00 &#8211; 18:30<\/p>\n\n\n\n<div class=\"wp-block-group\"><div class=\"wp-block-group__inner-container is-layout-flow wp-block-group-is-layout-flow\">\n<p class=\"has-text-align-center\"><strong>What to bring with you?<\/strong><\/p>\n\n\n\n<p><strong>Venkovn\u00ed tr\u00e9ninky: <\/strong>B\u00edl\u00e9 a tmav\u00e9 triko, kopa\u010dky, lahev na pit\u00ed a sportovn\u00ed oble\u010den\u00ed. Pokud chce\u0161 vyu\u017e\u00edt sprchy po tr\u00e9ninku, tak je\u0161t\u011b sprch\u00e1\u010d a ru\u010dn\u00edk.<\/p>\n\n\n\n<p><strong>Halov\u00e9 tr\u00e9ninky:<\/strong> B\u00edl\u00e9 a tmav\u00e9 triko, s\u00e1lov\u00e1 obuv, lahev na pit\u00ed a sportovn\u00ed oble\u010den\u00ed. Pokud chce\u0161 vyu\u017e\u00edt sprchy po tr\u00e9ninku, tak je\u0161t\u011b sprch\u00e1\u010d a ru\u010dn\u00edk.<\/p>\n<\/div><\/div>\n\n\n\n<p><strong>Halov\u00e9 tr\u00e9ninky nov\u00e1\u010dci:<\/strong> B\u00edl\u00e9 a tmav\u00e9 triko, boty turfy\/kopa\u010dky nebo aspo\u0148 boty na b\u011bh\u00e1n\u00ed, lahev na pit\u00ed a sportovn\u00ed oble\u010den\u00ed. Pokud chce\u0161 vyu\u017e\u00edt sprchy po tr\u00e9ninku, tak je\u0161t\u011b sprch\u00e1\u010d a ru\u010dn\u00edk.<\/p>\n\n\n\n<div class=\"wp-block-group\"><div class=\"wp-block-group__inner-container is-layout-constrained wp-block-group-is-layout-constrained\">\n<p class=\"has-text-align-center\"><strong>Price for training and QR payment<\/strong><\/p>\n\n\n\n<p>One practice costs 150 CZK. It\u2019s possible to pay for it either at the actual practice and scanning the QR code there or using the QR code below. Please write your name and the date of the particular practice in the note for recipient column.<\/p>\n\n\n\n<p>If you decide to practice regularly with us, it\u2019s also possible to pay for the whole season. You will find more information about that on <a rel=\"noreferrer noopener\" href=\"http:\/\/fuj.tymy.cz\" target=\"_blank\">fuj.tymy.cz<\/a> (registration required).<\/p>\n\n\n<div class=\"wp-block-image\">\n<figure class=\"aligncenter size-full\"><img loading=\"lazy\" decoding=\"async\" width=\"260\" height=\"260\" src=\"http:\/\/fujultimate.cz\/wp-content\/uploads\/2023\/06\/QR_FUJ.png\" alt=\"\" class=\"wp-image-2360\" srcset=\"https:\/\/fujultimate.cz\/wp-content\/uploads\/2023\/06\/QR_FUJ.png 260w, https:\/\/fujultimate.cz\/wp-content\/uploads\/2023\/06\/QR_FUJ-150x150.png 150w, https:\/\/fujultimate.cz\/wp-content\/uploads\/2023\/06\/QR_FUJ-12x12.png 12w, https:\/\/fujultimate.cz\/wp-content\/uploads\/2023\/06\/QR_FUJ-128x128.png 128w, https:\/\/fujultimate.cz\/wp-content\/uploads\/2023\/06\/QR_FUJ-32x32.png 32w, https:\/\/fujultimate.cz\/wp-content\/uploads\/2023\/06\/QR_FUJ-100x100.png 100w\" sizes=\"auto, (max-width: 260px) 100vw, 260px\" \/><\/figure>\n<\/div><\/div><\/div>\n\n\n\n<div class=\"wp-block-group\"><div class=\"wp-block-group__inner-container is-layout-flow wp-block-group-is-layout-flow\">\n<p class=\"has-text-align-center\"><strong>Coaches<\/strong><\/p>\n<\/div><\/div>\n\n\n<p>Open:&nbsp; &nbsp; &nbsp; &nbsp; &nbsp; <a href=\"https:\/\/fujultimate.cz\/en\/player\/patrik-novak\/\">Patrik<\/a>, <a href=\"https:\/\/fujultimate.cz\/en\/player\/jachym-hrusak\/\">J\u00e1chym<\/a><br \/>Women:&nbsp; &nbsp;&nbsp;&nbsp;<a href=\"https:\/\/fujultimate.cz\/en\/player\/radka-masloviakova\/\" target=\"_blank\" rel=\"noopener\"><br \/><\/a>Mix:&nbsp;&nbsp;&nbsp;&nbsp;&nbsp;&nbsp;&nbsp;&nbsp;&nbsp;&nbsp;&nbsp;&nbsp;&nbsp;&nbsp;&nbsp;<a href=\"https:\/\/fujultimate.cz\/en\/player\/lucie-vavrova\/\"><br \/>Juniors<\/a>:&nbsp; &nbsp; &nbsp; &nbsp; <a href=\"https:\/\/fujultimate.cz\/en\/player\/bara-hrusakova\/\">B\u00e1ra<\/a>,<a href=\"https:\/\/fujultimate.cz\/en\/player\/jan-novak\/\" target=\"_blank\" rel=\"noopener\"> Ka\u010der<\/a><\/p>\n\n\n<p><\/p>","protected":false},"excerpt":{"rendered":"<p>Venkovn\u00ed sez\u00f3na 2025 Venkovn\u00ed sez\u00f3na prob\u00edh\u00e1 od konce b\u0159ezna do \u0159\u00edjna. Tr\u00e9ninky jsou otev\u0159en\u00e9 v\u0161em a jsou rozd\u011blen\u00e9 na tr\u00e9ninky pro juniory spole\u010dn\u011b se za\u010d\u00e1te\u010dn\u00edky a pro zku\u0161en\u00e9 hr\u00e1\u010de. Cena tr\u00e9nink\u016f je pops\u00e1na n\u00ed\u017ee v odstavci Cena za tr\u00e9nink a QR platba. Zku\u0161en\u011bj\u0161\u00ed hr\u00e1\u010di tr\u00e9nuj\u00ed ka\u017ed\u00fd t\u00fdden na a to v \u010dasech:Pond\u011bl\u00ed V\u0161ichni: 18:00 &#8211; &hellip; <\/p>\n<p class=\"link-more\"><a href=\"https:\/\/fujultimate.cz\/en\/treninky\/\" class=\"more-link\">Continue reading<span class=\"screen-reader-text\"> &#8222;Tr\u00e9ninky&#8220;<\/span><\/a><\/p>","protected":false},"author":1,"featured_media":0,"parent":0,"menu_order":0,"comment_status":"closed","ping_status":"closed","template":"","meta":{"ngg_post_thumbnail":0,"footnotes":""},"class_list":["post-16","page","type-page","status-publish","hentry"],"_links":{"self":[{"href":"https:\/\/fujultimate.cz\/en\/wp-json\/wp\/v2\/pages\/16","targetHints":{"allow":["GET"]}}],"collection":[{"href":"https:\/\/fujultimate.cz\/en\/wp-json\/wp\/v2\/pages"}],"about":[{"href":"https:\/\/fujultimate.cz\/en\/wp-json\/wp\/v2\/types\/page"}],"author":[{"embeddable":true,"href":"https:\/\/fujultimate.cz\/en\/wp-json\/wp\/v2\/users\/1"}],"replies":[{"embeddable":true,"href":"https:\/\/fujultimate.cz\/en\/wp-json\/wp\/v2\/comments?post=16"}],"version-history":[{"count":100,"href":"https:\/\/fujultimate.cz\/en\/wp-json\/wp\/v2\/pages\/16\/revisions"}],"predecessor-version":[{"id":2430,"href":"https:\/\/fujultimate.cz\/en\/wp-json\/wp\/v2\/pages\/16\/revisions\/2430"}],"wp:attachment":[{"href":"https:\/\/fujultimate.cz\/en\/wp-json\/wp\/v2\/media?parent=16"}],"curies":[{"name":"wp","href":"https:\/\/api.w.org\/{rel}","templated":true}]}}