{"id":1312,"date":"2020-08-13T18:24:06","date_gmt":"2020-08-13T16:24:06","guid":{"rendered":"http:\/\/fujultimate.cz\/?page_id=1312"},"modified":"2020-08-13T18:25:37","modified_gmt":"2020-08-13T16:25:37","slug":"sezona-2009-10","status":"publish","type":"page","link":"https:\/\/fujultimate.cz\/en\/sezona-2009-10\/","title":{"rendered":"Season 2009\/10"},"content":{"rendered":"<div class=\"ngg-albumoverview default-view\">\n            <div class=\"ngg-album-compact\">\n            <div class=\"ngg-album-compactbox\">\n                <div class=\"ngg-album-link\">\n                                                                <a title='Czech indoor championship MIX 2009'\n                       href='https:\/\/fujultimate.cz\/en\/sezona-2009-10\/nggallery\/2009-10\/hmcr-2009-mix'>\n                            <img class=\"Thumb\"\n                                 alt=\"HM\u010cR 2009 MIX\"\n                                 src=\"https:\/\/fujultimate.cz\/wp-content\/gallery\/hmcr-2009-mix\/cache\/2009-HMCR-MIX.jpg-nggid03474-ngg0dyn-240x160x100-00f0w010c011r110f110r010t010.jpg\"\/>\n                        <\/a>\n                                                        <\/div>\n            <\/div>\n                        <h4>\n                <a class='ngg-album-desc' title='Czech indoor championship MIX 2009'\n                       href='https:\/\/fujultimate.cz\/en\/sezona-2009-10\/nggallery\/2009-10\/hmcr-2009-mix'style=\"max-width: 260px\">Czech indoor championship MIX 2009<\/a>\n            <\/h4>\n            <p class=\"ngg-album-gallery-image-counter\">\n                                    <strong>1<\/strong>&nbsp;Photos                            <\/p>\n        <\/div>\n            <div class=\"ngg-album-compact\">\n            <div class=\"ngg-album-compactbox\">\n                <div class=\"ngg-album-link\">\n                                                                <a title='Teambuilding 2010'\n                       href='https:\/\/fujultimate.cz\/en\/sezona-2009-10\/nggallery\/2009-10\/soustredeni-2010'>\n                            <img class=\"Thumb\"\n                                 alt=\"Soust\u0159ed\u011bn\u00ed 2010\"\n                                 src=\"https:\/\/fujultimate.cz\/wp-content\/gallery\/soustredeni-2010\/cache\/2010-Soustredeni-.jpg-nggid03467-ngg0dyn-240x160x100-00f0w010c011r110f110r010t010.jpg\"\/>\n                        <\/a>\n                                                        <\/div>\n            <\/div>\n                        <h4>\n                <a class='ngg-album-desc' title='Teambuilding 2010'\n                       href='https:\/\/fujultimate.cz\/en\/sezona-2009-10\/nggallery\/2009-10\/soustredeni-2010'style=\"max-width: 260px\">Teambuilding 2010<\/a>\n            <\/h4>\n            <p class=\"ngg-album-gallery-image-counter\">\n                                    <strong>1<\/strong>&nbsp;Photos                            <\/p>\n        <\/div>\n        <br class=\"ngg-clear\"\/>\n    <div class='ngg-clear'><\/div><\/div>","protected":false},"excerpt":{"rendered":"","protected":false},"author":1,"featured_media":0,"parent":0,"menu_order":0,"comment_status":"closed","ping_status":"closed","template":"","meta":{"ngg_post_thumbnail":0,"footnotes":""},"class_list":["post-1312","page","type-page","status-publish","hentry"],"_links":{"self":[{"href":"https:\/\/fujultimate.cz\/en\/wp-json\/wp\/v2\/pages\/1312","targetHints":{"allow":["GET"]}}],"collection":[{"href":"https:\/\/fujultimate.cz\/en\/wp-json\/wp\/v2\/pages"}],"about":[{"href":"https:\/\/fujultimate.cz\/en\/wp-json\/wp\/v2\/types\/page"}],"author":[{"embeddable":true,"href":"https:\/\/fujultimate.cz\/en\/wp-json\/wp\/v2\/users\/1"}],"replies":[{"embeddable":true,"href":"https:\/\/fujultimate.cz\/en\/wp-json\/wp\/v2\/comments?post=1312"}],"version-history":[{"count":3,"href":"https:\/\/fujultimate.cz\/en\/wp-json\/wp\/v2\/pages\/1312\/revisions"}],"predecessor-version":[{"id":1318,"href":"https:\/\/fujultimate.cz\/en\/wp-json\/wp\/v2\/pages\/1312\/revisions\/1318"}],"wp:attachment":[{"href":"https:\/\/fujultimate.cz\/en\/wp-json\/wp\/v2\/media?parent=1312"}],"curies":[{"name":"wp","href":"https:\/\/api.w.org\/{rel}","templated":true}]}}