{"id":1291,"date":"2020-08-13T17:58:33","date_gmt":"2020-08-13T15:58:33","guid":{"rendered":"http:\/\/fujultimate.cz\/?page_id=1291"},"modified":"2020-08-13T18:01:51","modified_gmt":"2020-08-13T16:01:51","slug":"sezona-2011-12","status":"publish","type":"page","link":"https:\/\/fujultimate.cz\/en\/sezona-2011-12\/","title":{"rendered":"Season 2011\/12"},"content":{"rendered":"<div class=\"ngg-albumoverview default-view\">\n            <div class=\"ngg-album-compact\">\n            <div class=\"ngg-album-compactbox\">\n                <div class=\"ngg-album-link\">\n                                                                <a title='Tom\u00b4s Tourney 2012'\n                       href='https:\/\/fujultimate.cz\/en\/sezona-2011-12\/nggallery\/2011-12\/toms-tourney-2012'>\n                            <img class=\"Thumb\"\n                                 alt=\"Tom\u00b4s Tourney 2012\"\n                                 src=\"https:\/\/fujultimate.cz\/wp-content\/gallery\/toms-tourney-2012\/cache\/2012-Toms-Tourney.jpg-nggid03464-ngg0dyn-240x160x100-00f0w010c011r110f110r010t010.jpg\"\/>\n                        <\/a>\n                                                        <\/div>\n            <\/div>\n                        <h4>\n                <a class='ngg-album-desc' title='Tom\u00b4s Tourney 2012'\n                       href='https:\/\/fujultimate.cz\/en\/sezona-2011-12\/nggallery\/2011-12\/toms-tourney-2012'style=\"max-width: 260px\">Tom\u00b4s Tourney 2012<\/a>\n            <\/h4>\n            <p class=\"ngg-album-gallery-image-counter\">\n                                    <strong>1<\/strong>&nbsp;Photos                            <\/p>\n        <\/div>\n            <div class=\"ngg-album-compact\">\n            <div class=\"ngg-album-compactbox\">\n                <div class=\"ngg-album-link\">\n                                                                <a title='Czech outdoor championship Open &amp; Women 2012'\n                       href='https:\/\/fujultimate.cz\/en\/sezona-2011-12\/nggallery\/2011-12\/mcr-open-women-2012'>\n                            <img class=\"Thumb\"\n                                 alt=\"M\u010cR Open Women 2012\"\n                                 src=\"https:\/\/fujultimate.cz\/wp-content\/gallery\/mcr-open-women-2012\/cache\/2012-MCR-Women.jpg-nggid03470-ngg0dyn-240x160x100-00f0w010c011r110f110r010t010.jpg\"\/>\n                        <\/a>\n                                                        <\/div>\n            <\/div>\n                        <h4>\n                <a class='ngg-album-desc' title='Czech outdoor championship Open &amp; Women 2012'\n                       href='https:\/\/fujultimate.cz\/en\/sezona-2011-12\/nggallery\/2011-12\/mcr-open-women-2012'style=\"max-width: 260px\">Czech outdoor championship Open &amp; Women 2012<\/a>\n            <\/h4>\n            <p class=\"ngg-album-gallery-image-counter\">\n                                    <strong>1<\/strong>&nbsp;Photos                            <\/p>\n        <\/div>\n            <div class=\"ngg-album-compact\">\n            <div class=\"ngg-album-compactbox\">\n                <div class=\"ngg-album-link\">\n                                                                <a title='Teambuilding 2012'\n                       href='https:\/\/fujultimate.cz\/en\/sezona-2011-12\/nggallery\/2011-12\/soustredeni-2012'>\n                            <img class=\"Thumb\"\n                                 alt=\"Soust\u0159ed\u011bn\u00ed 2012\"\n                                 src=\"https:\/\/fujultimate.cz\/wp-content\/gallery\/soustredeni-2012\/cache\/2012-Soustredeni.jpg-nggid03471-ngg0dyn-240x160x100-00f0w010c011r110f110r010t010.jpg\"\/>\n                        <\/a>\n                                                        <\/div>\n            <\/div>\n                        <h4>\n                <a class='ngg-album-desc' title='Teambuilding 2012'\n                       href='https:\/\/fujultimate.cz\/en\/sezona-2011-12\/nggallery\/2011-12\/soustredeni-2012'style=\"max-width: 260px\">Teambuilding 2012<\/a>\n            <\/h4>\n            <p class=\"ngg-album-gallery-image-counter\">\n                                    <strong>1<\/strong>&nbsp;Photos                            <\/p>\n        <\/div>\n        <br class=\"ngg-clear\"\/>\n    <div class='ngg-clear'><\/div><\/div>","protected":false},"excerpt":{"rendered":"","protected":false},"author":1,"featured_media":0,"parent":0,"menu_order":0,"comment_status":"closed","ping_status":"closed","template":"","meta":{"ngg_post_thumbnail":0,"footnotes":""},"class_list":["post-1291","page","type-page","status-publish","hentry"],"_links":{"self":[{"href":"https:\/\/fujultimate.cz\/en\/wp-json\/wp\/v2\/pages\/1291","targetHints":{"allow":["GET"]}}],"collection":[{"href":"https:\/\/fujultimate.cz\/en\/wp-json\/wp\/v2\/pages"}],"about":[{"href":"https:\/\/fujultimate.cz\/en\/wp-json\/wp\/v2\/types\/page"}],"author":[{"embeddable":true,"href":"https:\/\/fujultimate.cz\/en\/wp-json\/wp\/v2\/users\/1"}],"replies":[{"embeddable":true,"href":"https:\/\/fujultimate.cz\/en\/wp-json\/wp\/v2\/comments?post=1291"}],"version-history":[{"count":3,"href":"https:\/\/fujultimate.cz\/en\/wp-json\/wp\/v2\/pages\/1291\/revisions"}],"predecessor-version":[{"id":1296,"href":"https:\/\/fujultimate.cz\/en\/wp-json\/wp\/v2\/pages\/1291\/revisions\/1296"}],"wp:attachment":[{"href":"https:\/\/fujultimate.cz\/en\/wp-json\/wp\/v2\/media?parent=1291"}],"curies":[{"name":"wp","href":"https:\/\/api.w.org\/{rel}","templated":true}]}}