{"id":1100,"date":"2020-05-04T15:53:12","date_gmt":"2020-05-04T13:53:12","guid":{"rendered":"http:\/\/fujultimate.cz\/?page_id=1100"},"modified":"2020-05-04T15:53:12","modified_gmt":"2020-05-04T13:53:12","slug":"sezona-2014-15","status":"publish","type":"page","link":"https:\/\/fujultimate.cz\/en\/sezona-2014-15\/","title":{"rendered":"Season 2014\/15"},"content":{"rendered":"<div class=\"ngg-albumoverview default-view\">\n            <div class=\"ngg-album-compact\">\n            <div class=\"ngg-album-compactbox\">\n                <div class=\"ngg-album-link\">\n                                                                <a title='CZ Kimle 2015'\n                       href='https:\/\/fujultimate.cz\/en\/sezona-2014-15\/nggallery\/2015\/cz-kimle-2015'>\n                            <img class=\"Thumb\"\n                                 alt=\"CZ Kimle 2015\"\n                                 src=\"https:\/\/fujultimate.cz\/wp-content\/gallery\/cz-kimle\/cache\/DSCN4027.JPG-nggid03106-ngg0dyn-240x160x100-00f0w010c011r110f110r010t010.JPG\"\/>\n                        <\/a>\n                                                        <\/div>\n            <\/div>\n                        <h4>\n                <a class='ngg-album-desc' title='CZ Kimle 2015'\n                       href='https:\/\/fujultimate.cz\/en\/sezona-2014-15\/nggallery\/2015\/cz-kimle-2015'style=\"max-width: 260px\">CZ Kimle 2015<\/a>\n            <\/h4>\n            <p class=\"ngg-album-gallery-image-counter\">\n                                    <strong>11<\/strong>&nbsp;Photos                            <\/p>\n        <\/div>\n            <div class=\"ngg-album-compact\">\n            <div class=\"ngg-album-compactbox\">\n                <div class=\"ngg-album-link\">\n                                                                <a title='M\u010cR Open &amp; Women + oslava 2015'\n                       href='https:\/\/fujultimate.cz\/en\/sezona-2014-15\/nggallery\/2015\/mcr-open-women-oslava-2015'>\n                            <img class=\"Thumb\"\n                                 alt=\"M\u010cR Open &amp; Women + oslava 2015\"\n                                 src=\"https:\/\/fujultimate.cz\/wp-content\/gallery\/mcr-open\/cache\/01.jpg-nggid03174-ngg0dyn-240x160x100-00f0w010c011r110f110r010t010.jpg\"\/>\n                        <\/a>\n                                                        <\/div>\n            <\/div>\n                        <h4>\n                <a class='ngg-album-desc' title='M\u010cR Open &amp; Women + oslava 2015'\n                       href='https:\/\/fujultimate.cz\/en\/sezona-2014-15\/nggallery\/2015\/mcr-open-women-oslava-2015'style=\"max-width: 260px\">Czech outdoor championship Open &amp; Women 2015<\/a>\n            <\/h4>\n            <p class=\"ngg-album-gallery-image-counter\">\n                                    <strong>6<\/strong>&nbsp;Photos                            <\/p>\n        <\/div>\n            <div class=\"ngg-album-compact\">\n            <div class=\"ngg-album-compactbox\">\n                <div class=\"ngg-album-link\">\n                                                                <a title='EUCF 2015'\n                       href='https:\/\/fujultimate.cz\/en\/sezona-2014-15\/nggallery\/2015\/eucf-2015'>\n                            <img class=\"Thumb\"\n                                 alt=\"EUCF 2015\"\n                                 src=\"https:\/\/fujultimate.cz\/wp-content\/gallery\/eucf\/cache\/20151004_FUJ_Wroclaw.jpg-nggid03115-ngg0dyn-240x160x100-00f0w010c011r110f110r010t010.jpg\"\/>\n                        <\/a>\n                                                        <\/div>\n            <\/div>\n                        <h4>\n                <a class='ngg-album-desc' title='EUCF 2015'\n                       href='https:\/\/fujultimate.cz\/en\/sezona-2014-15\/nggallery\/2015\/eucf-2015'style=\"max-width: 260px\">EUCF 2015<\/a>\n            <\/h4>\n            <p class=\"ngg-album-gallery-image-counter\">\n                                    <strong>51<\/strong>&nbsp;Photos                            <\/p>\n        <\/div>\n            <div class=\"ngg-album-compact\">\n            <div class=\"ngg-album-compactbox\">\n                <div class=\"ngg-album-link\">\n                                                                <a title='EUCR 2015'\n                       href='https:\/\/fujultimate.cz\/en\/sezona-2014-15\/nggallery\/2015\/eucr-2015'>\n                            <img class=\"Thumb\"\n                                 alt=\"EUCR 2015\"\n                                 src=\"https:\/\/fujultimate.cz\/wp-content\/gallery\/eucr\/cache\/DSCN3196.JPG-nggid03171-ngg0dyn-240x160x100-00f0w010c011r110f110r010t010.JPG\"\/>\n                        <\/a>\n                                                        <\/div>\n            <\/div>\n                        <h4>\n                <a class='ngg-album-desc' title='EUCR 2015'\n                       href='https:\/\/fujultimate.cz\/en\/sezona-2014-15\/nggallery\/2015\/eucr-2015'style=\"max-width: 260px\">EUCR 2015<\/a>\n            <\/h4>\n            <p class=\"ngg-album-gallery-image-counter\">\n                                    <strong>8<\/strong>&nbsp;Photos                            <\/p>\n        <\/div>\n            <div class=\"ngg-album-compact\">\n            <div class=\"ngg-album-compactbox\">\n                <div class=\"ngg-album-link\">\n                                                                <a title='Bruggy 2015'\n                       href='https:\/\/fujultimate.cz\/en\/sezona-2014-15\/nggallery\/2015\/bruggy-2015'>\n                            <img class=\"Thumb\"\n                                 alt=\"Bruggy 2015\"\n                                 src=\"https:\/\/fujultimate.cz\/wp-content\/gallery\/bruggy\/cache\/IMG_20150501_190525.jpg-nggid03179-ngg0dyn-240x160x100-00f0w010c011r110f110r010t010.jpg\"\/>\n                        <\/a>\n                                                        <\/div>\n            <\/div>\n                        <h4>\n                <a class='ngg-album-desc' title='Bruggy 2015'\n                       href='https:\/\/fujultimate.cz\/en\/sezona-2014-15\/nggallery\/2015\/bruggy-2015'style=\"max-width: 260px\">Bruggy 2015<\/a>\n            <\/h4>\n            <p class=\"ngg-album-gallery-image-counter\">\n                                    <strong>7<\/strong>&nbsp;Photos                            <\/p>\n        <\/div>\n            <div class=\"ngg-album-compact\">\n            <div class=\"ngg-album-compactbox\">\n                <div class=\"ngg-album-link\">\n                                                                <a title='Kvalifikace M\u010cR Open &amp; Woman 2015'\n                       href='https:\/\/fujultimate.cz\/en\/sezona-2014-15\/nggallery\/2015\/kvalifikace-mcr-open-woman-2015'>\n                            <img class=\"Thumb\"\n                                 alt=\"Kvalifikace M\u010cR Open &amp; Woman 2015\"\n                                 src=\"https:\/\/fujultimate.cz\/wp-content\/gallery\/kvalifikace-mcr-open-woman-2015\/cache\/KVALDA_2015.jpg-nggid03346-ngg0dyn-240x160x100-00f0w010c011r110f110r010t010.jpg\"\/>\n                        <\/a>\n                                                        <\/div>\n            <\/div>\n                        <h4>\n                <a class='ngg-album-desc' title='Kvalifikace M\u010cR Open &amp; Woman 2015'\n                       href='https:\/\/fujultimate.cz\/en\/sezona-2014-15\/nggallery\/2015\/kvalifikace-mcr-open-woman-2015'style=\"max-width: 260px\">Qualification for the Czech outdoor championship Open &amp; Women 2015<\/a>\n            <\/h4>\n            <p class=\"ngg-album-gallery-image-counter\">\n                                    <strong>1<\/strong>&nbsp;Photos                            <\/p>\n        <\/div>\n            <div class=\"ngg-album-compact\">\n            <div class=\"ngg-album-compactbox\">\n                <div class=\"ngg-album-link\">\n                                                                <a title='FUJ Teambuilding 2015'\n                       href='https:\/\/fujultimate.cz\/en\/sezona-2014-15\/nggallery\/2015\/tmeleni-fuj-2015'>\n                            <img class=\"Thumb\"\n                                 alt=\"Tmelen\u00ed FUJ 2015\"\n                                 src=\"https:\/\/fujultimate.cz\/wp-content\/gallery\/tmeleni-fuj-2015\/cache\/TMELEN%C3%8DFUJ_2015.jpg-nggid03347-ngg0dyn-240x160x100-00f0w010c011r110f110r010t010.jpg\"\/>\n                        <\/a>\n                                                        <\/div>\n            <\/div>\n                        <h4>\n                <a class='ngg-album-desc' title='FUJ Teambuilding 2015'\n                       href='https:\/\/fujultimate.cz\/en\/sezona-2014-15\/nggallery\/2015\/tmeleni-fuj-2015'style=\"max-width: 260px\">FUJ Teambuilding 2015<\/a>\n            <\/h4>\n            <p class=\"ngg-album-gallery-image-counter\">\n                                    <strong>1<\/strong>&nbsp;Photos                            <\/p>\n        <\/div>\n        <br class=\"ngg-clear\"\/>\n    <div class='ngg-clear'><\/div><\/div>\n\n\n\n\n<figure class=\"wp-block-embed-youtube wp-block-embed is-type-video is-provider-youtube wp-embed-aspect-16-9 wp-has-aspect-ratio\"><div class=\"wp-block-embed__wrapper\">\n<iframe loading=\"lazy\" title=\"Ultimate FUJ 2015 Brugges\" width=\"525\" height=\"295\" src=\"https:\/\/www.youtube.com\/embed\/-POlDOKsG_g?feature=oembed\" frameborder=\"0\" allow=\"accelerometer; autoplay; clipboard-write; encrypted-media; gyroscope; picture-in-picture; web-share\" referrerpolicy=\"strict-origin-when-cross-origin\" allowfullscreen><\/iframe>\n<\/div><\/figure>\n\n\n\n<figure class=\"wp-block-embed-youtube wp-block-embed is-type-video is-provider-youtube wp-embed-aspect-16-9 wp-has-aspect-ratio\"><div class=\"wp-block-embed__wrapper\">\n<iframe loading=\"lazy\" title=\"3SB vs. FUJ - posledn\u00ed bod fin\u00e1le M\u010cR Mixed 2015\" width=\"525\" height=\"295\" src=\"https:\/\/www.youtube.com\/embed\/UyM3Ngp06dk?feature=oembed\" frameborder=\"0\" allow=\"accelerometer; autoplay; clipboard-write; encrypted-media; gyroscope; picture-in-picture; web-share\" referrerpolicy=\"strict-origin-when-cross-origin\" allowfullscreen><\/iframe>\n<\/div><\/figure>\n\n\n\n<p><\/p>","protected":false},"excerpt":{"rendered":"","protected":false},"author":1,"featured_media":0,"parent":0,"menu_order":0,"comment_status":"closed","ping_status":"closed","template":"","meta":{"ngg_post_thumbnail":0,"footnotes":""},"class_list":["post-1100","page","type-page","status-publish","hentry"],"_links":{"self":[{"href":"https:\/\/fujultimate.cz\/en\/wp-json\/wp\/v2\/pages\/1100","targetHints":{"allow":["GET"]}}],"collection":[{"href":"https:\/\/fujultimate.cz\/en\/wp-json\/wp\/v2\/pages"}],"about":[{"href":"https:\/\/fujultimate.cz\/en\/wp-json\/wp\/v2\/types\/page"}],"author":[{"embeddable":true,"href":"https:\/\/fujultimate.cz\/en\/wp-json\/wp\/v2\/users\/1"}],"replies":[{"embeddable":true,"href":"https:\/\/fujultimate.cz\/en\/wp-json\/wp\/v2\/comments?post=1100"}],"version-history":[{"count":1,"href":"https:\/\/fujultimate.cz\/en\/wp-json\/wp\/v2\/pages\/1100\/revisions"}],"predecessor-version":[{"id":1101,"href":"https:\/\/fujultimate.cz\/en\/wp-json\/wp\/v2\/pages\/1100\/revisions\/1101"}],"wp:attachment":[{"href":"https:\/\/fujultimate.cz\/en\/wp-json\/wp\/v2\/media?parent=1100"}],"curies":[{"name":"wp","href":"https:\/\/api.w.org\/{rel}","templated":true}]}}