{"id":1098,"date":"2020-05-04T15:52:07","date_gmt":"2020-05-04T13:52:07","guid":{"rendered":"http:\/\/fujultimate.cz\/?page_id=1098"},"modified":"2020-05-04T15:52:07","modified_gmt":"2020-05-04T13:52:07","slug":"sezona-2015-16","status":"publish","type":"page","link":"https:\/\/fujultimate.cz\/en\/sezona-2015-16\/","title":{"rendered":"Season 2015\/16"},"content":{"rendered":"<div class=\"ngg-albumoverview default-view\">\n            <div class=\"ngg-album-compact\">\n            <div class=\"ngg-album-compactbox\">\n                <div class=\"ngg-album-link\">\n                                                                <a title='Training 2016'\n                       href='https:\/\/fujultimate.cz\/en\/sezona-2015-16\/nggallery\/2016\/treninky-2016'>\n                            <img class=\"Thumb\"\n                                 alt=\"Tr\u00e9ninky 2016\"\n                                 src=\"https:\/\/fujultimate.cz\/wp-content\/gallery\/treninky-2016\/cache\/HALA_2016.jpg-nggid03348-ngg0dyn-240x160x100-00f0w010c011r110f110r010t010.jpg\"\/>\n                        <\/a>\n                                                        <\/div>\n            <\/div>\n                        <h4>\n                <a class='ngg-album-desc' title='Training 2016'\n                       href='https:\/\/fujultimate.cz\/en\/sezona-2015-16\/nggallery\/2016\/treninky-2016'style=\"max-width: 260px\">Training 2016<\/a>\n            <\/h4>\n            <p class=\"ngg-album-gallery-image-counter\">\n                                    <strong>1<\/strong>&nbsp;Photos                            <\/p>\n        <\/div>\n            <div class=\"ngg-album-compact\">\n            <div class=\"ngg-album-compactbox\">\n                <div class=\"ngg-album-link\">\n                                                                <a title='Czech outdoor championship MIX 2016'\n                       href='https:\/\/fujultimate.cz\/en\/sezona-2015-16\/nggallery\/2016\/mcr-mix-2016'>\n                            <img class=\"Thumb\"\n                                 alt=\"M\u010cR MIX 2016\"\n                                 src=\"https:\/\/fujultimate.cz\/wp-content\/gallery\/mcr-mix-2016\/cache\/20161008-MCR-MIX-2.jpg-nggid03441-ngg0dyn-240x160x100-00f0w010c011r110f110r010t010.jpg\"\/>\n                        <\/a>\n                                                        <\/div>\n            <\/div>\n                        <h4>\n                <a class='ngg-album-desc' title='Czech outdoor championship MIX 2016'\n                       href='https:\/\/fujultimate.cz\/en\/sezona-2015-16\/nggallery\/2016\/mcr-mix-2016'style=\"max-width: 260px\">Czech outdoor championship MIX 2016<\/a>\n            <\/h4>\n            <p class=\"ngg-album-gallery-image-counter\">\n                                    <strong>2<\/strong>&nbsp;Photos                            <\/p>\n        <\/div>\n            <div class=\"ngg-album-compact\">\n            <div class=\"ngg-album-compactbox\">\n                <div class=\"ngg-album-link\">\n                                                                <a title='EUCQ \u0160ardice 2016'\n                       href='https:\/\/fujultimate.cz\/en\/sezona-2015-16\/nggallery\/2016\/eucq-sardice-2016'>\n                            <img class=\"Thumb\"\n                                 alt=\"EUCQ \u0160ardice 2016\"\n                                 src=\"https:\/\/fujultimate.cz\/wp-content\/gallery\/sardice-eucq\/cache\/FUJ.jpg-nggid0297-ngg0dyn-240x160x100-00f0w010c011r110f110r010t010.jpg\"\/>\n                        <\/a>\n                                                        <\/div>\n            <\/div>\n                        <h4>\n                <a class='ngg-album-desc' title='EUCQ \u0160ardice 2016'\n                       href='https:\/\/fujultimate.cz\/en\/sezona-2015-16\/nggallery\/2016\/eucq-sardice-2016'style=\"max-width: 260px\">EUCQ \u0160ardice 2016<\/a>\n            <\/h4>\n            <p class=\"ngg-album-gallery-image-counter\">\n                                    <strong>12<\/strong>&nbsp;Photos                            <\/p>\n        <\/div>\n            <div class=\"ngg-album-compact\">\n            <div class=\"ngg-album-compactbox\">\n                <div class=\"ngg-album-link\">\n                                                                <a title='FUJ Teambulding 2016'\n                       href='https:\/\/fujultimate.cz\/en\/sezona-2015-16\/nggallery\/2016\/fuj-tmeleni-2016'>\n                            <img class=\"Thumb\"\n                                 alt=\"FUJ Tmelen\u00ed 2016\"\n                                 src=\"https:\/\/fujultimate.cz\/wp-content\/gallery\/fuj-tmeleni\/cache\/IMG_20160319_154819.jpg-nggid03101-ngg0dyn-240x160x100-00f0w010c011r110f110r010t010.jpg\"\/>\n                        <\/a>\n                                                        <\/div>\n            <\/div>\n                        <h4>\n                <a class='ngg-album-desc' title='FUJ Teambulding 2016'\n                       href='https:\/\/fujultimate.cz\/en\/sezona-2015-16\/nggallery\/2016\/fuj-tmeleni-2016'style=\"max-width: 260px\">FUJ Teambulding 2016<\/a>\n            <\/h4>\n            <p class=\"ngg-album-gallery-image-counter\">\n                                    <strong>4<\/strong>&nbsp;Photos                            <\/p>\n        <\/div>\n            <div class=\"ngg-album-compact\">\n            <div class=\"ngg-album-compactbox\">\n                <div class=\"ngg-album-link\">\n                                                                <a title='Prague Winter 2016'\n                       href='https:\/\/fujultimate.cz\/en\/sezona-2015-16\/nggallery\/2016\/prague-winter-2016'>\n                            <img class=\"Thumb\"\n                                 alt=\"Prague Winter 2016\"\n                                 src=\"https:\/\/fujultimate.cz\/wp-content\/gallery\/prague-winter-1\/cache\/Spolecna.jpg-nggid03103-ngg0dyn-240x160x100-00f0w010c011r110f110r010t010.jpg\"\/>\n                        <\/a>\n                                                        <\/div>\n            <\/div>\n                        <h4>\n                <a class='ngg-album-desc' title='Prague Winter 2016'\n                       href='https:\/\/fujultimate.cz\/en\/sezona-2015-16\/nggallery\/2016\/prague-winter-2016'style=\"max-width: 260px\">Prague Winter 2016<\/a>\n            <\/h4>\n            <p class=\"ngg-album-gallery-image-counter\">\n                                    <strong>2<\/strong>&nbsp;Photos                            <\/p>\n        <\/div>\n        <br class=\"ngg-clear\"\/>\n    <div class='ngg-clear'><\/div><\/div>\n\n\n\n\n<figure class=\"wp-block-embed-youtube wp-block-embed is-type-video is-provider-youtube wp-embed-aspect-16-9 wp-has-aspect-ratio\"><div class=\"wp-block-embed__wrapper\">\n<iframe loading=\"lazy\" title=\"HM\u010cR junior\u016f 2016, z\u00e1pas o 3. m\u00edsto 3SB A vs. FUJ\" width=\"525\" height=\"295\" src=\"https:\/\/www.youtube.com\/embed\/gNONgze75K8?feature=oembed\" frameborder=\"0\" allow=\"accelerometer; autoplay; clipboard-write; encrypted-media; gyroscope; picture-in-picture; web-share\" referrerpolicy=\"strict-origin-when-cross-origin\" allowfullscreen><\/iframe>\n<\/div><\/figure>","protected":false},"excerpt":{"rendered":"","protected":false},"author":1,"featured_media":0,"parent":0,"menu_order":0,"comment_status":"closed","ping_status":"closed","template":"","meta":{"ngg_post_thumbnail":0,"footnotes":""},"class_list":["post-1098","page","type-page","status-publish","hentry"],"_links":{"self":[{"href":"https:\/\/fujultimate.cz\/en\/wp-json\/wp\/v2\/pages\/1098","targetHints":{"allow":["GET"]}}],"collection":[{"href":"https:\/\/fujultimate.cz\/en\/wp-json\/wp\/v2\/pages"}],"about":[{"href":"https:\/\/fujultimate.cz\/en\/wp-json\/wp\/v2\/types\/page"}],"author":[{"embeddable":true,"href":"https:\/\/fujultimate.cz\/en\/wp-json\/wp\/v2\/users\/1"}],"replies":[{"embeddable":true,"href":"https:\/\/fujultimate.cz\/en\/wp-json\/wp\/v2\/comments?post=1098"}],"version-history":[{"count":1,"href":"https:\/\/fujultimate.cz\/en\/wp-json\/wp\/v2\/pages\/1098\/revisions"}],"predecessor-version":[{"id":1099,"href":"https:\/\/fujultimate.cz\/en\/wp-json\/wp\/v2\/pages\/1098\/revisions\/1099"}],"wp:attachment":[{"href":"https:\/\/fujultimate.cz\/en\/wp-json\/wp\/v2\/media?parent=1098"}],"curies":[{"name":"wp","href":"https:\/\/api.w.org\/{rel}","templated":true}]}}