{"id":1096,"date":"2020-05-04T15:51:12","date_gmt":"2020-05-04T13:51:12","guid":{"rendered":"http:\/\/fujultimate.cz\/?page_id=1096"},"modified":"2020-05-04T16:08:29","modified_gmt":"2020-05-04T14:08:29","slug":"sezona-2016-17","status":"publish","type":"page","link":"https:\/\/fujultimate.cz\/en\/sezona-2016-17\/","title":{"rendered":"Season 2016\/17"},"content":{"rendered":"<p class=\"has-small-font-size\">Thanks to <a rel=\"noreferrer noopener\" href=\"https:\/\/klaralipertova.wixsite.com\/photography\" target=\"_blank\">Kl\u00e1\u0159e Lipertov\u00e9<\/a> for providing her photos.<\/p>\n\n\n\n<div class=\"ngg-albumoverview default-view\">\n            <div class=\"ngg-album-compact\">\n            <div class=\"ngg-album-compactbox\">\n                <div class=\"ngg-album-link\">\n                                                                <a title='EUCF 2017'\n                       href='https:\/\/fujultimate.cz\/en\/sezona-2016-17\/nggallery\/2017\/eucf-2017'>\n                            <img class=\"Thumb\"\n                                 alt=\"EUCF 2017\"\n                                 src=\"https:\/\/fujultimate.cz\/wp-content\/gallery\/eucf-2017\/cache\/2017-EUCF-Caorle.jpg-nggid03428-ngg0dyn-240x160x100-00f0w010c011r110f110r010t010.jpg\"\/>\n                        <\/a>\n                                                        <\/div>\n            <\/div>\n                        <h4>\n                <a class='ngg-album-desc' title='EUCF 2017'\n                       href='https:\/\/fujultimate.cz\/en\/sezona-2016-17\/nggallery\/2017\/eucf-2017'style=\"max-width: 260px\">EUCF 2017<\/a>\n            <\/h4>\n            <p class=\"ngg-album-gallery-image-counter\">\n                                    <strong>28<\/strong>&nbsp;Photos                            <\/p>\n        <\/div>\n            <div class=\"ngg-album-compact\">\n            <div class=\"ngg-album-compactbox\">\n                <div class=\"ngg-album-link\">\n                                                                <a title='EUCR 2017'\n                       href='https:\/\/fujultimate.cz\/en\/sezona-2016-17\/nggallery\/2017\/eucr-2017'>\n                            <img class=\"Thumb\"\n                                 alt=\"EUCR 2017\"\n                                 src=\"https:\/\/fujultimate.cz\/wp-content\/gallery\/eucr-2017\/cache\/20170827-EUCR-Viden.jpg-nggid03435-ngg0dyn-240x160x100-00f0w010c011r110f110r010t010.jpg\"\/>\n                        <\/a>\n                                                        <\/div>\n            <\/div>\n                        <h4>\n                <a class='ngg-album-desc' title='EUCR 2017'\n                       href='https:\/\/fujultimate.cz\/en\/sezona-2016-17\/nggallery\/2017\/eucr-2017'style=\"max-width: 260px\">EUCR 2017<\/a>\n            <\/h4>\n            <p class=\"ngg-album-gallery-image-counter\">\n                                    <strong>1<\/strong>&nbsp;Photos                            <\/p>\n        <\/div>\n            <div class=\"ngg-album-compact\">\n            <div class=\"ngg-album-compactbox\">\n                <div class=\"ngg-album-link\">\n                                                                <a title='M\u010cR Open &amp; Women 2017'\n                       href='https:\/\/fujultimate.cz\/en\/sezona-2016-17\/nggallery\/2017\/mcr-open-women-2017'>\n                            <img class=\"Thumb\"\n                                 alt=\"M\u010cR Open &amp; Women 2017\"\n                                 src=\"https:\/\/fujultimate.cz\/wp-content\/gallery\/mcr-open-women-2017\/cache\/img_2158_37334975715_o.jpg-nggid03330-ngg0dyn-240x160x100-00f0w010c011r110f110r010t010.jpg\"\/>\n                        <\/a>\n                                                        <\/div>\n            <\/div>\n                        <h4>\n                <a class='ngg-album-desc' title='M\u010cR Open &amp; Women 2017'\n                       href='https:\/\/fujultimate.cz\/en\/sezona-2016-17\/nggallery\/2017\/mcr-open-women-2017'style=\"max-width: 260px\">Czech outdoor championship Open &amp; Women 2017<\/a>\n            <\/h4>\n            <p class=\"ngg-album-gallery-image-counter\">\n                                    <strong>67<\/strong>&nbsp;Photos                            <\/p>\n        <\/div>\n            <div class=\"ngg-album-compact\">\n            <div class=\"ngg-album-compactbox\">\n                <div class=\"ngg-album-link\">\n                                                                <a title='Windmill 2017'\n                       href='https:\/\/fujultimate.cz\/en\/sezona-2016-17\/nggallery\/2017\/windmill-2017'>\n                            <img class=\"Thumb\"\n                                 alt=\"Windmill 2017\"\n                                 src=\"https:\/\/fujultimate.cz\/wp-content\/gallery\/windmill-2017\/cache\/35203000846_955b2e0baf_o.jpg-nggid03342-ngg0dyn-240x160x100-00f0w010c011r110f110r010t010.jpg\"\/>\n                        <\/a>\n                                                        <\/div>\n            <\/div>\n                        <h4>\n                <a class='ngg-album-desc' title='Windmill 2017'\n                       href='https:\/\/fujultimate.cz\/en\/sezona-2016-17\/nggallery\/2017\/windmill-2017'style=\"max-width: 260px\">Windmill 2017<\/a>\n            <\/h4>\n            <p class=\"ngg-album-gallery-image-counter\">\n                                    <strong>8<\/strong>&nbsp;Photos                            <\/p>\n        <\/div>\n            <div class=\"ngg-album-compact\">\n            <div class=\"ngg-album-compactbox\">\n                <div class=\"ngg-album-link\">\n                                                                <a title='Qualification for the Czech outdoor championship MIX 2017'\n                       href='https:\/\/fujultimate.cz\/en\/sezona-2016-17\/nggallery\/2017\/kvalifikace-mcr-mix-2017'>\n                            <img class=\"Thumb\"\n                                 alt=\"Kvalifikace M\u010cR MIX 2017\"\n                                 src=\"https:\/\/fujultimate.cz\/wp-content\/gallery\/kvalifikace-mcr-mix-2017\/cache\/01.jpg-nggid03368-ngg0dyn-240x160x100-00f0w010c011r110f110r010t010.jpg\"\/>\n                        <\/a>\n                                                        <\/div>\n            <\/div>\n                        <h4>\n                <a class='ngg-album-desc' title='Qualification for the Czech outdoor championship MIX 2017'\n                       href='https:\/\/fujultimate.cz\/en\/sezona-2016-17\/nggallery\/2017\/kvalifikace-mcr-mix-2017'style=\"max-width: 260px\">Qualification for the Czech outdoor championship MIX 2017<\/a>\n            <\/h4>\n            <p class=\"ngg-album-gallery-image-counter\">\n                                    <strong>1<\/strong>&nbsp;Photos                            <\/p>\n        <\/div>\n            <div class=\"ngg-album-compact\">\n            <div class=\"ngg-album-compactbox\">\n                <div class=\"ngg-album-link\">\n                                                                <a title='Hamburg Rumble 2017'\n                       href='https:\/\/fujultimate.cz\/en\/sezona-2016-17\/nggallery\/2017\/hamburg-rumble-2017'>\n                            <img class=\"Thumb\"\n                                 alt=\"Hamburg Rumble 2017\"\n                                 src=\"https:\/\/fujultimate.cz\/wp-content\/gallery\/hamburg-rumble-1\/cache\/Flying-Ultimate-Junta-FUJ.jpg-nggid0284-ngg0dyn-240x160x100-00f0w010c011r110f110r010t010.jpg\"\/>\n                        <\/a>\n                                                        <\/div>\n            <\/div>\n                        <h4>\n                <a class='ngg-album-desc' title='Hamburg Rumble 2017'\n                       href='https:\/\/fujultimate.cz\/en\/sezona-2016-17\/nggallery\/2017\/hamburg-rumble-2017'style=\"max-width: 260px\">Hamburg Rumble 2017<\/a>\n            <\/h4>\n            <p class=\"ngg-album-gallery-image-counter\">\n                                    <strong>3<\/strong>&nbsp;Photos                            <\/p>\n        <\/div>\n            <div class=\"ngg-album-compact\">\n            <div class=\"ngg-album-compactbox\">\n                <div class=\"ngg-album-link\">\n                                                                <a title='Kvalifikace HM\u010cR Open &amp; Women 2017'\n                       href='https:\/\/fujultimate.cz\/en\/sezona-2016-17\/nggallery\/2017\/kvalifikace-hmcr-open-women-2017'>\n                            <img class=\"Thumb\"\n                                 alt=\"Kvalifikace HM\u010cR Open &amp; Women 2017\"\n                                 src=\"https:\/\/fujultimate.cz\/wp-content\/gallery\/kvalifikace-hmcr-open-women-2017\/cache\/Women.jpg-nggid03391-ngg0dyn-240x160x100-00f0w010c011r110f110r010t010.jpg\"\/>\n                        <\/a>\n                                                        <\/div>\n            <\/div>\n                        <h4>\n                <a class='ngg-album-desc' title='Kvalifikace HM\u010cR Open &amp; Women 2017'\n                       href='https:\/\/fujultimate.cz\/en\/sezona-2016-17\/nggallery\/2017\/kvalifikace-hmcr-open-women-2017'style=\"max-width: 260px\">Qualification for the Czech indoor championship Open &amp; Women 2017<\/a>\n            <\/h4>\n            <p class=\"ngg-album-gallery-image-counter\">\n                                    <strong>2<\/strong>&nbsp;Photos                            <\/p>\n        <\/div>\n            <div class=\"ngg-album-compact\">\n            <div class=\"ngg-album-compactbox\">\n                <div class=\"ngg-album-link\">\n                                                                <a title='Czech indoor championship MIX 2017'\n                       href='https:\/\/fujultimate.cz\/en\/sezona-2016-17\/nggallery\/2017\/hmcr-mix-2017'>\n                            <img class=\"Thumb\"\n                                 alt=\"HM\u010cR MIX 2017\"\n                                 src=\"https:\/\/fujultimate.cz\/wp-content\/gallery\/hmcr-mix-2017\/cache\/HM%C4%8CRMIX_2017.jpg-nggid03349-ngg0dyn-240x160x100-00f0w010c011r110f110r010t010.jpg\"\/>\n                        <\/a>\n                                                        <\/div>\n            <\/div>\n                        <h4>\n                <a class='ngg-album-desc' title='Czech indoor championship MIX 2017'\n                       href='https:\/\/fujultimate.cz\/en\/sezona-2016-17\/nggallery\/2017\/hmcr-mix-2017'style=\"max-width: 260px\">Czech indoor championship MIX 2017<\/a>\n            <\/h4>\n            <p class=\"ngg-album-gallery-image-counter\">\n                                    <strong>1<\/strong>&nbsp;Photos                            <\/p>\n        <\/div>\n            <div class=\"ngg-album-compact\">\n            <div class=\"ngg-album-compactbox\">\n                <div class=\"ngg-album-link\">\n                                                                <a title='Qualification for the Czech indoor championship 2nd league MIX 2017'\n                       href='https:\/\/fujultimate.cz\/en\/sezona-2016-17\/nggallery\/2017\/kvalifikace-hmcr-mix-o-2-ligu'>\n                            <img class=\"Thumb\"\n                                 alt=\"Kvalifikace HM\u010cR MIX o 2. ligu\"\n                                 src=\"https:\/\/fujultimate.cz\/wp-content\/gallery\/kvalifikace-hmr-o-2-ligu-mix\/cache\/01.jpg-nggid03367-ngg0dyn-240x160x100-00f0w010c011r110f110r010t010.jpg\"\/>\n                        <\/a>\n                                                        <\/div>\n            <\/div>\n                        <h4>\n                <a class='ngg-album-desc' title='Qualification for the Czech indoor championship 2nd league MIX 2017'\n                       href='https:\/\/fujultimate.cz\/en\/sezona-2016-17\/nggallery\/2017\/kvalifikace-hmcr-mix-o-2-ligu'style=\"max-width: 260px\">Qualification for the Czech indoor championship 2nd league MIX 2017<\/a>\n            <\/h4>\n            <p class=\"ngg-album-gallery-image-counter\">\n                                    <strong>1<\/strong>&nbsp;Photos                            <\/p>\n        <\/div>\n        <br class=\"ngg-clear\"\/>\n    <div class='ngg-clear'><\/div><\/div>\n\n\n\n\n<figure class=\"wp-block-embed-youtube wp-block-embed is-type-video is-provider-youtube wp-embed-aspect-16-9 wp-has-aspect-ratio\"><div class=\"wp-block-embed__wrapper\">\n<iframe loading=\"lazy\" title=\"HMR mix 2017 - final - 3SB vs FUJ\" width=\"525\" height=\"295\" src=\"https:\/\/www.youtube.com\/embed\/RzvHJc7KAhk?feature=oembed\" frameborder=\"0\" allow=\"accelerometer; autoplay; clipboard-write; encrypted-media; gyroscope; picture-in-picture; web-share\" referrerpolicy=\"strict-origin-when-cross-origin\" allowfullscreen><\/iframe>\n<\/div><\/figure>\n\n\n\n<figure class=\"wp-block-embed-youtube wp-block-embed is-type-video is-provider-youtube wp-embed-aspect-16-9 wp-has-aspect-ratio\"><div class=\"wp-block-embed__wrapper\">\n<iframe loading=\"lazy\" title=\"Fuj vs Frimet 2\" width=\"525\" height=\"295\" src=\"https:\/\/www.youtube.com\/embed\/2At_VahgIw8?feature=oembed\" frameborder=\"0\" allow=\"accelerometer; autoplay; clipboard-write; encrypted-media; gyroscope; picture-in-picture; web-share\" referrerpolicy=\"strict-origin-when-cross-origin\" allowfullscreen><\/iframe>\n<\/div><\/figure>\n\n\n\n<figure class=\"wp-block-embed-youtube wp-block-embed is-type-video is-provider-youtube wp-embed-aspect-16-9 wp-has-aspect-ratio\"><div class=\"wp-block-embed__wrapper\">\n<iframe loading=\"lazy\" title=\"MR kvalifikace hala 2017 open - FUJ vs. Terrible Monkeys\" width=\"525\" height=\"295\" src=\"https:\/\/www.youtube.com\/embed\/s0OnwsMGGjc?feature=oembed\" frameborder=\"0\" allow=\"accelerometer; autoplay; clipboard-write; encrypted-media; gyroscope; picture-in-picture; web-share\" referrerpolicy=\"strict-origin-when-cross-origin\" allowfullscreen><\/iframe>\n<\/div><\/figure>","protected":false},"excerpt":{"rendered":"<p>D\u011bkujeme Kl\u00e1\u0159e Lipertov\u00e9 za poskytnut\u00ed jej\u00edch fotografi\u00ed.<\/p>","protected":false},"author":1,"featured_media":0,"parent":0,"menu_order":0,"comment_status":"closed","ping_status":"closed","template":"","meta":{"ngg_post_thumbnail":0,"footnotes":""},"class_list":["post-1096","page","type-page","status-publish","hentry"],"_links":{"self":[{"href":"https:\/\/fujultimate.cz\/en\/wp-json\/wp\/v2\/pages\/1096","targetHints":{"allow":["GET"]}}],"collection":[{"href":"https:\/\/fujultimate.cz\/en\/wp-json\/wp\/v2\/pages"}],"about":[{"href":"https:\/\/fujultimate.cz\/en\/wp-json\/wp\/v2\/types\/page"}],"author":[{"embeddable":true,"href":"https:\/\/fujultimate.cz\/en\/wp-json\/wp\/v2\/users\/1"}],"replies":[{"embeddable":true,"href":"https:\/\/fujultimate.cz\/en\/wp-json\/wp\/v2\/comments?post=1096"}],"version-history":[{"count":2,"href":"https:\/\/fujultimate.cz\/en\/wp-json\/wp\/v2\/pages\/1096\/revisions"}],"predecessor-version":[{"id":1113,"href":"https:\/\/fujultimate.cz\/en\/wp-json\/wp\/v2\/pages\/1096\/revisions\/1113"}],"wp:attachment":[{"href":"https:\/\/fujultimate.cz\/en\/wp-json\/wp\/v2\/media?parent=1096"}],"curies":[{"name":"wp","href":"https:\/\/api.w.org\/{rel}","templated":true}]}}