{"id":1091,"date":"2020-05-04T15:43:47","date_gmt":"2020-05-04T13:43:47","guid":{"rendered":"http:\/\/fujultimate.cz\/?page_id=1091"},"modified":"2020-05-04T16:07:10","modified_gmt":"2020-05-04T14:07:10","slug":"sezona-2018-19","status":"publish","type":"page","link":"https:\/\/fujultimate.cz\/en\/sezona-2018-19\/","title":{"rendered":"Season 2018\/19"},"content":{"rendered":"<p class=\"has-small-font-size\">Thanks to <a rel=\"noreferrer noopener\" href=\"https:\/\/klaralipertova.wixsite.com\/photography\" target=\"_blank\">Kl\u00e1\u0159e Lipertov\u00e9<\/a> for providing her photos.<\/p>\n\n\n\n<div class=\"ngg-albumoverview default-view\">\n            <div class=\"ngg-album-compact\">\n            <div class=\"ngg-album-compactbox\">\n                <div class=\"ngg-album-link\">\n                                                                <a title='Frisbee ceremony 2019'\n                       href='https:\/\/fujultimate.cz\/en\/sezona-2018-19\/nggallery\/2019\/frisbee-galavecer-2019'>\n                            <img class=\"Thumb\"\n                                 alt=\"Frisbee galave\u010der 2019\"\n                                 src=\"https:\/\/fujultimate.cz\/wp-content\/gallery\/frisbee-galavecer\/cache\/DSC_4069.jpg-nggid0244-ngg0dyn-240x160x100-00f0w010c011r110f110r010t010.jpg\"\/>\n                        <\/a>\n                                                        <\/div>\n            <\/div>\n                        <h4>\n                <a class='ngg-album-desc' title='Frisbee ceremony 2019'\n                       href='https:\/\/fujultimate.cz\/en\/sezona-2018-19\/nggallery\/2019\/frisbee-galavecer-2019'style=\"max-width: 260px\">Frisbee ceremony 2019<\/a>\n            <\/h4>\n            <p class=\"ngg-album-gallery-image-counter\">\n                                    <strong>7<\/strong>&nbsp;Photos                            <\/p>\n        <\/div>\n            <div class=\"ngg-album-compact\">\n            <div class=\"ngg-album-compactbox\">\n                <div class=\"ngg-album-link\">\n                                                                <a title='EUCF 2019, Caorle'\n                       href='https:\/\/fujultimate.cz\/en\/sezona-2018-19\/nggallery\/2019\/eucf-2019-caorle'>\n                            <img class=\"Thumb\"\n                                 alt=\"EUCF 2019, Caorle\"\n                                 src=\"https:\/\/fujultimate.cz\/wp-content\/gallery\/eucf-2019-caorle\/cache\/01.jpg-nggid03378-ngg0dyn-240x160x100-00f0w010c011r110f110r010t010.jpg\"\/>\n                        <\/a>\n                                                        <\/div>\n            <\/div>\n                        <h4>\n                <a class='ngg-album-desc' title='EUCF 2019, Caorle'\n                       href='https:\/\/fujultimate.cz\/en\/sezona-2018-19\/nggallery\/2019\/eucf-2019-caorle'style=\"max-width: 260px\">EUCF 2019, Caorle<\/a>\n            <\/h4>\n            <p class=\"ngg-album-gallery-image-counter\">\n                                    <strong>14<\/strong>&nbsp;Photos                            <\/p>\n        <\/div>\n            <div class=\"ngg-album-compact\">\n            <div class=\"ngg-album-compactbox\">\n                <div class=\"ngg-album-link\">\n                                                                <a title='M\u010cR Open &amp; Women 2019'\n                       href='https:\/\/fujultimate.cz\/en\/sezona-2018-19\/nggallery\/2019\/mcr-open-women-2019'>\n                            <img class=\"Thumb\"\n                                 alt=\"M\u010cR Open &amp; Women 2019\"\n                                 src=\"https:\/\/fujultimate.cz\/wp-content\/gallery\/mcr-open-women\/cache\/DSC_0987.jpg-nggid03190-ngg0dyn-240x160x100-00f0w010c011r110f110r010t010.jpg\"\/>\n                        <\/a>\n                                                        <\/div>\n            <\/div>\n                        <h4>\n                <a class='ngg-album-desc' title='M\u010cR Open &amp; Women 2019'\n                       href='https:\/\/fujultimate.cz\/en\/sezona-2018-19\/nggallery\/2019\/mcr-open-women-2019'style=\"max-width: 260px\">Czech outdoor championship Open &amp; Women 2019<\/a>\n            <\/h4>\n            <p class=\"ngg-album-gallery-image-counter\">\n                                    <strong>10<\/strong>&nbsp;Photos                            <\/p>\n        <\/div>\n            <div class=\"ngg-album-compact\">\n            <div class=\"ngg-album-compactbox\">\n                <div class=\"ngg-album-link\">\n                                                                <a title='Czech beach championship MIX 2019'\n                       href='https:\/\/fujultimate.cz\/en\/sezona-2018-19\/nggallery\/2019\/mcr-mix-beach-2019'>\n                            <img class=\"Thumb\"\n                                 alt=\"M\u010cR MIX Beach 2019\"\n                                 src=\"https:\/\/fujultimate.cz\/wp-content\/gallery\/mcr-mix-beach\/cache\/IMG_20190803_110059.jpg-nggid0270-ngg0dyn-240x160x100-00f0w010c011r110f110r010t010.jpg\"\/>\n                        <\/a>\n                                                        <\/div>\n            <\/div>\n                        <h4>\n                <a class='ngg-album-desc' title='Czech beach championship MIX 2019'\n                       href='https:\/\/fujultimate.cz\/en\/sezona-2018-19\/nggallery\/2019\/mcr-mix-beach-2019'style=\"max-width: 260px\">Czech beach championship MIX 2019<\/a>\n            <\/h4>\n            <p class=\"ngg-album-gallery-image-counter\">\n                                    <strong>3<\/strong>&nbsp;Photos                            <\/p>\n        <\/div>\n            <div class=\"ngg-album-compact\">\n            <div class=\"ngg-album-compactbox\">\n                <div class=\"ngg-album-link\">\n                                                                <a title='EUCR-E O+W 2019'\n                       href='https:\/\/fujultimate.cz\/en\/sezona-2018-19\/nggallery\/2019\/eucr-e-ow-2019'>\n                            <img class=\"Thumb\"\n                                 alt=\"EUCR-E O+W 2019\"\n                                 src=\"https:\/\/fujultimate.cz\/wp-content\/gallery\/eucr-e-ow-2019\/cache\/01.jpg-nggid03377-ngg0dyn-240x160x100-00f0w010c011r110f110r010t010.jpg\"\/>\n                        <\/a>\n                                                        <\/div>\n            <\/div>\n                        <h4>\n                <a class='ngg-album-desc' title='EUCR-E O+W 2019'\n                       href='https:\/\/fujultimate.cz\/en\/sezona-2018-19\/nggallery\/2019\/eucr-e-ow-2019'style=\"max-width: 260px\">EUCR-E O+W 2019<\/a>\n            <\/h4>\n            <p class=\"ngg-album-gallery-image-counter\">\n                                    <strong>2<\/strong>&nbsp;Photos                            <\/p>\n        <\/div>\n            <div class=\"ngg-album-compact\">\n            <div class=\"ngg-album-compactbox\">\n                <div class=\"ngg-album-link\">\n                                                                <a title='EUCQ \u0160ardice 2019'\n                       href='https:\/\/fujultimate.cz\/en\/sezona-2018-19\/nggallery\/2019\/eucq-sardice-2019'>\n                            <img class=\"Thumb\"\n                                 alt=\"EUCQ \u0160ardice 2019\"\n                                 src=\"https:\/\/fujultimate.cz\/wp-content\/gallery\/eucq-sardice\/cache\/9b2253d1-77ce-45fd-8f60-de8d0582f31f.jpg-nggid03191-ngg0dyn-240x160x100-00f0w010c011r110f110r010t010.jpg\"\/>\n                        <\/a>\n                                                        <\/div>\n            <\/div>\n                        <h4>\n                <a class='ngg-album-desc' title='EUCQ \u0160ardice 2019'\n                       href='https:\/\/fujultimate.cz\/en\/sezona-2018-19\/nggallery\/2019\/eucq-sardice-2019'style=\"max-width: 260px\">EUCQ \u0160ardice 2019<\/a>\n            <\/h4>\n            <p class=\"ngg-album-gallery-image-counter\">\n                                    <strong>3<\/strong>&nbsp;Photos                            <\/p>\n        <\/div>\n            <div class=\"ngg-album-compact\">\n            <div class=\"ngg-album-compactbox\">\n                <div class=\"ngg-album-link\">\n                                                                <a title='Qualification for the Czech outdoor championship MIX 2019'\n                       href='https:\/\/fujultimate.cz\/en\/sezona-2018-19\/nggallery\/2019\/kvalifikace-mcr-mix-2019'>\n                            <img class=\"Thumb\"\n                                 alt=\"Kvalifikace M\u010cR MIX 2019\"\n                                 src=\"https:\/\/fujultimate.cz\/wp-content\/gallery\/kvalifikace-hmcr-mix-2019-2021\/cache\/KVALDAMIX_2019.jpeg-nggid03360-ngg0dyn-240x160x100-00f0w010c011r110f110r010t010.jpeg\"\/>\n                        <\/a>\n                                                        <\/div>\n            <\/div>\n                        <h4>\n                <a class='ngg-album-desc' title='Qualification for the Czech outdoor championship MIX 2019'\n                       href='https:\/\/fujultimate.cz\/en\/sezona-2018-19\/nggallery\/2019\/kvalifikace-mcr-mix-2019'style=\"max-width: 260px\">Qualification for the Czech outdoor championship MIX 2019<\/a>\n            <\/h4>\n            <p class=\"ngg-album-gallery-image-counter\">\n                                    <strong>4<\/strong>&nbsp;Photos                            <\/p>\n        <\/div>\n            <div class=\"ngg-album-compact\">\n            <div class=\"ngg-album-compactbox\">\n                <div class=\"ngg-album-link\">\n                                                                <a title='Czech outdoor championship MIX 2019'\n                       href='https:\/\/fujultimate.cz\/en\/sezona-2018-19\/nggallery\/2019\/mcr-mix-2019-3'>\n                            <img class=\"Thumb\"\n                                 alt=\"M\u010cR MIX 2019\"\n                                 src=\"https:\/\/fujultimate.cz\/wp-content\/gallery\/mcr-mix-2019\/cache\/65043516_401422750499969_2099056938254860288_n.jpg-nggid03463-ngg0dyn-240x160x100-00f0w010c011r110f110r010t010.jpg\"\/>\n                        <\/a>\n                                                        <\/div>\n            <\/div>\n                        <h4>\n                <a class='ngg-album-desc' title='Czech outdoor championship MIX 2019'\n                       href='https:\/\/fujultimate.cz\/en\/sezona-2018-19\/nggallery\/2019\/mcr-mix-2019-3'style=\"max-width: 260px\">Czech outdoor championship MIX 2019<\/a>\n            <\/h4>\n            <p class=\"ngg-album-gallery-image-counter\">\n                                    <strong>3<\/strong>&nbsp;Photos                            <\/p>\n        <\/div>\n            <div class=\"ngg-album-compact\">\n            <div class=\"ngg-album-compactbox\">\n                <div class=\"ngg-album-link\">\n                                                                <a title='Kvalifikace HM\u010cR Open &amp; Women 2019'\n                       href='https:\/\/fujultimate.cz\/en\/sezona-2018-19\/nggallery\/2019\/kvalifikace-hmcr-open-women-2019'>\n                            <img class=\"Thumb\"\n                                 alt=\"Kvalifikace HM\u010cR Open &amp; Women 2019\"\n                                 src=\"https:\/\/fujultimate.cz\/wp-content\/gallery\/kvalifikace-hmcr-mix-2018-2019\/cache\/2019-KVALDA-Women.jpeg-nggid03364-ngg0dyn-240x160x100-00f0w010c011r110f110r010t010.jpeg\"\/>\n                        <\/a>\n                                                        <\/div>\n            <\/div>\n                        <h4>\n                <a class='ngg-album-desc' title='Kvalifikace HM\u010cR Open &amp; Women 2019'\n                       href='https:\/\/fujultimate.cz\/en\/sezona-2018-19\/nggallery\/2019\/kvalifikace-hmcr-open-women-2019'style=\"max-width: 260px\">Qualification for the Czech indoor championship Open &amp; Women 2019<\/a>\n            <\/h4>\n            <p class=\"ngg-album-gallery-image-counter\">\n                                    <strong>1<\/strong>&nbsp;Photos                            <\/p>\n        <\/div>\n            <div class=\"ngg-album-compact\">\n            <div class=\"ngg-album-compactbox\">\n                <div class=\"ngg-album-link\">\n                                                                <a title='Czech indoor championship MIX 2019'\n                       href='https:\/\/fujultimate.cz\/en\/sezona-2018-19\/nggallery\/2019\/hmcr-mix-2019'>\n                            <img class=\"Thumb\"\n                                 alt=\"HM\u010cR MIX 2019\"\n                                 src=\"https:\/\/fujultimate.cz\/wp-content\/gallery\/hmcr-mix-2019\/cache\/201901-HMCR.jpg-nggid03434-ngg0dyn-240x160x100-00f0w010c011r110f110r010t010.jpg\"\/>\n                        <\/a>\n                                                        <\/div>\n            <\/div>\n                        <h4>\n                <a class='ngg-album-desc' title='Czech indoor championship MIX 2019'\n                       href='https:\/\/fujultimate.cz\/en\/sezona-2018-19\/nggallery\/2019\/hmcr-mix-2019'style=\"max-width: 260px\">Czech indoor championship MIX 2019<\/a>\n            <\/h4>\n            <p class=\"ngg-album-gallery-image-counter\">\n                                    <strong>1<\/strong>&nbsp;Photos                            <\/p>\n        <\/div>\n            <div class=\"ngg-album-compact\">\n            <div class=\"ngg-album-compactbox\">\n                <div class=\"ngg-album-link\">\n                                                                <a title='1st hall 2018\/19'\n                       href='https:\/\/fujultimate.cz\/en\/sezona-2018-19\/nggallery\/2019\/1-hala-2018-19'>\n                            <img class=\"Thumb\"\n                                 alt=\"1. hala 2018\/19\"\n                                 src=\"https:\/\/fujultimate.cz\/wp-content\/gallery\/1-hala-2018\/cache\/1.HALA_2018-2.jpg-nggid03350-ngg0dyn-240x160x100-00f0w010c011r110f110r010t010.jpg\"\/>\n                        <\/a>\n                                                        <\/div>\n            <\/div>\n                        <h4>\n                <a class='ngg-album-desc' title='1st hall 2018\/19'\n                       href='https:\/\/fujultimate.cz\/en\/sezona-2018-19\/nggallery\/2019\/1-hala-2018-19'style=\"max-width: 260px\">1st hall 2018\/19<\/a>\n            <\/h4>\n            <p class=\"ngg-album-gallery-image-counter\">\n                                    <strong>2<\/strong>&nbsp;Photos                            <\/p>\n        <\/div>\n        <br class=\"ngg-clear\"\/>\n    <div class='ngg-clear'><\/div><\/div>\n\n\n\n\n<figure class=\"wp-block-embed-youtube wp-block-embed is-type-video is-provider-youtube wp-embed-aspect-16-9 wp-has-aspect-ratio\"><div class=\"wp-block-embed__wrapper\">\n<iframe loading=\"lazy\" title=\"2019 EUCF - FUJ (CZE) vs Mooncatchers (BEL) - Men Pre-Quarter\" width=\"525\" height=\"295\" src=\"https:\/\/www.youtube.com\/embed\/KzI36Gs-w94?feature=oembed\" frameborder=\"0\" allow=\"accelerometer; autoplay; clipboard-write; encrypted-media; gyroscope; picture-in-picture; web-share\" referrerpolicy=\"strict-origin-when-cross-origin\" allowfullscreen><\/iframe>\n<\/div><\/figure>\n\n\n\n<figure class=\"wp-block-embed-youtube wp-block-embed is-type-video is-provider-youtube wp-embed-aspect-16-9 wp-has-aspect-ratio\"><div class=\"wp-block-embed__wrapper\">\n<iframe loading=\"lazy\" title=\"M\u010cR O\/W \u010cB\" width=\"525\" height=\"295\" src=\"https:\/\/www.youtube.com\/embed\/h3GksTPQz7Y?feature=oembed\" frameborder=\"0\" allow=\"accelerometer; autoplay; clipboard-write; encrypted-media; gyroscope; picture-in-picture; web-share\" referrerpolicy=\"strict-origin-when-cross-origin\" allowfullscreen><\/iframe>\n<\/div><\/figure>\n\n\n\n<figure class=\"wp-block-embed-youtube wp-block-embed is-type-video is-provider-youtube wp-embed-aspect-16-9 wp-has-aspect-ratio\"><div class=\"wp-block-embed__wrapper\">\n<iframe loading=\"lazy\" title=\"M\u010cR O\/W \u010cB\" width=\"525\" height=\"295\" src=\"https:\/\/www.youtube.com\/embed\/2dp6zRrOpsY?feature=oembed\" frameborder=\"0\" allow=\"accelerometer; autoplay; clipboard-write; encrypted-media; gyroscope; picture-in-picture; web-share\" referrerpolicy=\"strict-origin-when-cross-origin\" allowfullscreen><\/iframe>\n<\/div><\/figure>","protected":false},"excerpt":{"rendered":"<p>D\u011bkujeme Kl\u00e1\u0159e Lipertov\u00e9 za poskytnut\u00ed jej\u00edch fotografi\u00ed.<\/p>","protected":false},"author":1,"featured_media":0,"parent":0,"menu_order":0,"comment_status":"closed","ping_status":"closed","template":"","meta":{"ngg_post_thumbnail":0,"footnotes":""},"class_list":["post-1091","page","type-page","status-publish","hentry"],"_links":{"self":[{"href":"https:\/\/fujultimate.cz\/en\/wp-json\/wp\/v2\/pages\/1091","targetHints":{"allow":["GET"]}}],"collection":[{"href":"https:\/\/fujultimate.cz\/en\/wp-json\/wp\/v2\/pages"}],"about":[{"href":"https:\/\/fujultimate.cz\/en\/wp-json\/wp\/v2\/types\/page"}],"author":[{"embeddable":true,"href":"https:\/\/fujultimate.cz\/en\/wp-json\/wp\/v2\/users\/1"}],"replies":[{"embeddable":true,"href":"https:\/\/fujultimate.cz\/en\/wp-json\/wp\/v2\/comments?post=1091"}],"version-history":[{"count":2,"href":"https:\/\/fujultimate.cz\/en\/wp-json\/wp\/v2\/pages\/1091\/revisions"}],"predecessor-version":[{"id":1111,"href":"https:\/\/fujultimate.cz\/en\/wp-json\/wp\/v2\/pages\/1091\/revisions\/1111"}],"wp:attachment":[{"href":"https:\/\/fujultimate.cz\/en\/wp-json\/wp\/v2\/media?parent=1091"}],"curies":[{"name":"wp","href":"https:\/\/api.w.org\/{rel}","templated":true}]}}