{"id":1087,"date":"2020-05-04T15:40:00","date_gmt":"2020-05-04T13:40:00","guid":{"rendered":"http:\/\/fujultimate.cz\/?page_id=1087"},"modified":"2020-09-22T21:56:00","modified_gmt":"2020-09-22T19:56:00","slug":"sezona-2019-20","status":"publish","type":"page","link":"https:\/\/fujultimate.cz\/en\/sezona-2019-20\/","title":{"rendered":"Season 2019\/20"},"content":{"rendered":"<p class=\"has-small-font-size\">Thanks to <a rel=\"noreferrer noopener\" href=\"https:\/\/klaralipertova.wixsite.com\/photography\" target=\"_blank\">Kl\u00e1\u0159e Lipertov\u00e9<\/a> for providing her photos.<br>Thanks to <a rel=\"noreferrer noopener\" href=\"https:\/\/www.facebook.com\/media\/set\/?vanity=zawieruchawarszawa&amp;set=a.3401904999875598\" target=\"_blank\">Wojtek Holnicki<\/a> for providing his photos.<br>Thanks to <a rel=\"noreferrer noopener\" href=\"http:\/\/www.michalfanta.cz\" target=\"_blank\">Michal Fanta<\/a> for providing his photos.<br>Thanks to <a href=\"https:\/\/www.instagram.com\/emkosphotos\/\" target=\"_blank\" rel=\"noreferrer noopener\">Mark\u00e9t &#8211; Emkosphotos<\/a> for providing her photos.<\/p>\n\n\n\n<div class=\"ngg-albumoverview default-view\">\n            <div class=\"ngg-album-compact\">\n            <div class=\"ngg-album-compactbox\">\n                <div class=\"ngg-album-link\">\n                                                                <a title='Teambuilding 2020'\n                       href='https:\/\/fujultimate.cz\/en\/sezona-2019-20\/nggallery\/fuj\/tmeleni-seleska-2020'>\n                            <img class=\"Thumb\"\n                                 alt=\"Tmelen\u00ed Sele\u0161ka 2020\"\n                                 src=\"https:\/\/fujultimate.cz\/wp-content\/gallery\/seleska\/cache\/IMG_20200229_123351-scaled.jpg-nggid0224-ngg0dyn-240x160x100-00f0w010c011r110f110r010t010.jpg\"\/>\n                        <\/a>\n                                                        <\/div>\n            <\/div>\n                        <h4>\n                <a class='ngg-album-desc' title='Teambuilding 2020'\n                       href='https:\/\/fujultimate.cz\/en\/sezona-2019-20\/nggallery\/fuj\/tmeleni-seleska-2020'style=\"max-width: 260px\">Teambuilding 2020<\/a>\n            <\/h4>\n            <p class=\"ngg-album-gallery-image-counter\">\n                                    <strong>22<\/strong>&nbsp;Photos                            <\/p>\n        <\/div>\n            <div class=\"ngg-album-compact\">\n            <div class=\"ngg-album-compactbox\">\n                <div class=\"ngg-album-link\">\n                                                                <a title='HM\u010cR Open &amp; Women 2020'\n                       href='https:\/\/fujultimate.cz\/en\/sezona-2019-20\/nggallery\/fuj\/hmcr-open-women-2020'>\n                            <img class=\"Thumb\"\n                                 alt=\"HM\u010cR Open &amp; Women 2020\"\n                                 src=\"https:\/\/fujultimate.cz\/wp-content\/gallery\/hmcr-open-women\/cache\/img_8939_49605873876_o.jpg-nggid0267-ngg0dyn-240x160x100-00f0w010c011r110f110r010t010.jpg\"\/>\n                        <\/a>\n                                                        <\/div>\n            <\/div>\n                        <h4>\n                <a class='ngg-album-desc' title='HM\u010cR Open &amp; Women 2020'\n                       href='https:\/\/fujultimate.cz\/en\/sezona-2019-20\/nggallery\/fuj\/hmcr-open-women-2020'style=\"max-width: 260px\">Czech indoor championship Open &amp; Women 2020<\/a>\n            <\/h4>\n            <p class=\"ngg-album-gallery-image-counter\">\n                                    <strong>23<\/strong>&nbsp;Photos                            <\/p>\n        <\/div>\n            <div class=\"ngg-album-compact\">\n            <div class=\"ngg-album-compactbox\">\n                <div class=\"ngg-album-link\">\n                                                                <a title='Kvalifikace HM\u010cR Open &amp; Women 2020'\n                       href='https:\/\/fujultimate.cz\/en\/sezona-2019-20\/nggallery\/fuj\/kvalifikace-hmcr-open-women-2020'>\n                            <img class=\"Thumb\"\n                                 alt=\"Kvalifikace HM\u010cR Open &amp; Women 2020\"\n                                 src=\"https:\/\/fujultimate.cz\/wp-content\/gallery\/kvalifikace-hmcr-open-2020\/cache\/202002-HMCR-w-kvalifikace.jpg-nggid03195-ngg0dyn-240x160x100-00f0w010c011r110f110r010t010.jpg\"\/>\n                        <\/a>\n                                                        <\/div>\n            <\/div>\n                        <h4>\n                <a class='ngg-album-desc' title='Kvalifikace HM\u010cR Open &amp; Women 2020'\n                       href='https:\/\/fujultimate.cz\/en\/sezona-2019-20\/nggallery\/fuj\/kvalifikace-hmcr-open-women-2020'style=\"max-width: 260px\">Qualification for the Czech indoor championship Open &amp; Women 2020<\/a>\n            <\/h4>\n            <p class=\"ngg-album-gallery-image-counter\">\n                                    <strong>2<\/strong>&nbsp;Photos                            <\/p>\n        <\/div>\n            <div class=\"ngg-album-compact\">\n            <div class=\"ngg-album-compactbox\">\n                <div class=\"ngg-album-link\">\n                                                                <a title='Czech indoor championship MIX 2020'\n                       href='https:\/\/fujultimate.cz\/en\/sezona-2019-20\/nggallery\/fuj\/hmcr-mix-2020'>\n                            <img class=\"Thumb\"\n                                 alt=\"HM\u010cR MIX 2020\"\n                                 src=\"https:\/\/fujultimate.cz\/wp-content\/gallery\/hmcr-mix\/cache\/05.jpg-nggid0269-ngg0dyn-240x160x100-00f0w010c011r110f110r010t010.jpg\"\/>\n                        <\/a>\n                                                        <\/div>\n            <\/div>\n                        <h4>\n                <a class='ngg-album-desc' title='Czech indoor championship MIX 2020'\n                       href='https:\/\/fujultimate.cz\/en\/sezona-2019-20\/nggallery\/fuj\/hmcr-mix-2020'style=\"max-width: 260px\">Czech indoor championship MIX 2020<\/a>\n            <\/h4>\n            <p class=\"ngg-album-gallery-image-counter\">\n                                    <strong>1<\/strong>&nbsp;Photos                            <\/p>\n        <\/div>\n            <div class=\"ngg-album-compact\">\n            <div class=\"ngg-album-compactbox\">\n                <div class=\"ngg-album-link\">\n                                                                <a title='Qualification for the Czech indoor championship MIX 2020'\n                       href='https:\/\/fujultimate.cz\/en\/sezona-2019-20\/nggallery\/fuj\/kvalifikace-hmcr-mix-2019-2020'>\n                            <img class=\"Thumb\"\n                                 alt=\"Kvalifikace HM\u010cR MIX 2019\/2020\"\n                                 src=\"https:\/\/fujultimate.cz\/wp-content\/gallery\/kvalifikace-hmcr-mix\/cache\/201912-HMCR-mix-kvalifikace-Praha-A-i-B.JPG-nggid03196-ngg0dyn-240x160x100-00f0w010c011r110f110r010t010.JPG\"\/>\n                        <\/a>\n                                                        <\/div>\n            <\/div>\n                        <h4>\n                <a class='ngg-album-desc' title='Qualification for the Czech indoor championship MIX 2020'\n                       href='https:\/\/fujultimate.cz\/en\/sezona-2019-20\/nggallery\/fuj\/kvalifikace-hmcr-mix-2019-2020'style=\"max-width: 260px\">Qualification for the Czech indoor championship MIX 2020<\/a>\n            <\/h4>\n            <p class=\"ngg-album-gallery-image-counter\">\n                                    <strong>1<\/strong>&nbsp;Photos                            <\/p>\n        <\/div>\n            <div class=\"ngg-album-compact\">\n            <div class=\"ngg-album-compactbox\">\n                <div class=\"ngg-album-link\">\n                                                                <a title='Junior indoor Championship of the Czech Republic 2019'\n                       href='https:\/\/fujultimate.cz\/en\/sezona-2019-20\/nggallery\/fuj\/jhmcr-mix-2019-2020'>\n                            <img class=\"Thumb\"\n                                 alt=\"JHM\u010cR MIX 2019\/2020\"\n                                 src=\"https:\/\/fujultimate.cz\/wp-content\/gallery\/jhmcr-mix-2019-2020\/cache\/2019_JHMCR.jpg-nggid03430-ngg0dyn-240x160x100-00f0w010c011r110f110r010t010.jpg\"\/>\n                        <\/a>\n                                                        <\/div>\n            <\/div>\n                        <h4>\n                <a class='ngg-album-desc' title='Junior indoor Championship of the Czech Republic 2019'\n                       href='https:\/\/fujultimate.cz\/en\/sezona-2019-20\/nggallery\/fuj\/jhmcr-mix-2019-2020'style=\"max-width: 260px\">Junior indoor Championship of the Czech Republic 2019<\/a>\n            <\/h4>\n            <p class=\"ngg-album-gallery-image-counter\">\n                                    <strong>1<\/strong>&nbsp;Photos                            <\/p>\n        <\/div>\n            <div class=\"ngg-album-compact\">\n            <div class=\"ngg-album-compactbox\">\n                <div class=\"ngg-album-link\">\n                                                                <a title='1st hall 2019\/20'\n                       href='https:\/\/fujultimate.cz\/en\/sezona-2019-20\/nggallery\/fuj\/1-hala-2019-20'>\n                            <img class=\"Thumb\"\n                                 alt=\"1. hala 2019\/20\"\n                                 src=\"https:\/\/fujultimate.cz\/wp-content\/gallery\/prvni-pd-hala-2019\/cache\/201911-Prvni-hala-pd-hala-1..JPG-nggid03197-ngg0dyn-240x160x100-00f0w010c011r110f110r010t010.JPG\"\/>\n                        <\/a>\n                                                        <\/div>\n            <\/div>\n                        <h4>\n                <a class='ngg-album-desc' title='1st hall 2019\/20'\n                       href='https:\/\/fujultimate.cz\/en\/sezona-2019-20\/nggallery\/fuj\/1-hala-2019-20'style=\"max-width: 260px\">1st hall 2019\/20<\/a>\n            <\/h4>\n            <p class=\"ngg-album-gallery-image-counter\">\n                                    <strong>1<\/strong>&nbsp;Photos                            <\/p>\n        <\/div>\n            <div class=\"ngg-album-compact\">\n            <div class=\"ngg-album-compactbox\">\n                <div class=\"ngg-album-link\">\n                                                                <a title='Friendly matches 2020'\n                       href='https:\/\/fujultimate.cz\/en\/sezona-2019-20\/nggallery\/fuj\/pratelaky-jaro-2020'>\n                            <img class=\"Thumb\"\n                                 alt=\"P\u0159\u00e1tel\u00e1ky jaro 2020\"\n                                 src=\"https:\/\/fujultimate.cz\/wp-content\/gallery\/pratelaky-jaro-2020\/cache\/DSC00295.JPG-nggid03442-ngg0dyn-240x160x100-00f0w010c011r110f110r010t010.JPG\"\/>\n                        <\/a>\n                                                        <\/div>\n            <\/div>\n                        <h4>\n                <a class='ngg-album-desc' title='Friendly matches 2020'\n                       href='https:\/\/fujultimate.cz\/en\/sezona-2019-20\/nggallery\/fuj\/pratelaky-jaro-2020'style=\"max-width: 260px\">Friendly matches 2020<\/a>\n            <\/h4>\n            <p class=\"ngg-album-gallery-image-counter\">\n                                    <strong>2<\/strong>&nbsp;Photos                            <\/p>\n        <\/div>\n            <div class=\"ngg-album-compact\">\n            <div class=\"ngg-album-compactbox\">\n                <div class=\"ngg-album-link\">\n                                                                <a title='AtruCup 2020'\n                       href='https:\/\/fujultimate.cz\/en\/sezona-2019-20\/nggallery\/fuj\/atrucup-2020'>\n                            <img class=\"Thumb\"\n                                 alt=\"AtruCup 2020\"\n                                 src=\"https:\/\/fujultimate.cz\/wp-content\/gallery\/atrucup-2020\/cache\/107902200_2550950571825562_5094468346420930845_n.jpg-nggid03444-ngg0dyn-240x160x100-00f0w010c011r110f110r010t010.jpg\"\/>\n                        <\/a>\n                                                        <\/div>\n            <\/div>\n                        <h4>\n                <a class='ngg-album-desc' title='AtruCup 2020'\n                       href='https:\/\/fujultimate.cz\/en\/sezona-2019-20\/nggallery\/fuj\/atrucup-2020'style=\"max-width: 260px\">AtruCup 2020<\/a>\n            <\/h4>\n            <p class=\"ngg-album-gallery-image-counter\">\n                                    <strong>1<\/strong>&nbsp;Photos                            <\/p>\n        <\/div>\n            <div class=\"ngg-album-compact\">\n            <div class=\"ngg-album-compactbox\">\n                <div class=\"ngg-album-link\">\n                                                                <a title='Czech beach championship MIX 2020'\n                       href='https:\/\/fujultimate.cz\/en\/sezona-2019-20\/nggallery\/fuj\/mcr-beach-mix-2020'>\n                            <img class=\"Thumb\"\n                                 alt=\"M\u010cR Beach MIX 2020\"\n                                 src=\"https:\/\/fujultimate.cz\/wp-content\/gallery\/mcr-beach-mix-2020\/cache\/IMG_5613.jpeg-nggid03449-ngg0dyn-240x160x100-00f0w010c011r110f110r010t010.jpeg\"\/>\n                        <\/a>\n                                                        <\/div>\n            <\/div>\n                        <h4>\n                <a class='ngg-album-desc' title='Czech beach championship MIX 2020'\n                       href='https:\/\/fujultimate.cz\/en\/sezona-2019-20\/nggallery\/fuj\/mcr-beach-mix-2020'style=\"max-width: 260px\">Czech beach championship MIX 2020<\/a>\n            <\/h4>\n            <p class=\"ngg-album-gallery-image-counter\">\n                                    <strong>3<\/strong>&nbsp;Photos                            <\/p>\n        <\/div>\n            <div class=\"ngg-album-compact\">\n            <div class=\"ngg-album-compactbox\">\n                <div class=\"ngg-album-link\">\n                                                                <a title='TOP CAT 2020'\n                       href='https:\/\/fujultimate.cz\/en\/sezona-2019-20\/nggallery\/fuj\/top-cat-2020'>\n                            <img class=\"Thumb\"\n                                 alt=\"TOP CAT 2020\"\n                                 src=\"https:\/\/fujultimate.cz\/wp-content\/gallery\/top-cat-2020\/cache\/06.jpg-nggid03457-ngg0dyn-240x160x100-00f0w010c011r110f110r010t010.jpg\"\/>\n                        <\/a>\n                                                        <\/div>\n            <\/div>\n                        <h4>\n                <a class='ngg-album-desc' title='TOP CAT 2020'\n                       href='https:\/\/fujultimate.cz\/en\/sezona-2019-20\/nggallery\/fuj\/top-cat-2020'style=\"max-width: 260px\">TOP CAT 2020<\/a>\n            <\/h4>\n            <p class=\"ngg-album-gallery-image-counter\">\n                                    <strong>23<\/strong>&nbsp;Photos                            <\/p>\n        <\/div>\n            <div class=\"ngg-album-compact\">\n            <div class=\"ngg-album-compactbox\">\n                <div class=\"ngg-album-link\">\n                                                                <a title='Kvalifikace M\u010cR O&amp;W 2020'\n                       href='https:\/\/fujultimate.cz\/en\/sezona-2019-20\/nggallery\/fuj\/kvalifikace-mcr-ow-2020'>\n                            <img class=\"Thumb\"\n                                 alt=\"Kvalifikace M\u010cR O&amp;W 2020\"\n                                 src=\"https:\/\/fujultimate.cz\/wp-content\/gallery\/kvalifikace-mcr-ow-2020\/cache\/06.jpg-nggid03615-ngg0dyn-240x160x100-00f0w010c011r110f110r010t010.jpg\"\/>\n                        <\/a>\n                                                        <\/div>\n            <\/div>\n                        <h4>\n                <a class='ngg-album-desc' title='Kvalifikace M\u010cR O&amp;W 2020'\n                       href='https:\/\/fujultimate.cz\/en\/sezona-2019-20\/nggallery\/fuj\/kvalifikace-mcr-ow-2020'style=\"max-width: 260px\">Kvalifikace M\u010cR O&amp;W 2020<\/a>\n            <\/h4>\n            <p class=\"ngg-album-gallery-image-counter\">\n                                    <strong>6<\/strong>&nbsp;Photos                            <\/p>\n        <\/div>\n            <div class=\"ngg-album-compact\">\n            <div class=\"ngg-album-compactbox\">\n                <div class=\"ngg-album-link\">\n                                                                <a title='M\u010cR Open &amp; Women 2020'\n                       href='https:\/\/fujultimate.cz\/en\/sezona-2019-20\/nggallery\/fuj\/mcr-open-women-2020'>\n                            <img class=\"Thumb\"\n                                 alt=\"M\u010cR Open &amp; Women 2020\"\n                                 src=\"https:\/\/fujultimate.cz\/wp-content\/gallery\/mcr-open-women-2020\/cache\/IMG_0104.jpg-nggid03542-ngg0dyn-240x160x100-00f0w010c011r110f110r010t010.jpg\"\/>\n                        <\/a>\n                                                        <\/div>\n            <\/div>\n                        <h4>\n                <a class='ngg-album-desc' title='M\u010cR Open &amp; Women 2020'\n                       href='https:\/\/fujultimate.cz\/en\/sezona-2019-20\/nggallery\/fuj\/mcr-open-women-2020'style=\"max-width: 260px\">Czech outdoor championship Open &amp; Women 2020<\/a>\n            <\/h4>\n            <p class=\"ngg-album-gallery-image-counter\">\n                                    <strong>55<\/strong>&nbsp;Photos                            <\/p>\n        <\/div>\n            <div class=\"ngg-album-compact\">\n            <div class=\"ngg-album-compactbox\">\n                <div class=\"ngg-album-link\">\n                                                                <a title='Kvalifikace M\u010cR MIX 2020'\n                       href='https:\/\/fujultimate.cz\/en\/sezona-2019-20\/nggallery\/fuj\/kvalifikace-mcr-mix-2020'>\n                            <img class=\"Thumb\"\n                                 alt=\"Kvalifikace M\u010cR MIX 2020\"\n                                 src=\"https:\/\/fujultimate.cz\/wp-content\/gallery\/kvalifikace-mcr-mix-2020\/cache\/IMG_4072.JPG-nggid03608-ngg0dyn-240x160x100-00f0w010c011r110f110r010t010.JPG\"\/>\n                        <\/a>\n                                                        <\/div>\n            <\/div>\n                        <h4>\n                <a class='ngg-album-desc' title='Kvalifikace M\u010cR MIX 2020'\n                       href='https:\/\/fujultimate.cz\/en\/sezona-2019-20\/nggallery\/fuj\/kvalifikace-mcr-mix-2020'style=\"max-width: 260px\">Kvalifikace M\u010cR MIX 2020<\/a>\n            <\/h4>\n            <p class=\"ngg-album-gallery-image-counter\">\n                                    <strong>65<\/strong>&nbsp;Photos                            <\/p>\n        <\/div>\n        <br class=\"ngg-clear\"\/>\n    <div class='ngg-clear'><\/div><\/div>\n\n\n\n\n<p>TOP CAT 2020 by ZWR &#8211; live stream final Sunday: FUJ &#8211; FLOW WROC\u0141AW<br><a href=\"https:\/\/youtu.be\/q2j-0Mg-UW4?t=25958\">h<\/a><a href=\"https:\/\/youtu.be\/q2j-0Mg-UW4?t=25958\" target=\"_blank\" rel=\"noreferrer noopener\">ttps:\/\/youtu.be\/q2j-0Mg-UW4?t=25958<\/a><\/p>","protected":false},"excerpt":{"rendered":"<p>D\u011bkujeme Kl\u00e1\u0159e Lipertov\u00e9 za poskytnut\u00ed jej\u00edch fotografi\u00ed.D\u011bkujeme Wojtek Holnicki za poskytnut\u00ed jeho fotografi\u00ed.D\u011bkujeme Michal Fanta za poskytnut\u00ed jeho fotografi\u00ed.D\u011bkujeme Mark\u00e9t &#8211; Emkosphotos za poskytnut\u00ed jej\u00edch fotografi\u00ed. TOP CAT 2020 by ZWR &#8211; live stream final Sunday: FUJ &#8211; FLOW WROC\u0141AWhttps:\/\/youtu.be\/q2j-0Mg-UW4?t=25958<\/p>","protected":false},"author":1,"featured_media":0,"parent":0,"menu_order":0,"comment_status":"closed","ping_status":"closed","template":"","meta":{"ngg_post_thumbnail":0,"footnotes":""},"class_list":["post-1087","page","type-page","status-publish","hentry"],"_links":{"self":[{"href":"https:\/\/fujultimate.cz\/en\/wp-json\/wp\/v2\/pages\/1087","targetHints":{"allow":["GET"]}}],"collection":[{"href":"https:\/\/fujultimate.cz\/en\/wp-json\/wp\/v2\/pages"}],"about":[{"href":"https:\/\/fujultimate.cz\/en\/wp-json\/wp\/v2\/types\/page"}],"author":[{"embeddable":true,"href":"https:\/\/fujultimate.cz\/en\/wp-json\/wp\/v2\/users\/1"}],"replies":[{"embeddable":true,"href":"https:\/\/fujultimate.cz\/en\/wp-json\/wp\/v2\/comments?post=1087"}],"version-history":[{"count":10,"href":"https:\/\/fujultimate.cz\/en\/wp-json\/wp\/v2\/pages\/1087\/revisions"}],"predecessor-version":[{"id":1489,"href":"https:\/\/fujultimate.cz\/en\/wp-json\/wp\/v2\/pages\/1087\/revisions\/1489"}],"wp:attachment":[{"href":"https:\/\/fujultimate.cz\/en\/wp-json\/wp\/v2\/media?parent=1087"}],"curies":[{"name":"wp","href":"https:\/\/api.w.org\/{rel}","templated":true}]}}